{"id":1457,"date":"2024-09-17T07:02:23","date_gmt":"2024-09-17T07:02:23","guid":{"rendered":"https:\/\/vinachemistry.com\/?post_type=product&#038;p=1457"},"modified":"2024-09-17T07:02:23","modified_gmt":"2024-09-17T07:02:23","slug":"bt-algoss-24","status":"publish","type":"product","link":"https:\/\/vinachemistry.com\/vi\/product\/bt-algoss-24\/","title":{"rendered":"BT ALGOSS 24"},"content":{"rendered":"<p>Xu\u1ea5t x\u1ee9: Vina Chemistry<br \/>\nQuy c\u00e1ch: 20L\/can, 200L\/phuy<br \/>\nC\u00f4ng d\u1ee5ng: \u0110\u00e1nh b\u00f3ng b\u1ec1 m\u1eb7t kim lo\u1ea1i<\/p>\n","protected":false},"excerpt":{"rendered":"<p>Xu\u1ea5t x\u1ee9: Vina Chemistry Quy c\u00e1ch: 20L\/can, 200L\/phuy C\u00f4ng d\u1ee5ng: \u0110\u00e1nh b\u00f3ng b\u1ec1 m\u1eb7t kim lo\u1ea1i<\/p>\n","protected":false},"featured_media":1458,"comment_status":"open","ping_status":"closed","template":"","meta":[],"product_cat":[47],"product_tag":[],"class_list":{"0":"post-1457","1":"product","2":"type-product","3":"status-publish","4":"has-post-thumbnail","6":"product_cat-hoa-chat-cho-lam-sach-cong-nghiep","8":"first","9":"instock","10":"shipping-taxable","11":"product-type-simple"},"_links":{"self":[{"href":"https:\/\/vinachemistry.com\/vi\/wp-json\/wp\/v2\/product\/1457","targetHints":{"allow":["GET"]}}],"collection":[{"href":"https:\/\/vinachemistry.com\/vi\/wp-json\/wp\/v2\/product"}],"about":[{"href":"https:\/\/vinachemistry.com\/vi\/wp-json\/wp\/v2\/types\/product"}],"replies":[{"embeddable":true,"href":"https:\/\/vinachemistry.com\/vi\/wp-json\/wp\/v2\/comments?post=1457"}],"wp:featuredmedia":[{"embeddable":true,"href":"https:\/\/vinachemistry.com\/vi\/wp-json\/wp\/v2\/media\/1458"}],"wp:attachment":[{"href":"https:\/\/vinachemistry.com\/vi\/wp-json\/wp\/v2\/media?parent=1457"}],"wp:term":[{"taxonomy":"product_cat","embeddable":true,"href":"https:\/\/vinachemistry.com\/vi\/wp-json\/wp\/v2\/product_cat?post=1457"},{"taxonomy":"product_tag","embeddable":true,"href":"https:\/\/vinachemistry.com\/vi\/wp-json\/wp\/v2\/product_tag?post=1457"}],"curies":[{"name":"wp","href":"https:\/\/api.w.org\/{rel}","templated":true}]}}