{"id":1400,"date":"2024-02-26T16:17:34","date_gmt":"2024-02-26T16:17:34","guid":{"rendered":"https:\/\/nbtchemical.com\/?post_type=product&#038;p=1400"},"modified":"2024-02-26T16:17:34","modified_gmt":"2024-02-26T16:17:34","slug":"che-pham-tay-son-tren-nen-nhom-ni-181l","status":"publish","type":"product","link":"https:\/\/vinachemistry.com\/vi\/product\/che-pham-tay-son-tren-nen-nhom-ni-181l\/","title":{"rendered":"Ch\u1ebf ph\u1ea9m t\u1ea9y s\u01a1n tr\u00ean n\u1ec1n nh\u00f4m NI-181L"},"content":{"rendered":"<p>M\u00e3 s\u1ea3n ph\u1ea9m: <strong>NI-181L<\/strong><\/p>\n<p>Xu\u1ea5t x\u1ee9: <strong>Vi\u1ec7t Nam<\/strong><\/p>\n<p>Ch\u1ebf ph\u1ea9m t\u1ea9y s\u01a1n NI-181L l\u00e0 h\u1ed7n h\u1ee3p dung m\u00f4i h\u1eefu c\u01a1, v\u1edbi c\u00f4ng th\u1ee9c \u0111\u1eb7c bi\u1ec7t kh\u00f4ng g\u00e2y \u0103n m\u00f2n kim lo\u1ea1i, kh\u00f4ng g\u00e2y bi\u1ebfn t\u00ednh b\u1ec1 m\u1eb7t, th\u00edch h\u1ee3p t\u1ea9y s\u01a1n tr\u00ean b\u1ec1 m\u1eb7t nh\u00f4m v\u00e0 kim lo\u1ea1i m\u00e0u. S\u1ea3n ph\u1ea9m th\u00e2n thi\u1ec7n v\u1edbi ng\u01b0\u1eddi d\u00f9ng, th\u1eddi gian t\u1ea9y ng\u1eafn, hi\u1ec7u qu\u1ea3 kinh t\u1ebf cao.<\/p>\n<p><strong>\u0110\u1eb7c t\u00ednh l\u00fd h\u00f3a c\u1ee7a ch\u1ebf ph\u1ea9m t\u1ea9y s\u01a1n tr\u00ean n\u1ec1n nh\u00f4m NI -181L<\/strong><br \/>\nNgo\u1ea1i quan: Dung d\u1ecbch kh\u00f4ng m\u00e0u, ph\u00e2n l\u1edbp<\/p>\n<p>pH: 3-4<\/p>\n<p>M\u00f9i: M\u00f9i dung m\u1ed7i h\u1eefu c\u01a1<\/p>\n<p>\u0110\u1ed9 tan trong n\u01b0\u1edbc: Kh\u00f4ng tan trong n\u01b0\u1edbc<\/p>\n<p><strong>Quy tr\u00ecnh c\u00f4ng ngh\u1ec7<\/strong><br \/>\nT\u1ea9y s\u01a1n NI-181L \u2192 R\u1eeda n\u01b0\u1edbc \u2192 R\u1eeda n\u01b0\u1edbc<\/p>\n<p><strong>Pha ch\u1ebf ch\u1ebf ph\u1ea9m t\u1ea9y s\u01a1n tr\u00ean n\u1ec1n nh\u00f4m th\u1ebf n\u00e0o cho \u0111\u00fang c\u00e1ch?<\/strong><br \/>\n&#8211; V\u1eadt li\u1ec7u b\u1ec3 ch\u1ee9a HDPE, PP, PE (khuy\u1ebfn kh\u00edch c\u00f3 di\u1ec7n t\u00edch tho\u00e1ng b\u1ec1 m\u1eb7t h\u1ed3 nh\u1ecf nh\u1ea5t, v\u00e0 c\u00f3 n\u1eafp \u0111\u1eady)<br \/>\n&#8211; Pha theo t\u1ef7 l\u1ec7 (w\/w): d\u00f9ng nguy\u00ean ch\u1ea5t<\/p>\n<p><strong>C\u00e1ch s\u1eed d\u1ee5ng ch\u1ebf ph\u1ea9m t\u1ea9y s\u01a1n tr\u00ean n\u1ec1n nh\u00f4m NI -181L<\/strong><br \/>\n&#8211; Nh\u00fang tr\u1ef1c ti\u1ebfp s\u1ea3n ph\u1ea9m c\u1ea7n t\u1ea9y v\u00e0o b\u1ec3 ch\u1ee9a NI-181L, sau \u0111\u00f3 \u0111\u1eady n\u1eafp b\u1ec3 ch\u1ee9a \u0111\u1ec3 tr\u00e1nh dung m\u00f4i bay h\u01a1i<br \/>\n&#8211; Th\u1eddi gian: 10-80p, t\u00f9y theo th\u1ef1c t\u1ebf c\u00f3 th\u1eddi gian kh\u00e1c nhau, ph\u1ee5 thu\u1ed9c v\u00e0o lo\u1ea1i s\u01a1n, \u0111\u1ed9 d\u00e0y c\u1ee7a m\u00e0ng s\u01a1n, \u0111\u1ed9 nh\u00e1m c\u1ee7a b\u1ec1 m\u1eb7t kim lo\u1ea1i, qu\u00e1 tr\u00ecnh ti\u1ec1n x\u1eed l\u00fd b\u1ec1 m\u1eb7t kim lo\u1ea1i tr\u01b0\u1edbc khi s\u01a1n\\<br \/>\n&#8211; Thi tho\u1ea3ng khu\u1ea5y \u0111\u1ec1u dung d\u1ecbch \u0111\u1ec3 t\u0103ng kh\u1ea3 n\u0103ng t\u1ea9y<br \/>\n&#8211; Khi th\u1ea5y s\u01a1n bong, r\u1ed9p to\u00e0n di\u1ec7n th\u00ec cho s\u1ea3n ph\u1ea9m t\u1ea9y ra, r\u1eeda s\u1ea1ch l\u1ea1i b\u1eb1ng n\u01b0\u1edbc<br \/>\n&#8211; Tr\u00e1nh ti\u1ebfp x\u00fac tr\u1ef1c ti\u1ebfp v\u1edbi h\u00f3a ch\u1ea5t, ph\u1ea3i \u0111eo bao tay, d\u00f9ng k\u00ecm g\u1eafp ra<br \/>\n&#8211; C\u00f3 qu\u1ea1t h\u00fat, th\u00f4ng gi\u00f3 t\u1ed1t, b\u1ea3o h\u1ed9 lao \u0111\u1ed9ng \u0111\u1ea7y \u0111\u1ee7<\/p>\n<p><strong>An to\u00e0n s\u1eed d\u1ee5ng, b\u1ea3o qu\u1ea3n, m\u00f4i tr\u01b0\u1eddng, v\u1eadn chuy\u1ec3n<\/strong><br \/>\nCh\u1ebf ph\u1ea9m t\u1ea9y s\u01a1n tr\u00ean n\u1ec1n nh\u00f4m NI-181L l\u00e0 ch\u1ebf ph\u1ea9m t\u1ed5ng h\u1ee3p t\u1eeb nhi\u1ec1u lo\u1ea1i dung m\u00f4i h\u1eefu c\u01a1, d\u1ec5 bay h\u01a1i, c\u00f3 t\u00ednh axit nh\u1eb9. Cho n\u00ean khi s\u1eed d\u1ee5ng ph\u1ea3i tu\u00e2n th\u1ee7 nghi\u00eam ng\u1eaft an to\u00e0n lao \u0111\u1ed9ng<br \/>\nKhu l\u00e0m vi\u1ec7c c\u00f3 qu\u1ea1t h\u00fat, th\u00f4ng tho\u00e1ng<br \/>\nKh\u00f4ng ti\u1ebfp x\u00fac tr\u1ef1c ti\u1ebfp v\u1edbi h\u00f3a ch\u1ea5t, b\u1ea3o h\u1ed9 c\u01a1 th\u1ec3 khi l\u00e0m vi\u1ec7c, \u0111eo gang tay, \u0111i \u1ee7ng, kh\u1ea9u trang ph\u00f2ng \u0111\u1ed9c, k\u0129nh, m\u0169,&#8230;<\/p>\n","protected":false},"excerpt":{"rendered":"<p>M\u00e3 s\u1ea3n ph\u1ea9m: NI-181L Xu\u1ea5t x\u1ee9: Vi\u1ec7t Nam Ch\u1ebf ph\u1ea9m t\u1ea9y s\u01a1n NI-181L l\u00e0 h\u1ed7n h\u1ee3p dung m\u00f4i h\u1eefu c\u01a1, v\u1edbi &#8230;<\/p>\n","protected":false},"featured_media":1401,"comment_status":"open","ping_status":"closed","template":"","meta":[],"product_cat":[47],"product_tag":[],"class_list":{"0":"post-1400","1":"product","2":"type-product","3":"status-publish","4":"has-post-thumbnail","6":"product_cat-hoa-chat-cho-lam-sach-cong-nghiep","8":"first","9":"instock","10":"shipping-taxable","11":"product-type-simple"},"_links":{"self":[{"href":"https:\/\/vinachemistry.com\/vi\/wp-json\/wp\/v2\/product\/1400","targetHints":{"allow":["GET"]}}],"collection":[{"href":"https:\/\/vinachemistry.com\/vi\/wp-json\/wp\/v2\/product"}],"about":[{"href":"https:\/\/vinachemistry.com\/vi\/wp-json\/wp\/v2\/types\/product"}],"replies":[{"embeddable":true,"href":"https:\/\/vinachemistry.com\/vi\/wp-json\/wp\/v2\/comments?post=1400"}],"wp:featuredmedia":[{"embeddable":true,"href":"https:\/\/vinachemistry.com\/vi\/wp-json\/wp\/v2\/media\/1401"}],"wp:attachment":[{"href":"https:\/\/vinachemistry.com\/vi\/wp-json\/wp\/v2\/media?parent=1400"}],"wp:term":[{"taxonomy":"product_cat","embeddable":true,"href":"https:\/\/vinachemistry.com\/vi\/wp-json\/wp\/v2\/product_cat?post=1400"},{"taxonomy":"product_tag","embeddable":true,"href":"https:\/\/vinachemistry.com\/vi\/wp-json\/wp\/v2\/product_tag?post=1400"}],"curies":[{"name":"wp","href":"https:\/\/api.w.org\/{rel}","templated":true}]}}