{"id":1398,"date":"2024-02-26T16:13:34","date_gmt":"2024-02-26T16:13:34","guid":{"rendered":"https:\/\/nbtchemical.com\/?post_type=product&#038;p=1398"},"modified":"2024-02-26T16:13:34","modified_gmt":"2024-02-26T16:13:34","slug":"hoa-chat-tay-dau-inox-cs-204","status":"publish","type":"product","link":"https:\/\/vinachemistry.com\/vi\/product\/hoa-chat-tay-dau-inox-cs-204\/","title":{"rendered":"H\u00f3a ch\u1ea5t t\u1ea9y d\u1ea7u inox CS-204"},"content":{"rendered":"<p>M\u00e3 s\u1ea3n ph\u1ea9m: <strong>CS-204<\/strong><\/p>\n<p>Xu\u1ea5t x\u1ee9: <strong>NBT Chemical<\/strong><\/p>\n<p>H\u00f3a ch\u1ea5t t\u1ea9y d\u1ea7u inox CS-204: L\u00e0 ch\u1ebf ph\u1ea9m t\u1ea9y d\u1ea7u mang t\u00ednh acid cao, d\u00f9ng \u0111\u1ec3 t\u1ea9y s\u1ea1ch d\u1ea7u m\u1ee1 trong quy tr\u00ecnh \u0111i\u1ec7n h\u00f3a inox, gi\u1ea3i quy\u1ebft b\u1ee5i b\u1ea9n, \u0111\u00e1m m\u00e2y, ho\u1eb7c v\u1ebft h\u00e0n. Ho\u1ea1t h\u00f3a b\u1ec1 m\u1eb7t inox tr\u01b0\u1edbc khi \u0111\u00e1nh b\u00f3ng \u0111i\u1ec7n h\u00f3a inox.<\/p>\n<p><strong>\u0110\u1eb7c t\u00ednh l\u00fd h\u00f3a:<\/strong><br \/>\nTr\u1ea1ng th\u00e1i t\u1ed3n t\u1ea1i : Dung d\u1ecbch, nh\u1edbt<br \/>\nM\u00e0u s\u1eafc : M\u00e0u \u0111\u1ee5c, m\u00f9i h\u1eafc nh\u1eb9<br \/>\nT\u00ednh ch\u1ea5t : Mang t\u00ednh acid<\/p>\n<p><strong>Pha ch\u1ebf:<\/strong><br \/>\nPh\u01b0\u01a1ng ph\u00e1p : Ng\u00e2m<br \/>\nH\u00e0m l\u01b0\u1ee3ng (%) : 5<br \/>\nNhi\u1ec7t \u0111\u1ed9 : th\u01b0\u1eddng<br \/>\nTh\u1eddi gian (ph\u00fat) : 3 &#8211; 5<\/p>\n<p><strong>\u1ee8ng d\u1ee5ng c\u1ee7a t\u1ea9y d\u1ea7u inox CS-204:<\/strong><br \/>\n&#8211; D\u00f9ng tr\u01b0\u1edbc \u0111i\u1ec7n h\u00f3a inox, nh\u01b0 m\u1ed9t ch\u1ea5t t\u1ea9y r\u1eeda, t\u1ea9y v\u1ebft h\u00e0n, t\u1ea9y b\u1ee5i b\u1ea9n b\u00e1m tr\u00ean b\u1ec1 m\u1eb7t inox, ho\u1ea1t h\u00f3a qu\u00e1 tr\u00ecnh \u0111i\u1ec7n h\u00f3a inox.<br \/>\n&#8211; D\u00f9ng sau khi \u0111i\u1ec7n h\u00f3a inox, nh\u01b0 m\u1ed9t ch\u1ea5t t\u1ea9y r\u1eeda, t\u1ea9y s\u1ea1ch dung d\u1ecbch \u0111i\u1ec7n h\u00f3a b\u00e1m tr\u00ean b\u1ec1 m\u1eb7t, ho\u1ea1t h\u00f3a s\u00e1ng h\u1ea1n ch\u1ebf \u0111\u00e1m m\u00e2y tr\u00ean b\u1ec1 m\u1eb7t, b\u1ea3o v\u1ec7 v\u00e0 thu\u1ea7n h\u00f3a b\u1ec1 m\u1eb7t inox.<br \/>\nC\u00e1ch ki\u1ec3m tra sau khi t\u1ea9y d\u1ea7u m\u1ee1:<br \/>\nSau qu\u00e1 tr\u00ecnh t\u1ea9y d\u1ea7u m\u1ee1, ta c\u00f3 th\u1ec3 ki\u1ec3m tra \u0111\u1ed9 s\u1ea1ch c\u1ee7a b\u1ec1 m\u1eb7t chi ti\u1ebft b\u1eb1ng c\u00e1ch tia n\u01b0\u1edbc c\u1ea5t l\u00ean b\u1ec1 m\u1eb7t chi ti\u1ebft, n\u1ebfu b\u1ec1 m\u1eb7t th\u1ea5m \u01b0\u1edbt \u0111\u1ec1u 100%, t\u1ee9c l\u00e0 kh\u1eafp b\u1ec1 m\u1eb7t chi ti\u1ebft \u01b0\u1edbt \u0111\u1ec1u, t\u1ea1o th\u00e0nh m\u1ed9t m\u00e0ng m\u1ecfng \u0111\u1ec1u th\u00ec ch\u1ea5t l\u01b0\u1ee3ng t\u1ea9y d\u1ea7u m\u1ee1 nh\u01b0 th\u1ebf l\u00e0 \u0111\u1ea1t.<br \/>\nN\u1ebfu tr\u00ean b\u1ec1 m\u1eb7t chi ti\u1ebft xu\u1ea5t hi\u1ec7n kho\u1ea3ng tr\u1ed1ng kh\u00f4ng th\u1ea5m \u01b0\u1edbt hay \u0111\u1ecdng th\u00e0nh gi\u1ecdt ch\u1ea5t l\u1ecfng \u1edf m\u1ed9t s\u1ed1 v\u1ecb tr\u00ed th\u00ec c\u1ea7n ti\u1ebfn h\u00e0nh t\u1ea9y d\u1ea7u m\u1ee1 l\u1ea1i.<\/p>\n<p><strong>Nh\u1eefng l\u01b0u \u00fd khi s\u1eed d\u1ee5ng h\u00f3a ch\u1ea5t t\u1ea9y d\u1ea7u CS-204<\/strong><br \/>\nH\u00f3a ch\u1ea5t t\u1ea9y d\u1ea7u CS-204 mang t\u00ednh acid t\u00ednh axit. V\u00ec v\u1eady g\u00e2y \u0103n da tay, ph\u1ea3n \u1ee9ng m\u1ea1nh v\u1edbi ki\u1ec1m. Khi s\u1eed d\u1ee5ng ph\u1ea3i tu\u00e2n th\u1ee7 nghi\u00eam ng\u1eb7t v\u1ec1 an to\u00e0n lao \u0111\u1ed9ng, v\u1ec7 sinh m\u00f4i tr\u01b0\u1eddng c\u01a1 s\u1edf. Nh\u01b0 g\u0103ng tay cao su, k\u00ednh, kh\u1ea9u trang, \u1ee7ng, qu\u1ea1t th\u00f4ng gi\u00f3.<br \/>\n&#8211; X\u1eed l\u00fd c\u00e1c tr\u01b0\u1eddng h\u1ee3p tai n\u1ea1n.<br \/>\nTi\u1ebfp x\u00fac v\u00e0o da, tay, qu\u1ea7n \u00e1o : thay qu\u1ea7n \u00e1o ngay, r\u1eeda s\u1ea1ch d\u01b0\u1edbi v\u00f2i n\u01b0\u1edbc 15 ph\u00fat.<br \/>\nTi\u1ebfp x\u00fac qua m\u1eaft: th\u00e1o k\u00ednh \u00e1p tr\u00f2ng, x\u1ea3 nh\u1eb9 n\u01b0\u1edbc s\u1ea1ch 15 ph\u00fat, ngh\u1ec9 ng\u01a1i, c\u1ea7n s\u1ef1 t\u01b0 v\u1ea5n c\u1ee7a B\u00e1c s\u1ef9.<br \/>\nTi\u1ebfp x\u00fac qua \u0111\u01b0\u1eddng h\u00f4 h\u1ea5p : c\u1ea7n ra ch\u1ed7 th\u00f4ng tho\u00e1ng, n\u1ebfu kh\u00f3 th\u1edf, cho th\u1edf kh\u00ed oxy v\u00e0 g\u1eb7p B\u00e1c s\u1ef9.<br \/>\nTi\u1ebfp x\u00fac qua mi\u1ec7ng: u\u1ed1ng nhi\u1ec1u n\u01b0\u1edbc, kh\u00f4ng \u0111\u01b0\u1ee3c cho b\u1ea5t c\u1ee9 v\u1eadt g\u00ec v\u00e0o h\u1ecdng khi b\u1ec7nh nh\u00e2n ng\u1ea5t s\u1ec9u, g\u1eb7p B\u00e1c s\u1ef9.<br \/>\n&#8211; B\u1ea3o qu\u1ea3n v\u00e0 t\u1ed3n kho: B\u1ea3o qu\u1ea3n trong kho tho\u00e1ng m\u00e1t, ghi r\u00f5 nh\u00e3n m\u00e1c bao b\u00ec, theo TCVN. Lu\u00f4n \u0111\u1ec3 k\u00edn can.<\/p>\n","protected":false},"excerpt":{"rendered":"<p>M\u00e3 s\u1ea3n ph\u1ea9m: CS-204 Xu\u1ea5t x\u1ee9: NBT Chemical H\u00f3a ch\u1ea5t t\u1ea9y d\u1ea7u inox CS-204: L\u00e0 ch\u1ebf ph\u1ea9m t\u1ea9y d\u1ea7u mang t\u00ednh &#8230;<\/p>\n","protected":false},"featured_media":1399,"comment_status":"open","ping_status":"closed","template":"","meta":[],"product_cat":[47],"product_tag":[],"class_list":{"0":"post-1398","1":"product","2":"type-product","3":"status-publish","4":"has-post-thumbnail","6":"product_cat-hoa-chat-cho-lam-sach-cong-nghiep","8":"first","9":"instock","10":"shipping-taxable","11":"product-type-simple"},"_links":{"self":[{"href":"https:\/\/vinachemistry.com\/vi\/wp-json\/wp\/v2\/product\/1398","targetHints":{"allow":["GET"]}}],"collection":[{"href":"https:\/\/vinachemistry.com\/vi\/wp-json\/wp\/v2\/product"}],"about":[{"href":"https:\/\/vinachemistry.com\/vi\/wp-json\/wp\/v2\/types\/product"}],"replies":[{"embeddable":true,"href":"https:\/\/vinachemistry.com\/vi\/wp-json\/wp\/v2\/comments?post=1398"}],"wp:featuredmedia":[{"embeddable":true,"href":"https:\/\/vinachemistry.com\/vi\/wp-json\/wp\/v2\/media\/1399"}],"wp:attachment":[{"href":"https:\/\/vinachemistry.com\/vi\/wp-json\/wp\/v2\/media?parent=1398"}],"wp:term":[{"taxonomy":"product_cat","embeddable":true,"href":"https:\/\/vinachemistry.com\/vi\/wp-json\/wp\/v2\/product_cat?post=1398"},{"taxonomy":"product_tag","embeddable":true,"href":"https:\/\/vinachemistry.com\/vi\/wp-json\/wp\/v2\/product_tag?post=1398"}],"curies":[{"name":"wp","href":"https:\/\/api.w.org\/{rel}","templated":true}]}}