{"id":1396,"date":"2024-02-26T16:10:12","date_gmt":"2024-02-26T16:10:12","guid":{"rendered":"https:\/\/nbtchemical.com\/?post_type=product&#038;p=1396"},"modified":"2024-02-26T16:10:31","modified_gmt":"2024-02-26T16:10:31","slug":"hoa-chat-tay-dau-sat-thep-cs-200","status":"publish","type":"product","link":"https:\/\/vinachemistry.com\/vi\/product\/hoa-chat-tay-dau-sat-thep-cs-200\/","title":{"rendered":"H\u00f3a ch\u1ea5t t\u1ea9y d\u1ea7u s\u1eaft th\u00e9p CS-200"},"content":{"rendered":"<p>M\u00e3 s\u1ea3n ph\u1ea9m: <strong>CS-200<\/strong><\/p>\n<p>Xu\u1ea5t x\u1ee9: <strong>NBT Chemical<\/strong><\/p>\n<p>Quy c\u00e1ch: <strong>30 kg\/ can<\/strong><\/p>\n<p>H\u00f3a ch\u1ea5t t\u1ea9y d\u1ea7u s\u1eaft th\u00e9p CS-200: l\u00e0 ch\u1ebf ph\u1ea9m t\u1ea9y d\u1ea7u m\u1ee1 mang t\u00ednh acid v\u1eeba c\u00f3 t\u00e1c d\u1ee5ng t\u1ea9y d\u1ea7u v\u1eeba c\u00f3 t\u00e1c d\u1ee5ng t\u1ea9y g\u1ec9 tr\u00ean b\u1ec1 m\u1eb7t s\u1eaft th\u00e9p, th\u1eddi gian t\u1ea9y d\u1ea7u nhanh, \u0103n m\u00f2n kim lo\u1ea1i th\u1ea5p do c\u00f3 kh\u1ea3 n\u0103ng \u1ee9c ch\u1ebf \u0103n m\u00f2n.<\/p>\n<p><strong>\u01afu \u0111i\u1ec3m:<\/strong><br \/>\nTh\u1eddi gian t\u1ea9y d\u1ea7u nhanh, kh\u1ea3 n\u0103ng g\u00e2y \u0103n m\u00f2n kim lo\u1ea1i th\u1ea5p do c\u00f3 kh\u1ea3 n\u0103ng \u1ee9c ch\u1ebf \u0103n m\u00f2n, kh\u00f4ng g\u00e2y bi\u1ebfn t\u00ednh b\u1ec1 m\u1eb7t kim lo\u1ea1i, hi\u1ec7u qu\u1ea3 t\u1ea9y d\u1ea7u cao.<br \/>\n\u0110\u1eb7c t\u00ednh l\u00fd h\u00f3a:<br \/>\nTr\u1ea1ng th\u00e1i t\u1ed3n t\u1ea1i : Dung d\u1ecbch, nh\u1edbt<br \/>\nM\u00e0u s\u1eafc : M\u00e0u tr\u1eafng \u0111\u1ee5c, m\u00f9i h\u1eafc nh\u1eb9<br \/>\nT\u00ednh ch\u1ea5t : Mang t\u00ednh acid<\/p>\n<p><strong>Quy tr\u00ecnh:<\/strong><br \/>\nT\u1ea9y d\u1ea7u v\u00e0 g\u1ec9 s\u00e9t (CS-601) -&gt; R\u1eeda n\u01b0\u1edbc -&gt; R\u1eeda n\u01b0\u1edbc-&gt; Ch\u1ed1ng g\u1ec9 (N-205)<br \/>\nPha ch\u1ebf:<br \/>\nPh\u01b0\u01a1ng ph\u00e1p : Ng\u00e2m<br \/>\nH\u00e0m l\u01b0\u1ee3ng (%) : 3-10<br \/>\nNhi\u1ec7t \u0111\u1ed9 : 50 oC<br \/>\nH\u1ed7n h\u1ee3p acid : 15 (10 \u00f7 20) (H2SO4 : HCl, w\/w)<br \/>\nTh\u1eddi gian (ph\u00fat) : 3<\/p>\n<p><strong>Ki\u1ec3m tra, ph\u00e2n t\u00edch, b\u1ed5 sung:<\/strong><br \/>\nT\u00f9y theo nhu c\u1ea7u th\u1ef1c t\u1ebf, c\u00f3 th\u1ec3 t\u00e1i s\u1eed d\u1ee5ng (b\u1ed5 sung 20% so v\u1edbi l\u1ea7n \u0111\u1ea7u) ho\u1eb7c thay th\u1ebf ho\u00e0n to\u00e0n. M\u00e0u s\u1eafc, kh\u00f4ng m\u00e0u \u0111\u1ebfn h\u01a1i \u0111\u1ee5c, \u00edt c\u1eb7n.<\/p>\n<p><strong>C\u00e1ch ki\u1ec3m tra sau khi t\u1ea9y d\u1ea7u m\u1ee1:<\/strong><br \/>\nSau qu\u00e1 tr\u00ecnh t\u1ea9y d\u1ea7u m\u1ee1, ta c\u00f3 th\u1ec3 ki\u1ec3m tra \u0111\u1ed9 s\u1ea1ch c\u1ee7a b\u1ec1 m\u1eb7t chi ti\u1ebft b\u1eb1ng c\u00e1ch tia n\u01b0\u1edbc c\u1ea5t l\u00ean b\u1ec1 m\u1eb7t chi ti\u1ebft, n\u1ebfu b\u1ec1 m\u1eb7t th\u1ea5m \u01b0\u1edbt \u0111\u1ec1u 100%, t\u1ee9c l\u00e0 kh\u1eafp b\u1ec1 m\u1eb7t chi ti\u1ebft \u01b0\u1edbt \u0111\u1ec1u, t\u1ea1o th\u00e0nh m\u1ed9t m\u00e0ng m\u1ecfng \u0111\u1ec1u th\u00ec ch\u1ea5t l\u01b0\u1ee3ng t\u1ea9y d\u1ea7u m\u1ee1 nh\u01b0 th\u1ebf l\u00e0 \u0111\u1ea1t. N\u1ebfu tr\u00ean b\u1ec1 m\u1eb7t chi ti\u1ebft xu\u1ea5t hi\u1ec7n kho\u1ea3ng tr\u1ed1ng kh\u00f4ng th\u1ea5m \u01b0\u1edbt hay \u0111\u1ecdng th\u00e0nh gi\u1ecdt ch\u1ea5t l\u1ecfng \u1edf m\u1ed9t s\u1ed1 v\u1ecb tr\u00ed th\u00ec c\u1ea7n ti\u1ebfn h\u00e0nh t\u1ea9y d\u1ea7u m\u1ee1 l\u1ea1i.<\/p>\n<p><strong>Nh\u1eefng l\u01b0u \u00fd khi s\u1eed d\u1ee5ng h\u00f3a ch\u1ea5t t\u1ea9y d\u1ea7u CS-200:<\/strong><br \/>\n&#8211; H\u00f3a ch\u1ea5t t\u1ea9y d\u1ea7u CS-200 mang t\u00ednh acid v\u00ec v\u1eady c\u1ea7n tu\u00e2n th\u1ee7 tuy\u1ec7t \u0111\u1ed1i c\u00e1c bi\u1ec7n ph\u00e1p an to\u00e0n lao \u0111\u1ed9ng: \u0111eo g\u0103ng tay cao su, k\u00ednh, kh\u1ea9u trang, \u1ee7ng, qu\u1ea1t th\u00f4ng gi\u00f3.<br \/>\n&#8211; X\u1eed l\u00fd c\u00e1c tr\u01b0\u1eddng h\u1ee3p tai n\u1ea1n:<br \/>\nTi\u1ebfp x\u00fac v\u00e0o da, tay, qu\u1ea7n \u00e1o : thay qu\u1ea7n \u00e1o ngay, r\u1eeda s\u1ea1ch d\u01b0\u1edbi v\u00f2i n\u01b0\u1edbc 15 ph\u00fat.<br \/>\nTi\u1ebfp x\u00fac qua m\u1eaft : th\u00e1o k\u00ednh \u00e1p tr\u00f2ng, x\u1ea3 nh\u1eb9 n\u01b0\u1edbc s\u1ea1ch 15 ph\u00fat, ngh\u1ec9 ng\u01a1i, c\u1ea7n s\u1ef1 t\u01b0 v\u1ea5n c\u1ee7a B\u00e1c s\u1ef9.<br \/>\nTi\u1ebfp x\u00fac qua \u0111\u01b0\u1eddng h\u00f4 h\u1ea5p : c\u1ea7n ra ch\u1ed7 th\u00f4ng tho\u00e1ng, n\u1ebfu kh\u00f3 th\u1edf, cho th\u1edf kh\u00ed oxy v\u00e0 g\u1eb7p B\u00e1c s\u1ef9.<br \/>\nTi\u1ebfp x\u00fac qua mi\u1ec7ng : u\u1ed1ng nhi\u1ec1u n\u01b0\u1edbc, kh\u00f4ng \u0111\u01b0\u1ee3c cho b\u1ea5t c\u1ee9 v\u1eadt g\u00ec v\u00e0o h\u1ecdng khi b\u1ec7nh nh\u00e2n ng\u1ea5t s\u1ec9u, g\u1eb7p B\u00e1c s\u1ef9.<br \/>\n&#8211; B\u1ea3o qu\u1ea3n v\u00e0 t\u1ed3n kho: B\u1ea3o qu\u1ea3n trong kho tho\u00e1ng m\u00e1t, ghi r\u00f5 nh\u00e3n m\u00e1c bao b\u00ec, theo TCVN. Lu\u00f4n \u0111\u1ec3 k\u00edn can.<\/p>\n","protected":false},"excerpt":{"rendered":"<p>M\u00e3 s\u1ea3n ph\u1ea9m: CS-200 Xu\u1ea5t x\u1ee9: NBT Chemical Quy c\u00e1ch: 30 kg\/ can H\u00f3a ch\u1ea5t t\u1ea9y d\u1ea7u s\u1eaft th\u00e9p CS-200: l\u00e0 &#8230;<\/p>\n","protected":false},"featured_media":1397,"comment_status":"open","ping_status":"closed","template":"","meta":[],"product_cat":[47],"product_tag":[],"class_list":{"0":"post-1396","1":"product","2":"type-product","3":"status-publish","4":"has-post-thumbnail","6":"product_cat-hoa-chat-cho-lam-sach-cong-nghiep","8":"first","9":"instock","10":"shipping-taxable","11":"product-type-simple"},"_links":{"self":[{"href":"https:\/\/vinachemistry.com\/vi\/wp-json\/wp\/v2\/product\/1396","targetHints":{"allow":["GET"]}}],"collection":[{"href":"https:\/\/vinachemistry.com\/vi\/wp-json\/wp\/v2\/product"}],"about":[{"href":"https:\/\/vinachemistry.com\/vi\/wp-json\/wp\/v2\/types\/product"}],"replies":[{"embeddable":true,"href":"https:\/\/vinachemistry.com\/vi\/wp-json\/wp\/v2\/comments?post=1396"}],"wp:featuredmedia":[{"embeddable":true,"href":"https:\/\/vinachemistry.com\/vi\/wp-json\/wp\/v2\/media\/1397"}],"wp:attachment":[{"href":"https:\/\/vinachemistry.com\/vi\/wp-json\/wp\/v2\/media?parent=1396"}],"wp:term":[{"taxonomy":"product_cat","embeddable":true,"href":"https:\/\/vinachemistry.com\/vi\/wp-json\/wp\/v2\/product_cat?post=1396"},{"taxonomy":"product_tag","embeddable":true,"href":"https:\/\/vinachemistry.com\/vi\/wp-json\/wp\/v2\/product_tag?post=1396"}],"curies":[{"name":"wp","href":"https:\/\/api.w.org\/{rel}","templated":true}]}}