{"id":1386,"date":"2024-02-26T13:52:58","date_gmt":"2024-02-26T13:52:58","guid":{"rendered":"https:\/\/nbtchemical.com\/?post_type=product&#038;p=1386"},"modified":"2024-02-26T13:52:59","modified_gmt":"2024-02-26T13:52:59","slug":"hoa-chat-tay-dau-mc-03","status":"publish","type":"product","link":"https:\/\/vinachemistry.com\/vi\/product\/hoa-chat-tay-dau-mc-03\/","title":{"rendered":"H\u00f3a ch\u1ea5t t\u1ea9y d\u1ea7u MC-03"},"content":{"rendered":"<p>Quy c\u00e1ch: <strong>25kg\/bao<\/strong><br \/>\nXu\u1ea5t x\u1ee9 : <strong>NBT Chemical<\/strong><br \/>\nH\u00f3a ch\u1ea5t t\u1ea9y d\u1ea7u MC-03: L\u00e0 ch\u1ebf ph\u1ea9m t\u1ea9y d\u1ea7u s\u1eaft th\u00e9p mang t\u00ednh ki\u1ec1m, th\u00edch h\u1ee3p cho c\u1ea3 ph\u01b0\u01a1ng ph\u00e1p ng\u00e2m, phun ho\u1eb7c si\u00eau \u00e2m.<\/p>\n<p><strong>\u0110\u1eb7c t\u00ednh l\u00fd h\u00f3a:<\/strong><br \/>\nTr\u1ea1ng th\u00e1i t\u1ed3n t\u1ea1i : <strong>B\u1ed9t, h\u01a1i \u1ea9m\u00a0<\/strong><br \/>\nM\u00e0u : <strong>tr\u1eafng<\/strong><br \/>\nKh\u1ea3 n\u0103ng tan trong n\u01b0\u1edbc : <strong>C\u00f3<\/strong><br \/>\nT\u00ednh ch\u1ea5t : <strong>Mang t\u00ednh ki\u1ec1m cao<\/strong><\/p>\n<p><strong>Pha ch\u1ebf:<\/strong><br \/>\nPh\u01b0\u01a1ng ph\u00e1p : Phun H\u00e0m l\u01b0\u1ee3ng (g\/l) : 50<br \/>\nNhi\u1ec7t \u0111\u1ed9 : Th\u01b0\u1eddng<br \/>\nTh\u1eddi phun (ph\u00fat) : 3.<\/p>\n<p><strong>\u01afu \u0111i\u1ec3m:<\/strong><br \/>\n&#8211; C\u00f3 th\u1ec3 s\u1eed d\u1ee5ng b\u1eb1ng nhi\u1ec1u ph\u01b0\u01a1ng ph\u00e1p: ng\u00e2m, phun ho\u1eb7c si\u00eau \u00e2m.<br \/>\n&#8211; T\u1ed1c \u0111\u1ed9 t\u1ea9y d\u1ea7u nhanh, hi\u1ec7u qu\u1ea3 cao.<br \/>\n&#8211; Kh\u00f4ng g\u00e2y bi\u1ebfn t\u00ednh b\u1ec1 m\u1eb7t kim lo\u1ea1i<br \/>\n&#8211; Kh\u00f4ng g\u00e2y \u0111\u1ed9c h\u1ea1i, an to\u00e0n v\u00e0 th\u00e2n thi\u1ec7n v\u1edbi m\u00f4i tr\u01b0\u1eddng<\/p>\n<p><strong>\u1ee8ng d\u1ee5ng:<\/strong><br \/>\n&#8211; H\u00f3a ch\u1ea5t t\u1ea9y d\u1ea7u MC-03 \u1ee9ng d\u1ee5ng cho vi\u1ec7c t\u1ea9y d\u1ea7u v\u00e0 ch\u1ed1ng g\u1ec9 s\u00e9t t\u1ea1m th\u1eddi ph\u00f9 h\u1ee3p v\u1edbi kim lo\u1ea1i s\u1eaft th\u00e9p.<br \/>\n&#8211; B\u1ea3o v\u1ec7 ch\u1ed1ng \u0103n m\u00f2n v\u00e0 ch\u1ed1ng g\u1ec9 s\u00e9t t\u1ea1m th\u1eddi<br \/>\nC\u00e1ch ki\u1ec3m tra sau khi t\u1ea9y d\u1ea7u m\u1ee1:<br \/>\nSau qu\u00e1 tr\u00ecnh t\u1ea9y d\u1ea7u m\u1ee1, ta c\u00f3 th\u1ec3 ki\u1ec3m tra \u0111\u1ed9 s\u1ea1ch c\u1ee7a b\u1ec1 m\u1eb7t chi ti\u1ebft b\u1eb1ng c\u00e1ch tia n\u01b0\u1edbc c\u1ea5t l\u00ean b\u1ec1 m\u1eb7t chi ti\u1ebft, n\u1ebfu b\u1ec1 m\u1eb7t th\u1ea5m \u01b0\u1edbt \u0111\u1ec1u 100%, t\u1ee9c l\u00e0 kh\u1eafp b\u1ec1 m\u1eb7t chi ti\u1ebft \u01b0\u1edbt \u0111\u1ec1u, t\u1ea1o th\u00e0nh m\u1ed9t m\u00e0ng m\u1ecfng \u0111\u1ec1u th\u00ec ch\u1ea5t l\u01b0\u1ee3ng t\u1ea9y d\u1ea7u m\u1ee1 nh\u01b0 th\u1ebf l\u00e0 \u0111\u1ea1t. N\u1ebfu tr\u00ean b\u1ec1 m\u1eb7t chi ti\u1ebft xu\u1ea5t hi\u1ec7n kho\u1ea3ng tr\u1ed1ng kh\u00f4ng th\u1ea5m \u01b0\u1edbt hay \u0111\u1ecdng th\u00e0nh gi\u1ecdt ch\u1ea5t l\u1ecfng \u1edf m\u1ed9t s\u1ed1 v\u1ecb tr\u00ed th\u00ec c\u1ea7n ti\u1ebfn h\u00e0nh t\u1ea9y d\u1ea7u m\u1ee1 l\u1ea1i.<\/p>\n<p><strong>Nh\u1eefng l\u01b0u \u00fd khi s\u1eed d\u1ee5ng h\u00f3a ch\u1ea5t t\u1ea9y d\u1ea7u MC-03:<\/strong><br \/>\nH\u00f3a ch\u1ea5t t\u1ea9y d\u1ea7u MC-03 mang t\u00ednh ki\u1ec1m cao l\u1ea1i \u0111\u01b0\u1ee3c v\u1eadn h\u00e0nh trong m\u00f4i tr\u01b0\u1eddng phun, c\u00f3 gia nhi\u1ec7t cho n\u00ean l\u01b0\u1ee3ng ho\u00e1 ch\u1ea5t s\u1ebd tho\u00e1t ra ngo\u00e0i kh\u00f4ng kh\u00ed. Khi thi\u1ebft k\u1ebf h\u1ec7 th\u1ed1ng phun \u00e1p l\u1ef1c, c\u1ea7n ph\u1ea3i thi\u1ebft k\u1ebf h\u1ec7 th\u1ed1ng h\u00fat kh\u00ed, tr\u00e1nh tr\u01b0\u1eddng h\u1ee3p h\u01a1i ho\u00e1 ch\u1ea5t ho\u00e0 v\u00e0o kh\u00f4ng kh\u00ed g\u00e2y h\u1ea1i m\u00f4i tr\u01b0\u1eddng v\u00e0 s\u1ee9c kho\u1ebb con ng\u01b0\u1eddi. MC-03 ph\u1ea3n \u00e1nh m\u1ea1nh v\u1edbi acid v\u00e0 \u0103n m\u00f2n kim lo\u1ea1i m\u00e0u.V\u00ec v\u1eady khi s\u1eed d\u1ee5ng ph\u1ea3i l\u01b0u \u00fd kh\u00f4ng \u0111\u1ed5 MC-03 v\u00e0o dung d\u1ecbch acid.<\/p>\n<p>\u0110\u1ed3ng th\u1eddi ph\u1ea3i tu\u00e2n th\u1ee7 nghi\u00eam ng\u1eb7t v\u1ec1 an to\u00e0n lao \u0111\u1ed9ng, v\u1ec7 sinh m\u00f4i tr\u01b0\u1eddng c\u01a1 s\u1edf: nh\u01b0 g\u0103ng tay cao su, k\u00ednh, kh\u1ea9u trang, \u1ee7ng, qu\u1ea1t th\u00f4ng gi\u00f3.<\/p>\n<p><strong>X\u1eed l\u00fd c\u00e1c tr\u01b0\u1eddng h\u1ee3p tai n\u1ea1n.<\/strong><br \/>\nTi\u1ebfp x\u00fac v\u00e0o da, tay, qu\u1ea7n \u00e1o : thay qu\u1ea7n \u00e1o ngay, r\u1eeda s\u1ea1ch d\u01b0\u1edbi v\u00f2i n\u01b0\u1edbc 15 ph\u00fat.<br \/>\nTi\u1ebfp x\u00fac qua m\u1eaft : th\u00e1o k\u00ednh \u00e1p tr\u00f2ng, x\u1ea3 nh\u1eb9 n\u01b0\u1edbc s\u1ea1ch 15 ph\u00fat, ngh\u1ec9 ng\u01a1i, c\u1ea7n s\u1ef1 t\u01b0 v\u1ea5n c\u1ee7a B\u00e1c s\u1ef9.<br \/>\nTi\u1ebfp x\u00fac qua \u0111\u01b0\u1eddng h\u00f4 h\u1ea5p : c\u1ea7n ra ch\u1ed7 th\u00f4ng tho\u00e1ng, n\u1ebfu kh\u00f3 th\u1edf, cho th\u1edf kh\u00ed oxy v\u00e0 g\u1eb7p B\u00e1c s\u1ef9.<br \/>\nTi\u1ebfp x\u00fac qua mi\u1ec7ng : u\u1ed1ng nhi\u1ec1u n\u01b0\u1edbc, kh\u00f4ng \u0111\u01b0\u1ee3c cho b\u1ea5t c\u1ee9 v\u1eadt g\u00ec v\u00e0o h\u1ecdng khi b\u1ec7nh nh\u00e2n ng\u1ea5t s\u1ec9u, g\u1eb7p B\u00e1c s\u1ef9.<\/p>\n<p><strong>B\u1ea3o qu\u1ea3n v\u00e0 t\u1ed3n kho:<\/strong> B\u1ea3o qu\u1ea3n trong kho tho\u00e1ng m\u00e1t, ghi r\u00f5 nh\u00e3n m\u00e1c bao b\u00ec, ng\u00e0y s\u1ea3n xu\u1ea5t, h\u1ea1n s\u1eed d\u1ee5ng. Lu\u00f4n \u0111\u1eady k\u00edn bao.<\/p>\n","protected":false},"excerpt":{"rendered":"<p>Quy c\u00e1ch: 25kg\/bao Xu\u1ea5t x\u1ee9 : NBT Chemical H\u00f3a ch\u1ea5t t\u1ea9y d\u1ea7u MC-03: L\u00e0 ch\u1ebf ph\u1ea9m t\u1ea9y d\u1ea7u s\u1eaft th\u00e9p mang &#8230;<\/p>\n","protected":false},"featured_media":1387,"comment_status":"open","ping_status":"closed","template":"","meta":[],"product_cat":[47],"product_tag":[],"class_list":{"0":"post-1386","1":"product","2":"type-product","3":"status-publish","4":"has-post-thumbnail","6":"product_cat-hoa-chat-cho-lam-sach-cong-nghiep","8":"first","9":"instock","10":"shipping-taxable","11":"product-type-simple"},"_links":{"self":[{"href":"https:\/\/vinachemistry.com\/vi\/wp-json\/wp\/v2\/product\/1386","targetHints":{"allow":["GET"]}}],"collection":[{"href":"https:\/\/vinachemistry.com\/vi\/wp-json\/wp\/v2\/product"}],"about":[{"href":"https:\/\/vinachemistry.com\/vi\/wp-json\/wp\/v2\/types\/product"}],"replies":[{"embeddable":true,"href":"https:\/\/vinachemistry.com\/vi\/wp-json\/wp\/v2\/comments?post=1386"}],"wp:featuredmedia":[{"embeddable":true,"href":"https:\/\/vinachemistry.com\/vi\/wp-json\/wp\/v2\/media\/1387"}],"wp:attachment":[{"href":"https:\/\/vinachemistry.com\/vi\/wp-json\/wp\/v2\/media?parent=1386"}],"wp:term":[{"taxonomy":"product_cat","embeddable":true,"href":"https:\/\/vinachemistry.com\/vi\/wp-json\/wp\/v2\/product_cat?post=1386"},{"taxonomy":"product_tag","embeddable":true,"href":"https:\/\/vinachemistry.com\/vi\/wp-json\/wp\/v2\/product_tag?post=1386"}],"curies":[{"name":"wp","href":"https:\/\/api.w.org\/{rel}","templated":true}]}}