{"id":1384,"date":"2024-02-26T13:46:42","date_gmt":"2024-02-26T13:46:42","guid":{"rendered":"https:\/\/nbtchemical.com\/?post_type=product&#038;p=1384"},"modified":"2024-02-26T13:46:42","modified_gmt":"2024-02-26T13:46:42","slug":"hoa-chat-tay-dau-mo-cs-202","status":"publish","type":"product","link":"https:\/\/vinachemistry.com\/vi\/product\/hoa-chat-tay-dau-mo-cs-202\/","title":{"rendered":"H\u00f3a ch\u1ea5t t\u1ea9y d\u1ea7u m\u1ee1 CS-202"},"content":{"rendered":"<p>Quy c\u00e1ch: <strong>25,30kg\/can<\/strong><br \/>\nXu\u1ea5t x\u1ee9: <strong>NBT Chemical<\/strong><br \/>\nT\u00ean th\u01b0\u1eddng g\u1ecdi:<strong> ch\u1ea5t t\u1ea9y d\u1ea7u lau m\u00e1y, ch\u1ea5t t\u1ea9y d\u1ea7u l\u00e0m s\u1ea1ch m\u00e1y m\u00f3c c\u0169<\/strong><\/p>\n<p>H\u00f3a ch\u1ea5t t\u1ea9y d\u1ea7u m\u1ee1 CS-202 l\u00e0 ch\u1ebf ph\u1ea9m d\u00f9ng \u0111\u1ec3 t\u1ea9y d\u1ea7u, lau m\u00e1y , l\u00e0m s\u1ea1ch m\u00e1y m\u00f3c c\u0169. L\u00e0m vi\u1ec7c \u1edf nhi\u1ec7t \u0111\u1ed9 th\u01b0\u1eddng, c\u00f3 t\u00ednh t\u1ea9y d\u1ea7u r\u1ea5t t\u1ed1t.Th\u00edch \u1ee9ng v\u1edbi c\u00e1c kim lo\u1ea1i m\u00e0u nh\u01b0 nh\u00f4m, \u0111\u1ed3ng, k\u1ebdm, thi\u1ebfc, s\u1eaft, th\u00e9p. Kh\u00f4ng g\u00e2y bi\u1ebfn t\u00ednh b\u1ec1 m\u1eb7t kim lo\u1ea1i.<\/p>\n<p><strong>Th\u00f4ng tin v\u1ec1 h\u00f3a ch\u1ea5t t\u1ea9y d\u1ea7u m\u1ee1 CS-202<\/strong><br \/>\nL\u00e0 ch\u1ebf ph\u1ea9m d\u00f9ng \u0111\u1ec3 t\u1ea9y s\u1ea1ch d\u1ea7u m\u1ee1, l\u00e0m s\u1ea1ch m\u00e1y m\u00f3c kim lo\u1ea1i ph\u00f9 h\u1ee3p v\u1edbi c\u00e1c chi ti\u1ebft m\u00e1y m\u00f3c cho c\u00e1c n\u1ec1n c\u00f4ng nghi\u1ec7p m\u00e1y m\u00f3c, x\u00e2y d\u1ef1ng nh\u01b0: Oto, xe m\u00e1y, c\u00e1c \u0111\u1ed9ng c\u01a1 c\u00f4ng nghi\u1ec7p d\u1ec5 b\u1ecb d\u00ednh d\u1ea7u m\u1ee1 c\u00e1u c\u1eb7n trong qu\u00e1 tr\u00ecnh s\u1eed d\u1ee5ng.<\/p>\n<p>H\u00f3a ch\u1ea5t t\u1ea9y d\u1ea7u CS-202 l\u00e0m vi\u1ec7c \u1edf nhi\u1ec7t \u0111\u1ed9 th\u01b0\u1eddng kh\u00f4ng c\u1ea7n gia nhi\u1ec7t, c\u00f3 t\u00ednh t\u1ea9y d\u1ea7u r\u1ea5t t\u1ed1t, ph\u00f9 h\u1ee3p v\u1edbi c\u00e1c kim lo\u1ea1i m\u00e0u nh\u01b0 nh\u00f4m, \u0111\u1ed3ng, k\u1ebdm, thi\u1ebfc, s\u1eaft, th\u00e9p.<\/p>\n<p><strong>\u0110\u1eb7c t\u00ednh l\u00fd h\u00f3a<\/strong><br \/>\nTr\u1ea1ng th\u00e1i t\u1ed3n t\u1ea1i: Dung d\u1ecbch<br \/>\nM\u00e0u s\u1eafc: M\u00e0u xanh nh\u1ea1t, m\u00f9i h\u1eafc nh\u1eb9<br \/>\nKh\u1ea3 n\u0103ng tan trong n\u01b0\u1edbc: C\u00f3<\/p>\n<p><strong>\u01afu \u0111i\u1ec3m c\u1ee7a h\u00f3a ch\u1ea5t t\u1ea9y d\u1ea7u m\u1ee1 CS-202<\/strong><br \/>\nKh\u00f4ng g\u00e2y bi\u1ebfn t\u00ednh b\u1ec1 m\u1eb7t kim lo\u1ea1i, ph\u00f9 h\u1ee3p v\u1edbi c\u1ea3 nh\u1eefng chi ti\u1ebft ph\u1ee9c t\u1ea1p, qu\u00e1 kh\u1ed5 kh\u00f4ng th\u1ec3 th\u00e1o r\u1ee1 \u0111\u1ec3 ng\u00e2m, ph\u01b0\u01a1ng ph\u00e1p th\u1ef1c hi\u1ec7n \u0111\u01a1n gi\u1ea3n, hi\u1ec7u qu\u1ea3 cao.<\/p>\n<p><strong>\u1ee8ng d\u1ee5ng c\u1ee7a h\u00f3a ch\u1ea5t t\u1ea9y d\u1ea7u m\u1ee1 CS-202<\/strong><br \/>\n\u0110\u01b0\u1ee3c s\u1eed d\u1ee5ng \u0111\u1ec3 t\u1ea9y d\u1ea7u, lau m\u00e1y, l\u00e0m s\u1ea1ch c\u00e1c m\u00e1y m\u00f3c c\u0169<br \/>\nTh\u00edch \u1ee9ng v\u1edbi c\u00e1c kim\u00b7lo\u1ea1i m\u00e0u nh\u01b0 nh\u00f4m, thi\u1ebfc, s\u1eaft, th\u00e9p, k\u1ebdm,..<br \/>\nKh\u00f4ng g\u00e2y bi\u1ebfn t\u00ednh b\u1ec1 m\u1eb7t kim<br \/>\nCS &#8211; 606 l\u00e0m vi\u1ec7c \u0111\u01b0\u1ee3c \u1edf nhi\u1ec7t \u0111\u1ed9 th\u01b0\u1eddng, c\u00f3 t\u00ednh t\u1ea9y d\u1ea7u r\u1ea5t t\u1ed1t<\/p>\n<p><strong>Pha ch\u1ebf<\/strong><br \/>\nPh\u01b0\u01a1ng ph\u00e1p : Ng\u00e2m, lau.<br \/>\nH\u00e0m l\u01b0\u1ee3ng (g\/l) : 10 \u00f7 50<br \/>\nNhi\u1ec7t \u0111\u1ed9 : th\u01b0\u1eddng<br \/>\nTh\u1eddi gian (ph\u00fat) : 15<\/p>\n<p><strong>C\u00e1ch ki\u1ec3m tra sau khi t\u1ea9y d\u1ea7u m\u1ee1<\/strong><br \/>\nSau qu\u00e1 tr\u00ecnh t\u1ea9y d\u1ea7u m\u1ee1, ta c\u00f3 th\u1ec3 ki\u1ec3m tra \u0111\u1ed9 s\u1ea1ch c\u1ee7a b\u1ec1 m\u1eb7t chi ti\u1ebft b\u1eb1ng c\u00e1ch tia n\u01b0\u1edbc c\u1ea5t l\u00ean b\u1ec1 m\u1eb7t chi ti\u1ebft, n\u1ebfu b\u1ec1 m\u1eb7t th\u1ea5m \u01b0\u1edbt \u0111\u1ec1u 100%, t\u1ee9c l\u00e0 kh\u1eafp b\u1ec1 m\u1eb7t chi ti\u1ebft \u01b0\u1edbt \u0111\u1ec1u, t\u1ea1o th\u00e0nh m\u1ed9t m\u00e0ng m\u1ecfng \u0111\u1ec1u th\u00ec ch\u1ea5t l\u01b0\u1ee3ng t\u1ea9y d\u1ea7u m\u1ee1 nh\u01b0 th\u1ebf l\u00e0 \u0111\u1ea1t. N\u1ebfu tr\u00ean b\u1ec1 m\u1eb7t chi ti\u1ebft xu\u1ea5t hi\u1ec7n kho\u1ea3ng tr\u1ed1ng kh\u00f4ng th\u1ea5m \u01b0\u1edbt hay \u0111\u1ecdng th\u00e0nh gi\u1ecdt ch\u1ea5t l\u1ecfng \u1edf m\u1ed9t s\u1ed1 v\u1ecb tr\u00ed th\u00ec c\u1ea7n ti\u1ebfn h\u00e0nh t\u1ea9y d\u1ea7u m\u1ee1 l\u1ea1i.<\/p>\n<p><strong>Nh\u1eefng l\u01b0u \u00fd khi s\u1eed d\u1ee5ng h\u00f3a ch\u1ea5t t\u1ea9y d\u1ea7u CS-202:<\/strong><br \/>\nTrong qu\u00e1 tr\u00ecnh s\u1eed d\u1ee5ng h\u00f3a ch\u1ea5t t\u1ea9y d\u1ea7u m\u1ee1 CS-202 c\u1ea7n tu\u00e2n th\u1ee7 c\u00e1c bi\u1ec7n ph\u00e1p an to\u00e0n lao \u0111\u1ed9ng, tu\u00e2n th\u1ee7 quy tr\u00ecnh s\u1eed d\u1ee5ng. Nh\u01b0 kh\u1ea9u trang ph\u00f2ng \u0111\u1ed9c, g\u0103ng tay cao su, k\u00ednh, qu\u1ea7n \u00e1o b\u1ea3o h\u1ed9,<br \/>\nX\u1eed l\u00fd c\u00e1c tr\u01b0\u1eddng h\u1ee3p tai n\u1ea1n:<br \/>\nTi\u1ebfp x\u00fac v\u00e0o da, tay, qu\u1ea7n \u00e1o : thay qu\u1ea7n \u00e1o ngay, r\u1eeda s\u1ea1ch d\u01b0\u1edbi v\u00f2i n\u01b0\u1edbc 15 ph\u00fat.<br \/>\nTi\u1ebfp x\u00fac qua m\u1eaft : th\u00e1o k\u00ednh \u00e1p tr\u00f2ng, x\u1ea3 nh\u1eb9 n\u01b0\u1edbc s\u1ea1ch 15 ph\u00fat, ngh\u1ec9 ng\u01a1i, c\u1ea7n s\u1ef1 t\u01b0 v\u1ea5n c\u1ee7a B\u00e1c s\u1ef9.<br \/>\nTi\u1ebfp x\u00fac qua \u0111\u01b0\u1eddng h\u00f4 h\u1ea5p : c\u1ea7n ra ch\u1ed7 th\u00f4ng tho\u00e1ng, n\u1ebfu kh\u00f3 th\u1edf, cho th\u1edf kh\u00ed oxy v\u00e0 g\u1eb7p B\u00e1c s\u1ef9.<br \/>\nTi\u1ebfp x\u00fac qua mi\u1ec7ng : u\u1ed1ng nhi\u1ec1u n\u01b0\u1edbc, kh\u00f4ng \u0111\u01b0\u1ee3c cho b\u1ea5t c\u1ee9 v\u1eadt g\u00ec v\u00e0o h\u1ecdng khi b\u1ec7nh nh\u00e2n ng\u1ea5t s\u1ec9u, g\u1eb7p B\u00e1c s\u1ef9.<\/p>\n<p><strong>B\u1ea3o qu\u1ea3n v\u00e0 t\u1ed3n kho<\/strong><br \/>\nB\u1ea3o qu\u1ea3n trong kho tho\u00e1ng m\u00e1t, ghi r\u00f5 nh\u00e3n m\u00e1c bao b\u00ec, theo TCVN. Lu\u00f4n \u0111\u1ec3 k\u00edn can.<\/p>\n","protected":false},"excerpt":{"rendered":"<p>Quy c\u00e1ch: 25,30kg\/can Xu\u1ea5t x\u1ee9: NBT Chemical T\u00ean th\u01b0\u1eddng g\u1ecdi: ch\u1ea5t t\u1ea9y d\u1ea7u lau m\u00e1y, ch\u1ea5t t\u1ea9y d\u1ea7u l\u00e0m s\u1ea1ch m\u00e1y &#8230;<\/p>\n","protected":false},"featured_media":1385,"comment_status":"open","ping_status":"closed","template":"","meta":[],"product_cat":[47],"product_tag":[],"class_list":{"0":"post-1384","1":"product","2":"type-product","3":"status-publish","4":"has-post-thumbnail","6":"product_cat-hoa-chat-cho-lam-sach-cong-nghiep","8":"first","9":"instock","10":"shipping-taxable","11":"product-type-simple"},"_links":{"self":[{"href":"https:\/\/vinachemistry.com\/vi\/wp-json\/wp\/v2\/product\/1384","targetHints":{"allow":["GET"]}}],"collection":[{"href":"https:\/\/vinachemistry.com\/vi\/wp-json\/wp\/v2\/product"}],"about":[{"href":"https:\/\/vinachemistry.com\/vi\/wp-json\/wp\/v2\/types\/product"}],"replies":[{"embeddable":true,"href":"https:\/\/vinachemistry.com\/vi\/wp-json\/wp\/v2\/comments?post=1384"}],"wp:featuredmedia":[{"embeddable":true,"href":"https:\/\/vinachemistry.com\/vi\/wp-json\/wp\/v2\/media\/1385"}],"wp:attachment":[{"href":"https:\/\/vinachemistry.com\/vi\/wp-json\/wp\/v2\/media?parent=1384"}],"wp:term":[{"taxonomy":"product_cat","embeddable":true,"href":"https:\/\/vinachemistry.com\/vi\/wp-json\/wp\/v2\/product_cat?post=1384"},{"taxonomy":"product_tag","embeddable":true,"href":"https:\/\/vinachemistry.com\/vi\/wp-json\/wp\/v2\/product_tag?post=1384"}],"curies":[{"name":"wp","href":"https:\/\/api.w.org\/{rel}","templated":true}]}}