{"id":1382,"date":"2024-02-26T13:39:05","date_gmt":"2024-02-26T13:39:05","guid":{"rendered":"https:\/\/nbtchemical.com\/?post_type=product&#038;p=1382"},"modified":"2024-02-26T13:39:05","modified_gmt":"2024-02-26T13:39:05","slug":"chat-hoat-dong-be-mat-d800","status":"publish","type":"product","link":"https:\/\/vinachemistry.com\/vi\/product\/chat-hoat-dong-be-mat-d800\/","title":{"rendered":"Ch\u1ea5t ho\u1ea1t \u0111\u1ed9ng b\u1ec1 m\u1eb7t D800"},"content":{"rendered":"<p>Ch\u1ea5t ho\u1ea1t \u0111\u1ed9ng b\u1ec1 m\u1eb7t l\u00e0 g\u00ec\u00b7?<br \/>\nCh\u1ea5t ho\u1ea1t \u0111\u1ed9ng b\u1ec1 m\u1eb7t l\u00e0 nh\u1eefng h\u1ee3p ch\u1ea5t gi\u00fap l\u00e0m gi\u1ea3m s\u1ee9c c\u0103ng b\u1ec1 m\u1eb7t ho\u1eb7c nh\u1eefng \u00e1p l\u1ef1c b\u1ec1 m\u1eb7t chung gi\u1eefa hai ch\u1ea5t l\u1ecfng ho\u1eb7c gi\u1eefa ch\u1ea5t r\u1eafn v\u00e0 ch\u1ea5t l\u1ecfng. Ngo\u00e0i ra, n\u00f3 c\u00f3 th\u1ec3 s\u1eed d\u1ee5ng nh\u01b0 ch\u1ea5t t\u1ea9y r\u1eeda, ch\u1ea5t nh\u0169 h\u00f3a, ch\u1ea5t l\u00e0m \u01b0\u1edbt, ch\u1ea5t ph\u00e2n t\u00e1n, ch\u1ea5t t\u1ea1o b\u1ecdt,..<\/p>\n<p><strong>T\u00ednh ch\u1ea5t h\u00f3a l\u00fd<\/strong><br \/>\nL\u00e0 ch\u1ea5t l\u1ecfng, kh\u00f4ng m\u00e0u.<br \/>\nT\u1ef7 tr\u1ecdng: 1.00 \u00b1 0.01 (g\/ml)<br \/>\nKi\u1ec1m nh\u1eb9.<br \/>\n<strong>Pha ch\u1ebf, v\u1eadn h\u00e0nh<\/strong><br \/>\nCh\u1ea5t ho\u1ea1t \u0111\u1ed9ng b\u1ec1 m\u1eb7t D800 \u0111\u01b0\u1ee3c d\u00f9ng trong c\u00e1c s\u1ea3n ph\u1ea9m t\u1ea9y r\u1eeda.<br \/>\nC\u00f3 th\u1ec3 pha v\u1edbi n\u01b0\u1edbc ho\u1eb7c ch\u00e2m tr\u1ef1c ti\u1ebfp trong qu\u00e1 tr\u00ecnh s\u1eed d\u1ee5ng.<br \/>\nTh\u00edch h\u1ee3p v\u1edbi ch\u1ea5t t\u1ea9y r\u1eeda h\u1ec7 ki\u1ec1m.<br \/>\nH\u00e0m l\u01b0\u1ee3ng t\u1ed1i \u01b0u trong h\u1ec7: 2 &#8211; 10%<\/p>\n<p><strong>An to\u00e0n s\u1eed d\u1ee5ng, b\u1ea3o qu\u1ea3n, m\u00f4i tr\u01b0\u1eddng, v\u1eadn chuy\u1ec3n h\u00f3a ch\u1ea5t<\/strong><br \/>\nCh\u1ea5t ho\u1ea1t \u0111\u1ed9ng b\u1ec1 m\u1eb7t D800 l\u00e0 dung d\u1ecbch, kh\u00f4ng m\u00e0u, nh\u1edbt, mang t\u00ednh ki\u1ec1m.<br \/>\n\u0102n da tay, khi ti\u1ebfp x\u00fac trong th\u1eddi gian d\u00e0i.<br \/>\nKhi s\u1eed d\u1ee5ng ph\u1ea3i tu\u00e2n th\u1ee7 nghi\u00eam ng\u1eb7t v\u1ec1 an to\u00e0n lao \u0111\u1ed9ng, v\u1ec7 sinh m\u00f4i tr\u01b0\u1eddng c\u01a1 s\u1edf. Nh\u01b0 g\u0103ng tay cao su, k\u00ednh, kh\u1ea9u trang, \u1ee7ng, qu\u1ea1t th\u00f4ng gi\u00f3.<\/p>\n<p><strong>\u1ee8ng d\u1ee5ng trong \u0111\u1eddi s\u1ed1ng<\/strong><br \/>\n&#8211; Trong c\u00f4ng nghi\u1ec7p d\u1ec7t nhu\u1ed9m: Ch\u1ea5t l\u00e0m m\u1ec1m cho v\u1ea3i s\u1ee3i, ch\u1ea5t tr\u1ee3 nhu\u1ed9m<br \/>\n&#8211; Trong c\u00f4ng nghi\u1ec7p th\u1ef1c ph\u1ea9m: Ch\u1ea5t nh\u0169 h\u00f3a cho b\u00e1nh k\u1eb9o, b\u01a1 s\u1eefa v\u00e0 \u0111\u1ed3 h\u1ed9p<br \/>\n&#8211; Trong c\u00f4ng nghi\u1ec7p m\u1ef9 ph\u1ea9m: Ch\u1ea5t t\u1ea9y r\u1eeda, nh\u0169 h\u00f3a, ch\u1ea5t t\u1ea1o b\u1ecdt<br \/>\n&#8211; Trong ng\u00e0nh in: Ch\u1ea5t tr\u1ee3 ng\u1ea5m v\u00e0 ph\u00e2n t\u00e1n m\u1ef1c in<br \/>\n&#8211; Trong n\u00f4ng nghi\u1ec7p: Ch\u1ea5t \u0111\u1ec3 gia c\u00f4ng thu\u1ed1c b\u1ea3o v\u1ec7 th\u1ef1c v\u1eadt, thu\u1ed1c tr\u1eeb s\u00e2u, ph\u00e2n b\u00f3n, thu\u1ed1c b\u1ea3o v\u1ec7 th\u1ef1c v\u1eadt<br \/>\n&#8211; Trong x\u00e2y d\u1ef1ng: D\u00f9ng \u0111\u1ec3 nh\u0169 h\u00f3a nh\u1ef1a \u0111\u01b0\u1eddng, t\u0103ng c\u01b0\u1eddng \u0111\u1ed9 \u0111\u00f3ng r\u1eafn c\u1ee7a b\u00ea t\u00f4ng<br \/>\n&#8211; Trong d\u1ea7u kh\u00ed: Ch\u1ea5t nh\u0169 h\u00f3a dung d\u1ecbch khoan<br \/>\n&#8211; Trong c\u00f4ng nghi\u1ec7p kho\u00e1ng s\u1ea3n: L\u00e0m thu\u1ed1c tuy\u1ec3n n\u1ed5i, ch\u1ea5t nh\u0169 h\u00f3a, ch\u1ea5t t\u1ea1o b\u1ecdt \u0111\u1ec3 l\u00e0m gi\u00e0u kho\u00e1ng s\u1ea3n\u00b7<br \/>\n&#8211; Trong x\u00e2y d\u1ef1ng: \u0111\u01b0\u1ee3c s\u1eed d\u1ee5ng trong quy tr\u00ecnh s\u1ea3n xu\u1ea5t xi m\u0103ng, s\u1ea3n xu\u1ea5t c\u00e1c lo\u1ea1i h\u00f3a ch\u1ea5t k\u1ebft d\u00ednh nh\u01b0 silicon. Ngo\u00e0i ra n\u00f3 c\u00f2n \u0111\u01b0\u1ee3c s\u1eed d\u1ee5ng trong thi c\u00f4ng nh\u0169 h\u00f3a nh\u1ef1a \u0111\u01b0\u1eddng, t\u0103ng c\u01b0\u1eddng \u0111\u1ed9 \u0111\u00f3ng r\u1eafn c\u1ee7a b\u00ea t\u00f4ng<\/p>\n<p><strong>X\u1eed l\u00fd c\u00e1c tr\u01b0\u1eddng h\u1ee3p tai n\u1ea1n.<\/strong><br \/>\n&#8211; Ti\u1ebfp x\u00fac v\u00e0o da, tay, qu\u1ea7n \u00e1o: thay qu\u1ea7n \u00e1o ngay, r\u1eeda s\u1ea1ch d\u01b0\u1edbi v\u00f2i n\u01b0\u1edbc 15 ph\u00fat.<br \/>\n&#8211; Ti\u1ebfp x\u00fac qua m\u1eaft: th\u00e1o k\u00ednh \u00e1p tr\u00f2ng, x\u1ea3 nh\u1eb9 n\u01b0\u1edbc s\u1ea1ch 15 ph\u00fat, ngh\u1ec9 ng\u01a1i, c\u1ea7n s\u1ef1 t\u01b0 v\u1ea5n c\u1ee7a B\u00e1c s\u1ef9<br \/>\n&#8211; Ti\u1ebfp x\u00fac qua \u0111\u01b0\u1eddng h\u00f4 h\u1ea5p: c\u1ea7n ra ch\u1ed7 th\u00f4ng tho\u00e1ng, n\u1ebfu kh\u00f3 th\u1edf, cho th\u1edf kh\u00ed oxy v\u00e0 g\u1eb7p B\u00e1c s\u1ef9.<br \/>\n&#8211; Ti\u1ebfp x\u00fac qua mi\u1ec7ng: u\u1ed1ng nhi\u1ec1u n\u01b0\u1edbc, kh\u00f4ng \u0111\u01b0\u1ee3c cho b\u1ea5t c\u1ee9 v\u1eadt g\u00ec v\u00e0o h\u1ecdng khi b\u1ec7nh nh\u00e2n ng\u1ea5t s\u1ec9u, g\u1eb7p B\u00e1c s\u1ef9.<\/p>\n<p><strong>V\u1ea5n \u0111\u1ec1 m\u00f4i tr\u01b0\u1eddng sinh th\u00e1i<\/strong><br \/>\n&#8211; Kh\u00f4ng \u0111\u1ed5 ho\u00e1 ch\u1ea5t, c\u1eb7n c\u00f2n l\u1ea1i trong bao ra m\u01b0\u01a1ng, r\u00e3nh tho\u00e1t n\u01b0\u1edbc.<br \/>\n&#8211; Tr\u01b0\u1edbc khi \u0111\u01b0a ra h\u1ec7 th\u1ed1ng x\u1eed l\u00fd m\u00f4i tr\u01b0\u1eddng, c\u00f3 th\u1ec3 trung ho\u00e0 b\u1eb1ng acid H2SO4 20% \u0111\u1ebfn pH 7 \u2013 9.<br \/>\n&#8211; Kh\u00f4ng th\u1ea3i tr\u1ef1c ti\u1ebfp ho\u00e1 ch\u1ea5t sau s\u1eed d\u1ee5ng ra m\u00f4i tr\u01b0\u1eddng.<br \/>\n&#8211; Khi \u0111\u1ed5 ra n\u1ec1n nh\u00e0 x\u01b0\u1edfng, c\u1ea7n lau s\u1ea1ch b\u1eb1ng r\u1ebb th\u1ea5m n\u01b0\u1edbc.<\/p>\n<p><strong>V\u1eadn chuy\u1ec3n<\/strong><br \/>\n&#8211; V\u1eadn chuy\u1ec3n b\u1eb1ng xe chuy\u00ean d\u1ee5ng h\u00f3a ch\u1ea5t.<\/p>\n<p><strong>B\u1ea3o qu\u1ea3n v\u00e0 t\u1ed3n kho<\/strong><br \/>\n&#8211; B\u1ea3o qu\u1ea3n trong kho tho\u00e1ng m\u00e1t, ghi r\u00f5 nh\u00e3n m\u00e1c can, theo TCVN.<br \/>\n&#8211; Lu\u00f4n \u0111\u1ec3 k\u00edn n\u1eafp can.<br \/>\n&#8211; Ti\u00eau chu\u1ea9n \u0111\u00f3ng can: 30 kgs\/can<\/p>\n","protected":false},"excerpt":{"rendered":"<p>Ch\u1ea5t ho\u1ea1t \u0111\u1ed9ng b\u1ec1 m\u1eb7t l\u00e0 g\u00ec\u00b7? Ch\u1ea5t ho\u1ea1t \u0111\u1ed9ng b\u1ec1 m\u1eb7t l\u00e0 nh\u1eefng h\u1ee3p ch\u1ea5t gi\u00fap l\u00e0m gi\u1ea3m s\u1ee9c c\u0103ng &#8230;<\/p>\n","protected":false},"featured_media":1383,"comment_status":"open","ping_status":"closed","template":"","meta":[],"product_cat":[47],"product_tag":[],"class_list":{"0":"post-1382","1":"product","2":"type-product","3":"status-publish","4":"has-post-thumbnail","6":"product_cat-hoa-chat-cho-lam-sach-cong-nghiep","8":"first","9":"instock","10":"shipping-taxable","11":"product-type-simple"},"_links":{"self":[{"href":"https:\/\/vinachemistry.com\/vi\/wp-json\/wp\/v2\/product\/1382","targetHints":{"allow":["GET"]}}],"collection":[{"href":"https:\/\/vinachemistry.com\/vi\/wp-json\/wp\/v2\/product"}],"about":[{"href":"https:\/\/vinachemistry.com\/vi\/wp-json\/wp\/v2\/types\/product"}],"replies":[{"embeddable":true,"href":"https:\/\/vinachemistry.com\/vi\/wp-json\/wp\/v2\/comments?post=1382"}],"wp:featuredmedia":[{"embeddable":true,"href":"https:\/\/vinachemistry.com\/vi\/wp-json\/wp\/v2\/media\/1383"}],"wp:attachment":[{"href":"https:\/\/vinachemistry.com\/vi\/wp-json\/wp\/v2\/media?parent=1382"}],"wp:term":[{"taxonomy":"product_cat","embeddable":true,"href":"https:\/\/vinachemistry.com\/vi\/wp-json\/wp\/v2\/product_cat?post=1382"},{"taxonomy":"product_tag","embeddable":true,"href":"https:\/\/vinachemistry.com\/vi\/wp-json\/wp\/v2\/product_tag?post=1382"}],"curies":[{"name":"wp","href":"https:\/\/api.w.org\/{rel}","templated":true}]}}