{"id":1380,"date":"2024-02-26T13:26:05","date_gmt":"2024-02-26T13:26:05","guid":{"rendered":"https:\/\/nbtchemical.com\/?post_type=product&#038;p=1380"},"modified":"2024-02-26T13:26:05","modified_gmt":"2024-02-26T13:26:05","slug":"hoa-chat-tay-bong-nhom-nbt-190","status":"publish","type":"product","link":"https:\/\/vinachemistry.com\/vi\/product\/hoa-chat-tay-bong-nhom-nbt-190\/","title":{"rendered":"H\u00f3a ch\u1ea5t t\u1ea9y b\u00f3ng nh\u00f4m NBT-190"},"content":{"rendered":"<p>H\u00d3A CH\u1ea4T T\u1ea8Y B\u00d3NG NH\u00d4M NBT-190<br \/>\nQuy c\u00e1ch: 25kg\/can<br \/>\nXu\u1ea5t x\u1ee9 : NBT Chemical<br \/>\nCh\u1ea5t \u0111\u00e1nh b\u00f3ng nh\u00f4m NBT-190: L\u00e0 m\u1ed9t h\u1ed7n h\u1ee3p acid nh\u1eb9, c\u00f3 t\u00ednh n\u0103ng t\u1ea9y s\u1ea1ch, b\u00f3ng nh\u00f4m cao, kh\u00f4ng g\u00e2y bi\u1ebfn t\u00ednh b\u1ec1 m\u1eb7t nh\u00f4m, kh\u00f4ng g\u00e2y \u0111en nh\u00f4m, t\u1ea1o \u0111\u1ed9 b\u00f3ng cao, th\u1ee5 \u0111\u1ed9ng h\u00f3a, b\u1ea3o v\u1eb9 b\u1ec1 m\u1eb7t nh\u00f4m t\u1ed1t. L\u00e0m tr\u01a1n b\u1ec1 m\u1eb7t h\u1ea1t m\u00e0i, kh\u00f4ng g\u00e2y k\u1ebft d\u00ednh gi\u1eefa h\u1ea1t m\u00e0i v\u00e0 s\u1ea3n ph\u1ea9m, h\u00f2a tan t\u1ed1t trong n\u01b0\u1edbc.<\/p>\n<p><strong>\u0110\u1eb7c t\u00ednh l\u00fd h\u00f3a<\/strong><br \/>\nNgo\u1ea1i quan: <strong>Dung d\u1ecbch nh\u1edbt, t\u1eeb kh\u00f4ng m\u00e0u \u0111\u1ebfn tr\u1eafng \u0111\u1ee5c, m\u00f9i h\u1eafc nh\u1eb9.<\/strong><br \/>\npH: <strong>axit<\/strong><br \/>\nT\u1ec9 tr\u1ecdng, (mg\/ml): <strong>1.05 \u00b1 0.05<\/strong><br \/>\n\u0110\u1ed9 h\u00f2a tan trong n\u01b0\u1edbc: <strong>N.A<\/strong><\/p>\n<p><strong>Pha ch\u1ebf v\u00e0 v\u1eadn h\u00e0nh<\/strong><br \/>\nChu\u1ea9n b\u1ecb v\u1eadt m\u00e0i (\u0111\u00e1, bi s\u1eaft, inox, \u2026), s\u1ea3n ph\u1ea9m c\u1ea7n \u0111\u00e1nh b\u00f3ng, m\u00e1y \u0111\u00e1nh b\u00f3ng rung.<br \/>\nT\u1ef7 l\u1ec7 pha, (g\/l): 10 \u00f7 50, t\u00f9y theo ch\u1ea5t li\u1ec7u s\u1ea3n ph\u1ea9m c\u1ea7n \u0111\u00e1nh b\u00f3ng<br \/>\nTh\u1eddi gian rung, (ph\u00fat): 10\u00f720<br \/>\nPh\u01b0\u01a1ng ph\u00e1p: rung 3D<\/p>\n<p><strong>H\u01b0\u1edbng d\u1eabn s\u1eed d\u1ee5ng:<\/strong><\/p>\n<p>Sau khi pha theo t\u1ec9 l\u1ec7, cho v\u1eadt li\u1ec7u, h\u00f3a ch\u1ea5t v\u00e0o m\u00e1y \u0111\u00e1nh b\u00f3ng rung v\u00e0 b\u1eadt m\u00e1y cho m\u00e1y ho\u1ea1t \u0111\u1ed9ng.<br \/>\nST-132 pha v\u1eeba ng\u1eadp h\u1ea1t m\u00e0i v\u00e0 chi ti\u1ebft, ch\u1ebf \u0111\u1ed9 rung ph\u00f9 h\u1ee3p, s\u1ea3n ph\u1ea9m sau \u0111\u00f3 ph\u1ea3i r\u1eeda n\u01b0\u1edbc s\u1ea1ch.<\/p>\n<p>B\u1ed5 sung: Dung d\u1ecbch \u0111\u00e1nh b\u00f3ng sau 1 l\u1ea7n, th\u01b0\u1eddng \u0111\u01b0\u1ee3c t\u00e1i s\u1eed d\u1ee5ng \u0111\u1ebfn 3 l\u1ea7n, sau m\u1ed7i l\u1ea7n b\u1ed5 sung 30% so v\u1edbi l\u01b0\u1ee3ng b\u1ed5 sung l\u1ea7n \u0111\u1ea7u. Tuy nhi\u00ean t\u00f9y theo th\u1ef1c t\u1ebf qu\u00e1 tr\u00ecnh s\u1eed d\u1ee5ng, l\u00ean \u0111\u01b0a ra ph\u01b0\u01a1ng ph\u00e1p b\u1ed5 sung thay th\u1ebf ph\u00f9 h\u1ee3p.<\/p>\n<p><strong>\u1ee8ng d\u1ee5ng<\/strong><br \/>\n&#8211; T\u1ea9y s\u1ea1ch b\u00f3ng nh\u00f4m, t\u1ea1o \u0111\u1ed9 s\u00e1ng b\u00f3ng cao<br \/>\n&#8211; Th\u1ee5 \u0111\u1ed9ng h\u00f3a, b\u1ea3o v\u1ec7 b\u1ec1 m\u1eb7t nh\u00f4m t\u1ed1t.<br \/>\n&#8211; L\u00e0m tr\u01a1n b\u1ec1 m\u1eb7t h\u1ea1t m\u00e0i, kh\u00f4ng g\u00e2y k\u1ebft d\u00ednh gi\u1eefa h\u1ea1t m\u00e0i v\u00e0 s\u1ea3n ph\u1ea9m<\/p>\n<p><strong>\u01afu \u0111i\u1ec3m<\/strong><br \/>\n&#8211; L\u00e0m s\u1ea1ch nhanh, c\u00f3 t\u00ednh n\u0103ng t\u1ea9y s\u1ea1ch, b\u00f3ng nh\u00f4m cao, th\u1eddi gian t\u1ea9y s\u00e1ng ng\u1eafn, hi\u1ec7u qu\u1ea3<br \/>\n&#8211; L\u01b0\u1ee3ng ti\u00eau hao \u00edt, hi\u1ec7u qu\u1ea3 kinh t\u1ebf cao.<br \/>\n&#8211; Kh\u00f4ng g\u00e2y bi\u1ebfn t\u00ednh b\u1ec1 m\u1eb7t nh\u00f4m, kh\u00f4ng g\u00e2y \u0111en nh\u00f4m, t\u1ea1o \u0111\u1ed9 b\u00f3ng s\u00e1ng cao, th\u1ee5 \u0111\u1ed9ng h\u00f3a, b\u1ea3o v\u1ec7 b\u1ec1 m\u1eb7t nh\u00f4m t\u1ed1t.<br \/>\n&#8211; L\u00e0m tr\u01a1n b\u1ec1 m\u1eb7t h\u1ea1t m\u00e0i, kh\u00f4ng g\u00e2y k\u1ebft d\u00ednh gi\u1eefa h\u1ea1t m\u00e0i v\u00e0 s\u1ea3n ph\u1ea9m, h\u00f2a tan t\u1ed1t trong n\u01b0\u1edbc.<\/p>\n<p><strong>Nh\u1eefng l\u01b0u \u00fd trong qu\u00e1 tr\u00ecnh s\u1eed d\u1ee5ng<\/strong><br \/>\n&#8211; H\u00f3a ch\u1ea5t t\u1ea9y b\u00f3ng nh\u00f4m NBT-190 mang t\u00ednh acid nh\u1eb9 v\u00ec v\u1eady trong qu\u00e1 tr\u00ecnh s\u1eed d\u1ee5ng tu\u00e2n th\u1ee7 nghi\u00eam ng\u1eb7t v\u1ec1 an to\u00e0n lao \u0111\u1ed9ng, v\u1ec7 sinh m\u00f4i tr\u01b0\u1eddng c\u01a1 s\u1edf: nh\u01b0 g\u0103ng tay cao su, k\u00ednh, kh\u1ea9u trang, \u1ee7ng, qu\u1ea1t th\u00f4ng gi\u00f3.<\/p>\n","protected":false},"excerpt":{"rendered":"<p>H\u00d3A CH\u1ea4T T\u1ea8Y B\u00d3NG NH\u00d4M NBT-190 Quy c\u00e1ch: 25kg\/can Xu\u1ea5t x\u1ee9 : NBT Chemical Ch\u1ea5t \u0111\u00e1nh b\u00f3ng nh\u00f4m NBT-190: L\u00e0 m\u1ed9t &#8230;<\/p>\n","protected":false},"featured_media":1381,"comment_status":"open","ping_status":"closed","template":"","meta":[],"product_cat":[42],"product_tag":[],"class_list":{"0":"post-1380","1":"product","2":"type-product","3":"status-publish","4":"has-post-thumbnail","6":"product_cat-hoa-chat-xu-ly-be-mat-kim-loai","8":"first","9":"instock","10":"shipping-taxable","11":"product-type-simple"},"_links":{"self":[{"href":"https:\/\/vinachemistry.com\/vi\/wp-json\/wp\/v2\/product\/1380","targetHints":{"allow":["GET"]}}],"collection":[{"href":"https:\/\/vinachemistry.com\/vi\/wp-json\/wp\/v2\/product"}],"about":[{"href":"https:\/\/vinachemistry.com\/vi\/wp-json\/wp\/v2\/types\/product"}],"replies":[{"embeddable":true,"href":"https:\/\/vinachemistry.com\/vi\/wp-json\/wp\/v2\/comments?post=1380"}],"wp:featuredmedia":[{"embeddable":true,"href":"https:\/\/vinachemistry.com\/vi\/wp-json\/wp\/v2\/media\/1381"}],"wp:attachment":[{"href":"https:\/\/vinachemistry.com\/vi\/wp-json\/wp\/v2\/media?parent=1380"}],"wp:term":[{"taxonomy":"product_cat","embeddable":true,"href":"https:\/\/vinachemistry.com\/vi\/wp-json\/wp\/v2\/product_cat?post=1380"},{"taxonomy":"product_tag","embeddable":true,"href":"https:\/\/vinachemistry.com\/vi\/wp-json\/wp\/v2\/product_tag?post=1380"}],"curies":[{"name":"wp","href":"https:\/\/api.w.org\/{rel}","templated":true}]}}