{"id":1370,"date":"2024-02-26T13:11:46","date_gmt":"2024-02-26T13:11:46","guid":{"rendered":"https:\/\/nbtchemical.com\/?post_type=product&#038;p=1370"},"modified":"2024-02-26T13:18:26","modified_gmt":"2024-02-26T13:18:26","slug":"chat-danh-bong-hoa-hoc-nhom-gel-nbt-500","status":"publish","type":"product","link":"https:\/\/vinachemistry.com\/vi\/product\/chat-danh-bong-hoa-hoc-nhom-gel-nbt-500\/","title":{"rendered":"Ch\u1ea5t \u0111\u00e1nh b\u00f3ng h\u00f3a h\u1ecdc nh\u00f4m gel NBT-500"},"content":{"rendered":"<p>H\u00f3a ch\u1ea5t t\u1ea9y b\u00f3ng nh\u00f4m gel NBT-500: L\u00e0 ch\u1ebf ph\u1ea9m \u0111\u01b0\u1ee3c \u0111i\u1ec1u ch\u1ebf t\u1eeb h\u1ed7n h\u1ee3p nhi\u1ec1u acid c\u00f3 t\u00ednh t\u1ea9y cao, t\u1ea9y s\u1ea1ch m\u1ed1c \u0111en c\u1ee7a nh\u00f4m, l\u00e0m b\u00f3ng m\u1ecbn v\u00e0 tr\u01a1 b\u1ec1 m\u1eb7t c\u1ee7a nh\u00f4m. T\u1ea1o l\u1edbp b\u1ea3o v\u1ec7 tr\u00e1nh oxi h\u00f3a, tr\u00e1nh m\u1ed1c tr\u00ean b\u1ec1 m\u1eb7t nh\u00f4m.<\/p>\n<p><strong>\u0110\u1eb7c t\u00ednh l\u00fd h\u00f3a<\/strong><br \/>\nTr\u1ea1ng th\u00e1i t\u1ed3n t\u1ea1i : <strong>Dung d\u1ecbch nh\u1edbt.<\/strong><br \/>\nM\u00f9i : H\u1eafc nh\u1eb9<br \/>\nM\u00e0u s\u1eafc : M\u00e0u tr\u1eafng \u0111\u1ee5c.<br \/>\nT\u00ednh ch\u1ea5t : Mang t\u00ednh acid m\u1ea1nh<\/p>\n<p><strong>Quy tr\u00ecnh c\u00f4ng ngh\u1ec7:<\/strong><br \/>\nT\u1ea9y d\u1ea7u (MC-03) &#8211; N\u01b0\u1edbc 2 l\u1ea7n &#8211; T\u1ea9y b\u00f3ng (ST-500) &#8211; N\u01b0\u1edbc 2 l\u1ea7n &#8211; Thu\u1ea7n h\u00f3a (CP-300)<\/p>\n<p><strong>S\u1eed d\u1ee5ng<\/strong><br \/>\n&#8211; B\u00f4i qu\u00e9t ch\u1ebf ph\u1ea9m gel NBT-500 tr\u1ef1c ti\u1ebfp l\u00ean b\u1ec1 m\u1eb7t nh\u00f4m, l\u00e0m nhi\u1ec1u l\u1ea7n.<br \/>\n&#8211; Th\u1eddi gian, (ph\u00fat) :3 (1.5 \u00f7 15), t\u00f9y theo th\u1ef1c t\u1ebf c\u00f3 th\u1eddi gian kh\u00e1c nhau.<br \/>\n&#8211; Khi th\u1ea5y b\u1ec1 m\u1eb7t nh\u00f4m \u0111\u00e3 tr\u1eafng, \u0111em r\u1eeda s\u1ea1ch v\u1edbi n\u01b0\u1edbc, \u0111\u1ec3 kh\u00f4 t\u1ef1 nhi\u00ean.<\/p>\n<p><strong>\u01afu \u0111i\u1ec3m<\/strong><br \/>\n&#8211; Kh\u00f4ng g\u00e2y bi\u1ebfn t\u00ednh b\u1ec1 m\u1eb7t nh\u00f4m.<br \/>\n&#8211; Ph\u01b0\u01a1ng ph\u00e1p \u0111\u01a1n gi\u1ea3n, th\u1eddi gian t\u1ea9y nhanh, d\u1ec5 th\u1ef1c hi\u1ec7n.<br \/>\n&#8211; L\u01b0\u1ee3ng ti\u00eau hao h\u00f3a ch\u1ea5t \u00edt, hi\u1ec7u qu\u1ea3 kinh t\u1ebf cao.<br \/>\nNh\u1eefng l\u01b0u \u00fd trong qu\u00e1 tr\u00ecnh s\u1eed d\u1ee5ng<br \/>\nH\u00f3a ch\u1ea5t t\u1ea9y b\u00f3ng nh\u00f4m gel NBT-500 mang t\u00ednh acid m\u1ea1nh v\u00ec v\u1eady ph\u1ea3n \u1ee9ng m\u1ea1nh v\u1edbi ki\u1ec1m v\u00e0 n\u01b0\u1edbc. Trong qu\u00e1 tr\u00ecnh s\u1eed d\u1ee5ng tu\u00e2n th\u1ee7 nghi\u00eam ng\u1eb7t v\u1ec1 an to\u00e0n lao \u0111\u1ed9ng, v\u1ec7 sinh m\u00f4i tr\u01b0\u1eddng c\u01a1 s\u1edf: nh\u01b0 g\u0103ng tay cao su, k\u00ednh, kh\u1ea9u trang, \u1ee7ng, qu\u1ea1t th\u00f4ng gi\u00f3.<\/p>\n<p><strong>X\u1eed l\u00fd c\u00e1c tr\u01b0\u1eddng h\u1ee3p tai n\u1ea1n.<\/strong><br \/>\n+ Ti\u1ebfp x\u00fac v\u00e0o da, tay, qu\u1ea7n \u00e1o : thay qu\u1ea7n \u00e1o ngay, r\u1eeda s\u1ea1ch d\u01b0\u1edbi v\u00f2i n\u01b0\u1edbc 15 ph\u00fat.<br \/>\n+ Ti\u1ebfp x\u00fac qua m\u1eaft:th\u00e1o k\u00ednh \u00e1p tr\u00f2ng, x\u1ea3 nh\u1eb9 n\u01b0\u1edbc s\u1ea1ch 15 ph\u00fat, ngh\u1ec9 ng\u01a1i, c\u1ea7n s\u1ef1 t\u01b0 v\u1ea5n c\u1ee7a B\u00e1c s\u1ef9.<br \/>\n+ Ti\u1ebfp x\u00fac qua \u0111\u01b0\u1eddng h\u00f4 h\u1ea5p: c\u1ea7n ra ch\u1ed7 th\u00f4ng tho\u00e1ng, n\u1ebfu kh\u00f3 th\u1edf, cho th\u1edf kh\u00ed oxy v\u00e0 g\u1eb7p B\u00e1c s\u1ef9.<br \/>\n+ Ti\u1ebfp x\u00fac qua mi\u1ec7ng: u\u1ed1ng nhi\u1ec1u n\u01b0\u1edbc, kh\u00f4ng \u0111\u01b0\u1ee3c cho b\u1ea5t c\u1ee9 v\u1eadt g\u00ec v\u00e0o h\u1ecdng khi b\u1ec7nh nh\u00e2n ng\u1ea5t s\u1ec9u, g\u1eb7p B\u00e1c s\u1ef9.<br \/>\n<strong>B\u1ea3o qu\u1ea3n v\u00e0 t\u1ed3n kho:<\/strong> B\u1ea3o qu\u1ea3n trong kho tho\u00e1ng m\u00e1t, ghi r\u00f5 nh\u00e3n m\u00e1c bao b\u00ec, ng\u00e0y s\u1ea3n xu\u1ea5t, h\u1ea1n s\u1eed d\u1ee5ng. Lu\u00f4n \u0111\u1eady k\u00edn can.<\/p>\n","protected":false},"excerpt":{"rendered":"<p>H\u00f3a ch\u1ea5t t\u1ea9y b\u00f3ng nh\u00f4m gel NBT-500: L\u00e0 ch\u1ebf ph\u1ea9m \u0111\u01b0\u1ee3c \u0111i\u1ec1u ch\u1ebf t\u1eeb h\u1ed7n h\u1ee3p nhi\u1ec1u acid c\u00f3 t\u00ednh t\u1ea9y &#8230;<\/p>\n","protected":false},"featured_media":1374,"comment_status":"open","ping_status":"closed","template":"","meta":[],"product_cat":[42],"product_tag":[],"class_list":{"0":"post-1370","1":"product","2":"type-product","3":"status-publish","4":"has-post-thumbnail","6":"product_cat-hoa-chat-xu-ly-be-mat-kim-loai","8":"first","9":"instock","10":"shipping-taxable","11":"product-type-simple"},"_links":{"self":[{"href":"https:\/\/vinachemistry.com\/vi\/wp-json\/wp\/v2\/product\/1370","targetHints":{"allow":["GET"]}}],"collection":[{"href":"https:\/\/vinachemistry.com\/vi\/wp-json\/wp\/v2\/product"}],"about":[{"href":"https:\/\/vinachemistry.com\/vi\/wp-json\/wp\/v2\/types\/product"}],"replies":[{"embeddable":true,"href":"https:\/\/vinachemistry.com\/vi\/wp-json\/wp\/v2\/comments?post=1370"}],"wp:featuredmedia":[{"embeddable":true,"href":"https:\/\/vinachemistry.com\/vi\/wp-json\/wp\/v2\/media\/1374"}],"wp:attachment":[{"href":"https:\/\/vinachemistry.com\/vi\/wp-json\/wp\/v2\/media?parent=1370"}],"wp:term":[{"taxonomy":"product_cat","embeddable":true,"href":"https:\/\/vinachemistry.com\/vi\/wp-json\/wp\/v2\/product_cat?post=1370"},{"taxonomy":"product_tag","embeddable":true,"href":"https:\/\/vinachemistry.com\/vi\/wp-json\/wp\/v2\/product_tag?post=1370"}],"curies":[{"name":"wp","href":"https:\/\/api.w.org\/{rel}","templated":true}]}}