{"id":1368,"date":"2024-02-26T13:04:03","date_gmt":"2024-02-26T13:04:03","guid":{"rendered":"https:\/\/nbtchemical.com\/?post_type=product&#038;p=1368"},"modified":"2024-02-26T13:04:03","modified_gmt":"2024-02-26T13:04:03","slug":"hoa-chat-tay-inox-nbt-189s1","status":"publish","type":"product","link":"https:\/\/vinachemistry.com\/vi\/product\/hoa-chat-tay-inox-nbt-189s1\/","title":{"rendered":"H\u00f3a ch\u1ea5t t\u1ea9y inox NBT-189S1"},"content":{"rendered":"<p>Quy c\u00e1ch: <strong>25kg\/can<\/strong><br \/>\nXu\u1ea5t x\u1ee9 : NBT Chemical<br \/>\nH\u00f3a ch\u1ea5t t\u1ea9y b\u00f3ng inox NBT-189S1: l\u00e0 m\u1ed9t h\u1ed7n h\u1ee3p acid nh\u1eb9, c\u00f3 t\u00ednh n\u0103ng t\u1ea9y s\u1ea1ch, b\u00f3ng inox cao, kh\u00f4ng g\u00e2y bi\u1ebfn t\u00ednh b\u1ec1 m\u1eb7t inox, kh\u00f4ng g\u00e2y \u0111en inox.<\/p>\n<p><strong>\u0110\u1eb7c t\u00ednh l\u00fd h\u00f3a:<\/strong><br \/>\nTr\u1ea1ng th\u00e1i t\u1ed3n t\u1ea1i :<strong> Dung d\u1ecbch.<\/strong><br \/>\nM\u00f9i : <strong>Kh\u00f4ng m\u00f9i<\/strong><br \/>\nM\u00e0u s\u1eafc : <strong>M\u00e0u tr\u1eafng<\/strong><br \/>\nT\u00ednh ch\u1ea5t : <strong>Mang t\u00ednh acid nh\u1eb9<\/strong><\/p>\n<p><strong>Pha ch\u1ebf:<\/strong><br \/>\n&#8211; Chu\u1ea9n b\u1ecb, v\u1eadt m\u00e0i (\u0111\u00e1, bi s\u1eaft, inox, \u2026), s\u1ea3n ph\u1ea9m c\u1ea7n \u0111\u00e1nh b\u00f3ng.<br \/>\n&#8211; T\u1ef7 l\u1ec7 pha, (g\/l) : 30 \u00f7 50 , t\u00f9y theo ch\u1ea5t li\u1ec7u s\u1ea3n ph\u1ea9m c\u1ea7n \u0111\u00e1nh b\u00f3ng.<br \/>\n&#8211; Th\u1eddi gian rung, (ph\u00fat) : 10 \u00f7 20<br \/>\nDung d\u1ecbch pha v\u1eeba ng\u1eadp h\u1ea1t m\u00e0i v\u00e0 chi ti\u1ebft, ch\u1ebf \u0111\u1ed9 rung ph\u00f9 h\u1ee3p, s\u1ea3n ph\u1ea9m sau \u0111\u00f3 ph\u1ea3i r\u1eeda n\u01b0\u1edbc s\u1ea1ch.<br \/>\nB\u1ed5 sung:<br \/>\nDung d\u1ecbch \u0111\u00e1nh b\u00f3ng sau 1 l\u1ea7n, th\u01b0\u1eddng \u0111\u01b0\u1ee3c t\u00e1i s\u1eed d\u1ee5ng \u0111\u1ebfn 3 l\u1ea7n, sau m\u1ed7i l\u1ea7n b\u1ed5 sung 30% so v\u1edbi l\u01b0\u1ee3ng b\u1ed5 sung l\u1ea7n \u0111\u1ea7u. Tuy nhi\u00ean t\u00f9y theo th\u1ef1c t\u1ebf trong qu\u00e1 tr\u00ecnh s\u1eed d\u1ee5ng, l\u00ean \u0111\u01b0a ra ph\u01b0\u01a1ng ph\u00e1p b\u1ed5 sung thay th\u1ebf ph\u00f9 h\u1ee3p nh\u1ea5t.<\/p>\n<p><strong>\u1ee8ng d\u1ee5ng<\/strong><br \/>\n&#8211; T\u1ea9y s\u1ea1ch b\u00f3ng \u1ecbnox, t\u1ea1o \u0111\u1ed9 s\u00e1ng b\u00f3ng cao<br \/>\n&#8211; Th\u1ee5 \u0111\u1ed9ng h\u00f3a, b\u1ea3o v\u1ec7 b\u1ec1 m\u1eb7t inox t\u1ed1t.<br \/>\n&#8211; L\u00e0m tr\u01a1n b\u1ec1 m\u1eb7t h\u1ea1t m\u00e0i, kh\u00f4ng g\u00e2y k\u1ebft d\u00ednh gi\u1eefa h\u1ea1t m\u00e0i v\u00e0 s\u1ea3n ph\u1ea9m<\/p>\n<p><strong>\u01afu \u0111i\u1ec3m<\/strong><br \/>\n&#8211; L\u00e0m s\u1ea1ch nhanh, th\u1eddi gian t\u1ea9y s\u00e1ng ng\u1eafn, hi\u1ec7u qu\u1ea3 cao<br \/>\n&#8211; L\u01b0\u1ee3ng ti\u00eau hao \u00edt, hi\u1ec7u qu\u1ea3 kinh t\u1ebf cao.<br \/>\n&#8211; Kh\u00f4ng g\u00e2y bi\u1ebfn t\u00ednh b\u1ec1 m\u1eb7t inox, kh\u00f4ng g\u00e2y \u0111en inox.<br \/>\nNh\u1eefng l\u01b0u \u00fd trong qu\u00e1 tr\u00ecnh s\u1eed d\u1ee5ng<br \/>\nH\u00f3a ch\u1ea5t t\u1ea9y b\u00f3ng nh\u00f4m ST-135S1 mang t\u00ednh acid nh\u1eb9 v\u00ec v\u1eady trong qu\u00e1 tr\u00ecnh s\u1eed d\u1ee5ng tu\u00e2n th\u1ee7 nghi\u00eam ng\u1eb7t v\u1ec1 an to\u00e0n lao \u0111\u1ed9ng, v\u1ec7 sinh m\u00f4i tr\u01b0\u1eddng c\u01a1 s\u1edf: nh\u01b0 g\u0103ng tay cao su, k\u00ednh, kh\u1ea9u trang, \u1ee7ng, qu\u1ea1t th\u00f4ng gi\u00f3.<\/p>\n<p><strong>X\u1eed l\u00fd c\u00e1c tr\u01b0\u1eddng h\u1ee3p tai n\u1ea1n.<\/strong><br \/>\n+ Ti\u1ebfp x\u00fac v\u00e0o da, tay, qu\u1ea7n \u00e1o : thay qu\u1ea7n \u00e1o ngay, r\u1eeda s\u1ea1ch d\u01b0\u1edbi v\u00f2i n\u01b0\u1edbc 15 ph\u00fat.<br \/>\n+ Ti\u1ebfp x\u00fac qua m\u1eaft:th\u00e1o k\u00ednh \u00e1p tr\u00f2ng, x\u1ea3 nh\u1eb9 n\u01b0\u1edbc s\u1ea1ch 15 ph\u00fat, ngh\u1ec9 ng\u01a1i, c\u1ea7n s\u1ef1 t\u01b0 v\u1ea5n c\u1ee7a B\u00e1c s\u1ef9.<br \/>\n+ Ti\u1ebfp x\u00fac qua \u0111\u01b0\u1eddng h\u00f4 h\u1ea5p: c\u1ea7n ra ch\u1ed7 th\u00f4ng tho\u00e1ng, n\u1ebfu kh\u00f3 th\u1edf, cho th\u1edf kh\u00ed oxy v\u00e0 g\u1eb7p B\u00e1c s\u1ef9.<br \/>\n+ Ti\u1ebfp x\u00fac qua mi\u1ec7ng: u\u1ed1ng nhi\u1ec1u n\u01b0\u1edbc, kh\u00f4ng \u0111\u01b0\u1ee3c cho b\u1ea5t c\u1ee9 v\u1eadt g\u00ec v\u00e0o h\u1ecdng khi b\u1ec7nh nh\u00e2n ng\u1ea5t s\u1ec9u, g\u1eb7p B\u00e1c s\u1ef9.<br \/>\n<strong>B\u1ea3o qu\u1ea3n v\u00e0 t\u1ed3n kho<\/strong>: B\u1ea3o qu\u1ea3n trong kho tho\u00e1ng m\u00e1t, ghi r\u00f5 nh\u00e3n m\u00e1c bao b\u00ec, ng\u00e0y s\u1ea3n xu\u1ea5t, h\u1ea1n s\u1eed d\u1ee5ng. Lu\u00f4n \u0111\u1eady k\u00edn can.<\/p>\n","protected":false},"excerpt":{"rendered":"<p>Quy c\u00e1ch: 25kg\/can Xu\u1ea5t x\u1ee9 : NBT Chemical H\u00f3a ch\u1ea5t t\u1ea9y b\u00f3ng inox NBT-189S1: l\u00e0 m\u1ed9t h\u1ed7n h\u1ee3p acid nh\u1eb9, c\u00f3 &#8230;<\/p>\n","protected":false},"featured_media":1369,"comment_status":"open","ping_status":"closed","template":"","meta":[],"product_cat":[42],"product_tag":[],"class_list":{"0":"post-1368","1":"product","2":"type-product","3":"status-publish","4":"has-post-thumbnail","6":"product_cat-hoa-chat-xu-ly-be-mat-kim-loai","8":"first","9":"instock","10":"shipping-taxable","11":"product-type-simple"},"_links":{"self":[{"href":"https:\/\/vinachemistry.com\/vi\/wp-json\/wp\/v2\/product\/1368","targetHints":{"allow":["GET"]}}],"collection":[{"href":"https:\/\/vinachemistry.com\/vi\/wp-json\/wp\/v2\/product"}],"about":[{"href":"https:\/\/vinachemistry.com\/vi\/wp-json\/wp\/v2\/types\/product"}],"replies":[{"embeddable":true,"href":"https:\/\/vinachemistry.com\/vi\/wp-json\/wp\/v2\/comments?post=1368"}],"wp:featuredmedia":[{"embeddable":true,"href":"https:\/\/vinachemistry.com\/vi\/wp-json\/wp\/v2\/media\/1369"}],"wp:attachment":[{"href":"https:\/\/vinachemistry.com\/vi\/wp-json\/wp\/v2\/media?parent=1368"}],"wp:term":[{"taxonomy":"product_cat","embeddable":true,"href":"https:\/\/vinachemistry.com\/vi\/wp-json\/wp\/v2\/product_cat?post=1368"},{"taxonomy":"product_tag","embeddable":true,"href":"https:\/\/vinachemistry.com\/vi\/wp-json\/wp\/v2\/product_tag?post=1368"}],"curies":[{"name":"wp","href":"https:\/\/api.w.org\/{rel}","templated":true}]}}