{"id":1366,"date":"2024-02-26T12:40:51","date_gmt":"2024-02-26T12:40:51","guid":{"rendered":"https:\/\/nbtchemical.com\/?post_type=product&#038;p=1366"},"modified":"2024-02-26T12:40:52","modified_gmt":"2024-02-26T12:40:52","slug":"hoa-chat-tay-kim-loai-nbt-802","status":"publish","type":"product","link":"https:\/\/vinachemistry.com\/vi\/product\/hoa-chat-tay-kim-loai-nbt-802\/","title":{"rendered":"H\u00f3a ch\u1ea5t t\u1ea9y kim lo\u1ea1i NBT-802"},"content":{"rendered":"<p>Ho\u00e1 ch\u1ea5t t\u1ea9y kim lo\u1ea1i NBT-802<br \/>\nCh\u1ebf ph\u1ea9m NBT-802 l\u00e0 h\u1ed7n h\u1ee3p acid, c\u00f3 t\u00ednh t\u1ea9y cao, t\u1ea9y s\u00e1ng nh\u00f4m, \u0111\u1ed3ng, t\u1ea1o \u0111\u1ed9 m\u1ecbn, tr\u01a1 b\u1ec1 m\u1eb7t, kh\u00f4ng g\u00e2y bi\u1ebfn t\u00ednh b\u1ec1 m\u1eb7t, b\u1ea3o v\u1ec7 l\u1edbp oxi h\u00f3a b\u1ec1n, th\u1eddi gian t\u1ea9y ng\u1eafn, hi\u1ec7u qu\u1ea3 kinh t\u1ebf cao.<\/p>\n<p><strong>\u0110\u1eb7c t\u00ednh l\u00fd h\u00f3a<\/strong><br \/>\nTr\u1ea1ng th\u00e1i : <strong>dung d\u1ecbch<\/strong><br \/>\nM\u00e0u : <strong>m\u00e0u cam<\/strong><br \/>\nM\u00f9i : <strong>m\u00f9i h\u1eafc nh\u1eb9<\/strong><br \/>\npH : <strong>&lt; 2<\/strong><br \/>\nCh\u00e1y : <strong>kh\u00f4ng ch\u00e1y<\/strong><\/p>\n<p><strong>Quy tr\u00ecnh c\u00f4ng ngh\u1ec7:<\/strong><br \/>\nT\u1ea9y s\u00e1ng NBT-802 &#8211; R\u1eeda n\u01b0\u1edbc<\/p>\n<p><strong>S\u1eed d\u1ee5ng<\/strong><br \/>\n&#8211; Ng\u00e2m tr\u1ef1c ti\u1ebfp s\u1ea3n ph\u1ea9m v\u00e0o th\u00f9ng ch\u01b0a h\u00f3a ch\u1ea5t NBT-802.<br \/>\n&#8211; NBT-802 \u0111\u01b0\u1ee3c pha v\u1edbi n\u01b0\u1edbc tr\u01b0\u1edbc khi s\u1eed d\u1ee5ng.<br \/>\n&#8211; T\u1ef7 l\u1ec7, (g\/l) : 200 \u00f7 500<br \/>\n&#8211; Th\u1eddi gian, ph\u00fat : 10 \u00f7 15, t\u00f9y theo th\u1ef1c t\u1ebf c\u00f3 th\u1eddi gian kh\u00e1c nhau<br \/>\n&#8211; Khi th\u1ea5y b\u1ec1 m\u1eb7t nh\u00f4m, \u0111\u1ed3ng \u0111\u00e3 \u0111\u01b0\u1ee3c t\u1ea9y s\u1ea1ch l\u1edbp x\u1ec9n, \u0111em r\u1eeda s\u1ea1ch v\u1edbi n\u01b0\u1edbc, \u0111\u1ec3 kh\u00f4 t\u1ef1 nhi\u00ean.<br \/>\n&#8211; V\u1eadt li\u1ec7u b\u1ec3, composite (FRP), PP, PE.<\/p>\n<p><strong>\u01afu \u0111i\u1ec3m<\/strong><br \/>\n&#8211; Kh\u00f4ng g\u00e2y bi\u1ebfn t\u00ednh b\u1ec1 m\u1eb7t nh\u00f4m, \u0111\u1ed3ng<br \/>\n&#8211; Ph\u01b0\u01a1ng ph\u00e1p \u0111\u01a1n gi\u1ea3n, th\u1eddi gian t\u1ea9y nhanh, d\u1ec5 th\u1ef1c hi\u1ec7n.<br \/>\n&#8211; L\u01b0\u1ee3ng ti\u00eau hao h\u00f3a ch\u1ea5t \u00edt, hi\u1ec7u qu\u1ea3 kinh t\u1ebf cao.<\/p>\n<p><strong>Nh\u1eefng l\u01b0u \u00fd trong qu\u00e1 tr\u00ecnh s\u1eed d\u1ee5ng<\/strong><br \/>\n&#8211; H\u00f3a ch\u1ea5t t\u1ea9y kim lo\u1ea1i NBT-802 mang t\u00ednh acid v\u00ec v\u1eady ph\u1ea3n \u1ee9ng m\u1ea1nh v\u1edbi ki\u1ec1m v\u00e0 n\u01b0\u1edbc. Trong qu\u00e1 tr\u00ecnh s\u1eed d\u1ee5ng tu\u00e2n th\u1ee7 nghi\u00eam ng\u1eb7t v\u1ec1 an to\u00e0n lao \u0111\u1ed9ng, v\u1ec7 sinh m\u00f4i tr\u01b0\u1eddng c\u01a1 s\u1edf: nh\u01b0 g\u0103ng tay cao su, k\u00ednh, kh\u1ea9u trang, \u1ee7ng, qu\u1ea1t th\u00f4ng gi\u00f3.<br \/>\nmac-do-bao-ho<\/p>\n<p><strong>X\u1eed l\u00fd c\u00e1c tr\u01b0\u1eddng h\u1ee3p tai n\u1ea1n.<\/strong><br \/>\n+ Ti\u1ebfp x\u00fac v\u00e0o da, tay, qu\u1ea7n \u00e1o : thay qu\u1ea7n \u00e1o ngay, r\u1eeda s\u1ea1ch d\u01b0\u1edbi v\u00f2i n\u01b0\u1edbc 15 ph\u00fat.<br \/>\n+ Ti\u1ebfp x\u00fac qua m\u1eaft:th\u00e1o k\u00ednh \u00e1p tr\u00f2ng, x\u1ea3 nh\u1eb9 n\u01b0\u1edbc s\u1ea1ch 15 ph\u00fat, ngh\u1ec9 ng\u01a1i, c\u1ea7n s\u1ef1 t\u01b0 v\u1ea5n c\u1ee7a B\u00e1c s\u1ef9.<br \/>\n+ Ti\u1ebfp x\u00fac qua \u0111\u01b0\u1eddng h\u00f4 h\u1ea5p: c\u1ea7n ra ch\u1ed7 th\u00f4ng tho\u00e1ng, n\u1ebfu kh\u00f3 th\u1edf, cho th\u1edf kh\u00ed oxy v\u00e0 g\u1eb7p B\u00e1c s\u1ef9.<br \/>\n+ Ti\u1ebfp x\u00fac qua mi\u1ec7ng: u\u1ed1ng nhi\u1ec1u n\u01b0\u1edbc, kh\u00f4ng \u0111\u01b0\u1ee3c cho b\u1ea5t c\u1ee9 v\u1eadt g\u00ec v\u00e0o h\u1ecdng khi b\u1ec7nh nh\u00e2n ng\u1ea5t s\u1ec9u, g\u1eb7p B\u00e1c s\u1ef9.<br \/>\n<strong>&#8211; B\u1ea3o qu\u1ea3n v\u00e0 t\u1ed3n kho:<\/strong> B\u1ea3o qu\u1ea3n trong kho tho\u00e1ng m\u00e1t, ghi r\u00f5 nh\u00e3n m\u00e1c bao b\u00ec, ng\u00e0y s\u1ea3n xu\u1ea5t, h\u1ea1n s\u1eed d\u1ee5ng. Lu\u00f4n \u0111\u1eady k\u00edn can.<\/p>\n","protected":false},"excerpt":{"rendered":"<p>Ho\u00e1 ch\u1ea5t t\u1ea9y kim lo\u1ea1i NBT-802 Ch\u1ebf ph\u1ea9m NBT-802 l\u00e0 h\u1ed7n h\u1ee3p acid, c\u00f3 t\u00ednh t\u1ea9y cao, t\u1ea9y s\u00e1ng nh\u00f4m, \u0111\u1ed3ng, &#8230;<\/p>\n","protected":false},"featured_media":1367,"comment_status":"open","ping_status":"closed","template":"","meta":[],"product_cat":[42],"product_tag":[],"class_list":{"0":"post-1366","1":"product","2":"type-product","3":"status-publish","4":"has-post-thumbnail","6":"product_cat-hoa-chat-xu-ly-be-mat-kim-loai","8":"first","9":"instock","10":"shipping-taxable","11":"product-type-simple"},"_links":{"self":[{"href":"https:\/\/vinachemistry.com\/vi\/wp-json\/wp\/v2\/product\/1366","targetHints":{"allow":["GET"]}}],"collection":[{"href":"https:\/\/vinachemistry.com\/vi\/wp-json\/wp\/v2\/product"}],"about":[{"href":"https:\/\/vinachemistry.com\/vi\/wp-json\/wp\/v2\/types\/product"}],"replies":[{"embeddable":true,"href":"https:\/\/vinachemistry.com\/vi\/wp-json\/wp\/v2\/comments?post=1366"}],"wp:featuredmedia":[{"embeddable":true,"href":"https:\/\/vinachemistry.com\/vi\/wp-json\/wp\/v2\/media\/1367"}],"wp:attachment":[{"href":"https:\/\/vinachemistry.com\/vi\/wp-json\/wp\/v2\/media?parent=1366"}],"wp:term":[{"taxonomy":"product_cat","embeddable":true,"href":"https:\/\/vinachemistry.com\/vi\/wp-json\/wp\/v2\/product_cat?post=1366"},{"taxonomy":"product_tag","embeddable":true,"href":"https:\/\/vinachemistry.com\/vi\/wp-json\/wp\/v2\/product_tag?post=1366"}],"curies":[{"name":"wp","href":"https:\/\/api.w.org\/{rel}","templated":true}]}}