{"id":1364,"date":"2024-02-26T12:22:06","date_gmt":"2024-02-26T12:22:06","guid":{"rendered":"https:\/\/nbtchemical.com\/?post_type=product&#038;p=1364"},"modified":"2024-02-26T12:22:06","modified_gmt":"2024-02-26T12:22:06","slug":"hoa-chat-cromate-nhom-khong-mau-cr-425e","status":"publish","type":"product","link":"https:\/\/vinachemistry.com\/vi\/product\/hoa-chat-cromate-nhom-khong-mau-cr-425e\/","title":{"rendered":"H\u00f3a ch\u1ea5t cromate nh\u00f4m kh\u00f4ng m\u00e0u CR-425E"},"content":{"rendered":"<p>H\u00f3a ch\u1ea5t cromate nh\u00f4m kh\u00f4ng m\u00e0u CR-425E<br \/>\nQuy c\u00e1ch: 25, 30kg\/can<br \/>\nXu\u1ea5t x\u1ee9 : Vi\u1ec7t Quang<br \/>\nH\u00f3a ch\u1ea5t cromate nh\u00f4m kh\u00f4ng m\u00e0u CR-425E: L\u00e0 ch\u1ebf ph\u00e2m \u0111\u1eb7c bi\u1ec7t t\u1ea1o ra 1 l\u1edbp ph\u1ee7 chuy\u1ec3n kh\u00f4ng m\u00e0u l\u00ean b\u1ec1 m\u1eb7t nh\u00f4m.<\/p>\n<p><strong>\u0110\u1eb7c t\u00ednh l\u00fd h\u00f3a:<\/strong><br \/>\nTr\u1ea1ng th\u00e1i t\u1ed3n t\u1ea1i : Dung d\u1ecbch<br \/>\nM\u00e0u s\u1eafc : M\u00e0u v\u00e0ng, cam, n\u00e2u<br \/>\nKh\u1ea3 n\u0103ng tan trong n\u01b0\u1edbc : C\u00f3<br \/>\nT\u00ednh ch\u1ea5t : Mang t\u00ednh acid<\/p>\n<p><strong>Pha ch\u1ebf:<\/strong><br \/>\nPh\u01b0\u01a1ng ph\u00e1p : Ng\u00e2m<br \/>\nH\u00e0m l\u01b0\u1ee3ng (g\/l) : 30<br \/>\nNhi\u1ec7t \u0111\u1ed9 : th\u01b0\u1eddng<br \/>\nTh\u1eddi gian (ph\u00fat) : 5<\/p>\n<p><strong>\u01afu \u0111i\u1ec3m:<\/strong><br \/>\n&#8211; Thao t\u00e1c \u0111\u01a1n gi\u1ea3n.<br \/>\n&#8211; Th\u1eddi gian ng\u00e2m ng\u1eafn, ti\u00eau hao \u00edt, hi\u1ec7u qu\u1ea3 kinh t\u1ebf cao.<br \/>\n&#8211; Kh\u00f4ng b\u1ecb bay m\u00e0u khi s\u1ea5y \u1edf nhi\u1ec7t \u0111\u1ed9 cao.<\/p>\n<p><strong>\u1ee8ng d\u1ee5ng:<\/strong><br \/>\n&#8211; Ch\u1ed1ng m\u1ed1c nh\u00f4m, kh\u00f4ng g\u00e2y s\u00f9i b\u1ec1 m\u1eb7t nh\u00f4m.<br \/>\n&#8211; T\u1ea1o ch\u00e2n b\u00e1m, t\u1ea1o \u0111\u1ed9 \u0111\u00e0n h\u1ed3i cho l\u1edbp s\u01a1n t\u0129nh \u0111i\u1ec7n.<br \/>\nC\u00e1ch ki\u1ec3m tra m\u00e0ng cromate nh\u00f4m \u0111\u00e3 \u0111\u1ea1t \u0111\u00fang y\u00eau c\u1ea7u ch\u01b0a:<br \/>\n&#8211; M\u00e0ng cromat kh\u00f4ng m\u00e0u, m\u1ecbn \u0111\u1ec1u ch\u1eafc, ra anh s\u00e1ng r\u1ea5t s\u00e1ng, b\u00f3ng.<br \/>\n&#8211; Kh\u00f4ng \u0111\u01b0\u1ee3c loang \u1ed1, kh\u00f4ng s\u00f9i b\u1ed9t tr\u1eafng hay c\u00f2n g\u1ecdi l\u00e0 m\u1ed1c nh\u00f4m.<br \/>\n<strong>Nh\u1eefng l\u1ed7i th\u01b0\u1eddng g\u1eb7p trong x\u1eed l\u00fd nh\u00f4m<\/strong><br \/>\n&#8211; Nh\u00f4m sau khi x\u1eed l\u00fd ra b\u1ed9t, d\u1ea1ng ph\u1ea5n, lau ra r\u1ea5t b\u1ee5i.<br \/>\n&#8211; M\u00e0ng lau k\u1ef9 ra h\u1ebft m\u00e0u, tr\u01a1 l\u1ea1i n\u1ec1n nh\u00f4m<br \/>\n&#8211; M\u00e0ng t\u1ed1i m\u00e0u, x\u1ec9n<br \/>\n&#8211; Loang kh\u00f4ng \u0111\u1ec1u<br \/>\n&#8211; M\u00e0ng \u0111\u1eb9p, s\u01a1n xong v\u1eabn bong s\u01a1n<br \/>\n&#8211; M\u00e0ng nh\u1ea1t m\u00e0u qu\u00e1.<br \/>\n\u0110\u1eb7c t\u00ednh c\u1ee7a l\u1edbp ph\u1ee7 Cromate nh\u00f4m<br \/>\nL\u1edbp ph\u1ee7 Cromate ph\u1ee5 thu\u1ed9c nhi\u1ec1u v\u00e0o kim lo\u1ea1i n\u1ec1n.<br \/>\n\u1ea2nh h\u01b0\u1edfng c\u1ee7a \u0111\u1ed9 pH, pH l\u00e0 y\u1ebfu t\u1ed1 quan tr\u1ecdng \u0111\u1ec3 ki\u1ec3m so\u00e1t qu\u00e1 tr\u00ecnh t\u1ea1o l\u1edbp ph\u1ee7 th\u01b0\u1eddng l\u00e0 1,2-2,6.<br \/>\n\u0110\u1eb7c t\u00ednh c\u1ee7a l\u1edbp Crom quy\u1ebft \u0111\u1ecbnh t\u1ed1c \u0111\u1ed9 t\u1ea1o l\u1edbp ph\u1ee7<br \/>\n<strong>Nh\u1eefng l\u01b0u \u00fd khi s\u1eed d\u1ee5ng h\u00f3a ch\u1ea5t cromate nh\u00f4m kh\u00f4ng m\u00e0u CR-425E:<\/strong><br \/>\n&#8211; H\u00f3a ch\u1ea5t cromate nh\u00f4m kh\u00f4ng m\u00e0u CR-425E mang t\u00ednh acid nh\u1eb9, n\u00ean khi s\u1eed d\u1ee5ng ph\u1ea3i tu\u00e2n th\u1ee7 an to\u00e0n lao \u0111\u1ed9ng. Nh\u01b0 kh\u1ea9u trang ph\u00f2ng \u0111\u1ed9c, g\u0103ng tay cao su, k\u00ednh, qu\u1ea7n \u00e1o b\u1ea3o h\u1ed9.<\/p>\n<p><strong>X\u1eed l\u00fd c\u00e1c tr\u01b0\u1eddng h\u1ee3p tai n\u1ea1n.<\/strong><br \/>\n&#8211; Ti\u1ebfp x\u00fac v\u00e0o da, tay, qu\u1ea7n \u00e1o : thay qu\u1ea7n \u00e1o ngay, r\u1eeda s\u1ea1ch d\u01b0\u1edbi v\u00f2i n\u01b0\u1edbc 15 ph\u00fat.<br \/>\n&#8211; Ti\u1ebfp x\u00fac qua m\u1eaft : th\u00e1o k\u00ednh \u00e1p tr\u00f2ng, x\u1ea3 nh\u1eb9 n\u01b0\u1edbc s\u1ea1ch 15 ph\u00fat, ngh\u1ec9 ng\u01a1i, c\u1ea7n s\u1ef1 t\u01b0 v\u1ea5n c\u1ee7a B\u00e1c s\u1ef9.<br \/>\n&#8211; Ti\u1ebfp x\u00fac qua \u0111\u01b0\u1eddng h\u00f4 h\u1ea5p : c\u1ea7n ra ch\u1ed7 th\u00f4ng tho\u00e1ng, n\u1ebfu kh\u00f3 th\u1edf, cho th\u1edf kh\u00ed oxy v\u00e0 g\u1eb7p B\u00e1c s\u1ef9.<br \/>\n&#8211; Ti\u1ebfp x\u00fac qua mi\u1ec7ng : u\u1ed1ng nhi\u1ec1u n\u01b0\u1edbc, kh\u00f4ng \u0111\u01b0\u1ee3c cho b\u1ea5t c\u1ee9 v\u1eadt g\u00ec v\u00e0o h\u1ecdng khi b\u1ec7nh nh\u00e2n ng\u1ea5t s\u1ec9u, g\u1eb7p B\u00e1c s\u1ef9.<br \/>\n<strong>B\u1ea3o qu\u1ea3n v\u00e0 t\u1ed3n kho:<\/strong> B\u1ea3o qu\u1ea3n trong kho tho\u00e1ng m\u00e1t, ghi r\u00f5 nh\u00e3n m\u00e1c bao b\u00ec, ng\u00e0y s\u1ea3n xu\u1ea5t, h\u1ea1n s\u1eed d\u1ee5ng. Lu\u00f4n \u0111\u1eady k\u00edn can.<\/p>\n","protected":false},"excerpt":{"rendered":"<p>H\u00f3a ch\u1ea5t cromate nh\u00f4m kh\u00f4ng m\u00e0u CR-425E Quy c\u00e1ch: 25, 30kg\/can Xu\u1ea5t x\u1ee9 : Vi\u1ec7t Quang H\u00f3a ch\u1ea5t cromate nh\u00f4m kh\u00f4ng &#8230;<\/p>\n","protected":false},"featured_media":1365,"comment_status":"open","ping_status":"closed","template":"","meta":[],"product_cat":[45],"product_tag":[],"class_list":{"0":"post-1364","1":"product","2":"type-product","3":"status-publish","4":"has-post-thumbnail","6":"product_cat-hoa-chat-cho-cong-nghe-ma-chrome","8":"first","9":"instock","10":"shipping-taxable","11":"product-type-simple"},"_links":{"self":[{"href":"https:\/\/vinachemistry.com\/vi\/wp-json\/wp\/v2\/product\/1364","targetHints":{"allow":["GET"]}}],"collection":[{"href":"https:\/\/vinachemistry.com\/vi\/wp-json\/wp\/v2\/product"}],"about":[{"href":"https:\/\/vinachemistry.com\/vi\/wp-json\/wp\/v2\/types\/product"}],"replies":[{"embeddable":true,"href":"https:\/\/vinachemistry.com\/vi\/wp-json\/wp\/v2\/comments?post=1364"}],"wp:featuredmedia":[{"embeddable":true,"href":"https:\/\/vinachemistry.com\/vi\/wp-json\/wp\/v2\/media\/1365"}],"wp:attachment":[{"href":"https:\/\/vinachemistry.com\/vi\/wp-json\/wp\/v2\/media?parent=1364"}],"wp:term":[{"taxonomy":"product_cat","embeddable":true,"href":"https:\/\/vinachemistry.com\/vi\/wp-json\/wp\/v2\/product_cat?post=1364"},{"taxonomy":"product_tag","embeddable":true,"href":"https:\/\/vinachemistry.com\/vi\/wp-json\/wp\/v2\/product_tag?post=1364"}],"curies":[{"name":"wp","href":"https:\/\/api.w.org\/{rel}","templated":true}]}}