{"id":1355,"date":"2024-02-26T12:14:44","date_gmt":"2024-02-26T12:14:44","guid":{"rendered":"https:\/\/nbtchemical.com\/?post_type=product&#038;p=1355"},"modified":"2024-02-26T12:14:44","modified_gmt":"2024-02-26T12:14:44","slug":"hoa-chat-dinh-hinh-nhom-dh-800s9","status":"publish","type":"product","link":"https:\/\/vinachemistry.com\/vi\/product\/hoa-chat-dinh-hinh-nhom-dh-800s9\/","title":{"rendered":"H\u00f3a ch\u1ea5t \u0111\u1ecbnh h\u00ecnh nh\u00f4m DH-800S9"},"content":{"rendered":"<p>H\u00f3a ch\u1ea5t \u0111\u1ecbnh h\u00ecnh nh\u00f4m DH-800S9<br \/>\nQuy c\u00e1ch: <strong>25, 30kg\/bao<\/strong><br \/>\nXu\u1ea5t x\u1ee9 : <strong>NBT Chemical<\/strong><br \/>\nH\u00f3a ch\u1ea5t \u0111\u1ecbnh h\u00ecnh nh\u00f4m DH-800S9: L\u00e0 ch\u1ea5t ho\u1ea1t \u0111\u1ed9ng b\u1ec1 m\u1eb7t nh\u1eb1m \u0111i\u1ec1u ch\u1ec9nh m\u1ea7m tr\u01b0\u1edbc khi cromate nh\u00f4m nh\u1eb1m n\u00e2ng cao ch\u1ea5t l\u01b0\u1ee3ng b\u1ec1 m\u1eb7t s\u1ea3n ph\u1ea9m nh\u00f4m, tr\u00e1nh m\u1ed1c nh\u00f4m.<\/p>\n<p><strong>\u0110\u1eb7c t\u00ednh l\u00fd h\u00f3a:<\/strong><br \/>\nTr\u1ea1ng th\u00e1i t\u1ed3n t\u1ea1i : Dung d\u1ecbch<br \/>\nM\u00e0u s\u1eafc : M\u00e0u n\u00e2u \u0111\u1ecf<br \/>\nKh\u1ea3 n\u0103ng tan trong n\u01b0\u1edbc : C\u00f3<br \/>\nT\u00ednh ch\u1ea5t : Mang t\u00ednh acid nh\u1eb9<\/p>\n<p><strong>Pha ch\u1ebf:<\/strong><br \/>\nPh\u01b0\u01a1ng ph\u00e1p : Ng\u00e2m<br \/>\nH\u00e0m l\u01b0\u1ee3ng (g\/l) : 30<br \/>\nNhi\u1ec7t \u0111\u1ed9 : th\u01b0\u1eddng<br \/>\nTh\u1eddi gian (ph\u00fat) : 1 \u00f7 5<\/p>\n<p><strong>\u1ee8ng d\u1ee5ng:<\/strong><br \/>\n&#8211; Ta\u1ecd m\u1ea7m cho b\u1ec1 m\u1eb7t nh\u00f4m tr\u01b0\u1edbc khi ti\u1ebfn h\u00e0nh cromate.<br \/>\n&#8211; Gi\u00fap cho l\u1edbp cromate \u0111\u1eb9p v\u00e0 m\u1ecbn h\u01a1n.<br \/>\n&#8211; L\u00e0m cho nh\u00f4m kh\u00f4ng b\u1ecb m\u1ed1c v\u00e0 s\u00f9i l\u00ean.<\/p>\n<p><strong>Nh\u1eefng l\u01b0u \u00fd khi s\u1eed d\u1ee5ng h\u00f3a ch\u1ea5t \u0111\u1ecbnh h\u00ecnh nh\u00f4m DH-800S9<\/strong><strong>:<\/strong><br \/>\n&#8211; H\u00f3a ch\u1ea5t \u0111\u1ecbnh hinh nh\u00f4m DH-800S9 mang t\u00ednh acid nh\u1eb9, n\u00ean khi s\u1eed d\u1ee5ng ph\u1ea3i tu\u00e2n th\u1ee7 an to\u00e0n lao \u0111\u1ed9ng. Nh\u01b0 kh\u1ea9u trang ph\u00f2ng \u0111\u1ed9c, g\u0103ng tay cao su, k\u00ednh, qu\u1ea7n \u00e1o b\u1ea3o h\u1ed9<\/p>\n<p><strong>X\u1eed l\u00fd c\u00e1c tr\u01b0\u1eddng h\u1ee3p tai n\u1ea1n.<\/strong><br \/>\nTi\u1ebfp x\u00fac v\u00e0o da, tay, qu\u1ea7n \u00e1o : thay qu\u1ea7n \u00e1o ngay, r\u1eeda s\u1ea1ch d\u01b0\u1edbi v\u00f2i n\u01b0\u1edbc 15 ph\u00fat.<br \/>\nTi\u1ebfp x\u00fac qua m\u1eaft : th\u00e1o k\u00ednh \u00e1p tr\u00f2ng, x\u1ea3 nh\u1eb9 n\u01b0\u1edbc s\u1ea1ch 15 ph\u00fat, ngh\u1ec9 ng\u01a1i, c\u1ea7n s\u1ef1 t\u01b0 v\u1ea5n c\u1ee7a B\u00e1c s\u1ef9.<br \/>\nTi\u1ebfp x\u00fac qua \u0111\u01b0\u1eddng h\u00f4 h\u1ea5p : c\u1ea7n ra ch\u1ed7 th\u00f4ng tho\u00e1ng, n\u1ebfu kh\u00f3 th\u1edf, cho th\u1edf kh\u00ed oxy v\u00e0 g\u1eb7p B\u00e1c s\u1ef9.<br \/>\nTi\u1ebfp x\u00fac qua mi\u1ec7ng : u\u1ed1ng nhi\u1ec1u n\u01b0\u1edbc, kh\u00f4ng \u0111\u01b0\u1ee3c cho b\u1ea5t c\u1ee9 v\u1eadt g\u00ec v\u00e0o h\u1ecdng khi b\u1ec7nh nh\u00e2n ng\u1ea5t s\u1ec9u, g\u1eb7p B\u00e1c s\u1ef9.<br \/>\n&#8211; B\u1ea3o qu\u1ea3n v\u00e0 t\u1ed3n kho: B\u1ea3o qu\u1ea3n trong kho tho\u00e1ng m\u00e1t, ghi r\u00f5 nh\u00e3n m\u00e1c bao b\u00ec, ng\u00e0y s\u1ea3n xu\u1ea5t, h\u1ea1n s\u1eed d\u1ee5ng. Lu\u00f4n \u0111\u1eady k\u00edn can.<\/p>\n","protected":false},"excerpt":{"rendered":"<p>H\u00f3a ch\u1ea5t \u0111\u1ecbnh h\u00ecnh nh\u00f4m DH-800S9 Quy c\u00e1ch: 25, 30kg\/bao Xu\u1ea5t x\u1ee9 : NBT Chemical H\u00f3a ch\u1ea5t \u0111\u1ecbnh h\u00ecnh nh\u00f4m DH-800S9: &#8230;<\/p>\n","protected":false},"featured_media":1361,"comment_status":"open","ping_status":"closed","template":"","meta":[],"product_cat":[45],"product_tag":[],"class_list":{"0":"post-1355","1":"product","2":"type-product","3":"status-publish","4":"has-post-thumbnail","6":"product_cat-hoa-chat-cho-cong-nghe-ma-chrome","8":"first","9":"instock","10":"shipping-taxable","11":"product-type-simple"},"_links":{"self":[{"href":"https:\/\/vinachemistry.com\/vi\/wp-json\/wp\/v2\/product\/1355","targetHints":{"allow":["GET"]}}],"collection":[{"href":"https:\/\/vinachemistry.com\/vi\/wp-json\/wp\/v2\/product"}],"about":[{"href":"https:\/\/vinachemistry.com\/vi\/wp-json\/wp\/v2\/types\/product"}],"replies":[{"embeddable":true,"href":"https:\/\/vinachemistry.com\/vi\/wp-json\/wp\/v2\/comments?post=1355"}],"wp:featuredmedia":[{"embeddable":true,"href":"https:\/\/vinachemistry.com\/vi\/wp-json\/wp\/v2\/media\/1361"}],"wp:attachment":[{"href":"https:\/\/vinachemistry.com\/vi\/wp-json\/wp\/v2\/media?parent=1355"}],"wp:term":[{"taxonomy":"product_cat","embeddable":true,"href":"https:\/\/vinachemistry.com\/vi\/wp-json\/wp\/v2\/product_cat?post=1355"},{"taxonomy":"product_tag","embeddable":true,"href":"https:\/\/vinachemistry.com\/vi\/wp-json\/wp\/v2\/product_tag?post=1355"}],"curies":[{"name":"wp","href":"https:\/\/api.w.org\/{rel}","templated":true}]}}