{"id":1348,"date":"2024-02-26T11:54:23","date_gmt":"2024-02-26T11:54:23","guid":{"rendered":"https:\/\/nbtchemical.com\/?post_type=product&#038;p=1348"},"modified":"2024-02-26T12:16:05","modified_gmt":"2024-02-26T12:16:05","slug":"hoa-chat-cromate-nhom-mau-xanh-o-liu-cr425d","status":"publish","type":"product","link":"https:\/\/vinachemistry.com\/vi\/product\/hoa-chat-cromate-nhom-mau-xanh-o-liu-cr425d\/","title":{"rendered":"H\u00f3a ch\u1ea5t cromate nh\u00f4m m\u00e0u xanh \u00f4 liu CR-425D"},"content":{"rendered":"<p class=\"post-code\"><span class=\"align\">M\u00e3 s\u1ea3n ph\u1ea9m:<\/span><b> CR-425D<\/b><\/p>\n<p class=\"post-code\">Tr\u1ea1ng th\u00e1i:<b> dung d\u1ecbch<br \/>\n<\/b>M\u00e0u s\u1eafc:<b> m\u00e0u cam<br \/>\n<\/b>\u0110\u1ed9 h\u00f2a tan:<b> tan trong n\u01b0\u1edbc<br \/>\n<\/b>Kh\u1ed1i l\u01b0\u1ee3ng ri\u00eang:<b> (25 \u0111\u1ed9 C, g\/ml) 1.27 \u00b1 0.01<br \/>\n<\/b>pH:<b> (5%, w\/v) &lt; 2<\/b><\/p>\n<p>Ch\u1ebf ph\u1ea9m h\u00f3a h\u1ecdc CR-425D v\u1edbi c\u00f4ng th\u1ee9c \u0111\u1eb7c bi\u1ec7t t\u1ea1o ra m\u1ed9t l\u1edbp ph\u1ee7 chuy\u1ec3n \u0111\u1ed5i m\u00e0u xanh \u00f4 liu tr\u00ean b\u1ec1 m\u1eb7t nh\u00f4m C\u00f3 kh\u1ea3 n\u0103ng ch\u1ed1ng m\u1ed1c nh\u00f4m, kh\u00f4ng g\u00e2y s\u00f9i b\u1ec1 m\u1eb7t, t\u1ea1o ch\u00e2n b\u00e1m, t\u1ea1o \u0111\u1ed3 \u0111\u00e0n h\u1ed3i cho l\u1edbp s\u01a1n t\u0129nh \u0111i\u1ec7n Thao t\u00e1c \u0111\u01a1n gi\u1ea3n, th\u1eddi gian ng\u00e2m ng\u1eafn, ti\u00eau hao \u00edt, hi\u1ec7u qu\u1ea3 kinh t\u1ebf cao Kh\u00f4ng b\u1ecb bay m\u00e0u khi s\u1ea5y \u1edf nhi\u1ec7t \u0111\u1ed9 cao.<\/p>\n<p><strong>Quy tr\u00ecnh c\u00f4ng ngh\u1ec7<\/strong><br \/>\nT\u1ea9y d\u1ea7u (MC-04) \u2192 R\u1eeda n\u01b0\u1edbc \u2192 \u0110\u1ecbnh h\u00ecnh (DH-500S4) \u2192 R\u1eeda n\u01b0\u1edbc<br \/>\n\u2192 Cromate (CR-D323) \u2192 R\u1eeda n\u01b0\u1edbc \u2192 S\u1ea5y kh\u00f4<\/p>\n<p><strong>T\u1ea9y d\u1ea7u MC-04<\/strong><br \/>\n&#8211; T\u1ef7 l\u1ec7 pha, (kg\/m3): 50 (30\u00f780)<br \/>\n&#8211; Nhi\u1ec7t \u0111\u1ed9, (\u00baC) : th\u01b0\u1eddng (th\u01b0\u1eddng \u00f7 65)<br \/>\nTh\u1eddi gian, (ph\u00fat) : 10 (5 \u00f7 15)<br \/>\n<strong>\u0110\u1ecbnh h\u00ecnh DH-500S4<\/strong><br \/>\n&#8211; T\u1ef7 l\u1ec7 pha, (kg\/m3) : 25 (10 \u00f7 30)<br \/>\n&#8211; Th\u1eddi gian, (ph\u00fat) : 5 ( 3 \u00f7 15)<br \/>\n<strong>Ch\u1ebf ph\u1ea9m Cromate CR-425D<\/strong><br \/>\n&#8211; Cho n\u01b0\u1edbc 1\/3 b\u1ec3, b\u1ed5 sung CR-D323 theo kh\u1ed1i l\u01b0\u1ee3ng \u0111\u00e3 t\u00ednh, khu\u1ea5y tan, \u0111i\u1ec1n n\u01b0\u1edbc cho \u0111\u1ebfn v\u1ea1ch quy \u0111\u1ecbnh<br \/>\n&#8211; T\u1ef7 l\u1ec7 pha CR-425D v\u1edbi n\u01b0\u1edbc, (kg\/m3): 50 (40 \u00f7 60)<br \/>\n&#8211; B\u1ec3 ch\u1ee9a l\u00e0m b\u1eb1ng th\u00e9p kh\u00f4ng g\u1ec9 lo\u1ea1i AISI 316, b\u1ec3 nh\u1ef1a PP, HDPE<br \/>\n<strong>B\u1ea3o qu\u1ea3n v\u00e0 t\u1ed3n kho:<\/strong><br \/>\n&#8211; H\u00f3a ch\u1ea5t \u0111\u01b0\u1ee3c \u0111\u1ef1ng trong can t\u1ed1i m\u00e0u, lu\u00f4n xo\u00e1y ch\u1eb7t n\u1eafp can<br \/>\n&#8211; Ti\u00eau chu\u1ea9n \u0111\u00f3ng can: 25kg\/can.<br \/>\n&#8211; B\u1ea3o qu\u1ea3n trong kho tho\u00e1ng m\u00e1t, tr\u00e1nh \u00e1nh n\u1eafng tr\u1ef1c ti\u1ebfp, c\u00f3 m\u00e1i che, ghi r\u00f5 nh\u00e3n m\u00e1c bao b\u00ec, ng\u00e0y s\u1ea3n xu\u1ea5t, h\u1ea1n s\u1eed d\u1ee5ng<br \/>\n&#8211; Khi s\u1eed d\u1ee5ng c\u1ea7n ph\u1ea3i tu\u00e2n th\u1ee7 an to\u00e0n b\u1ea3o h\u1ed9 lao \u0111\u1ed9ng, m\u1eb7c qu\u1ea7n \u00e1o, g\u0103ng tay cao su, k\u00ednh, kh\u1ea9u trang ph\u00f2ng \u0111\u1ed9c, l\u00e0m vi\u1ec7c n\u01a1i th\u00f4ng tho\u00e1ng<\/p>\n<p>&nbsp;<\/p>\n<p>&nbsp;<\/p>\n","protected":false},"excerpt":{"rendered":"<p>M\u00e3 s\u1ea3n ph\u1ea9m: CR-425D Tr\u1ea1ng th\u00e1i: dung d\u1ecbch M\u00e0u s\u1eafc: m\u00e0u cam \u0110\u1ed9 h\u00f2a tan: tan trong n\u01b0\u1edbc Kh\u1ed1i l\u01b0\u1ee3ng ri\u00eang: &#8230;<\/p>\n","protected":false},"featured_media":1354,"comment_status":"open","ping_status":"closed","template":"","meta":[],"product_cat":[45],"product_tag":[],"class_list":{"0":"post-1348","1":"product","2":"type-product","3":"status-publish","4":"has-post-thumbnail","6":"product_cat-hoa-chat-cho-cong-nghe-ma-chrome","8":"first","9":"instock","10":"shipping-taxable","11":"product-type-simple"},"_links":{"self":[{"href":"https:\/\/vinachemistry.com\/vi\/wp-json\/wp\/v2\/product\/1348","targetHints":{"allow":["GET"]}}],"collection":[{"href":"https:\/\/vinachemistry.com\/vi\/wp-json\/wp\/v2\/product"}],"about":[{"href":"https:\/\/vinachemistry.com\/vi\/wp-json\/wp\/v2\/types\/product"}],"replies":[{"embeddable":true,"href":"https:\/\/vinachemistry.com\/vi\/wp-json\/wp\/v2\/comments?post=1348"}],"wp:featuredmedia":[{"embeddable":true,"href":"https:\/\/vinachemistry.com\/vi\/wp-json\/wp\/v2\/media\/1354"}],"wp:attachment":[{"href":"https:\/\/vinachemistry.com\/vi\/wp-json\/wp\/v2\/media?parent=1348"}],"wp:term":[{"taxonomy":"product_cat","embeddable":true,"href":"https:\/\/vinachemistry.com\/vi\/wp-json\/wp\/v2\/product_cat?post=1348"},{"taxonomy":"product_tag","embeddable":true,"href":"https:\/\/vinachemistry.com\/vi\/wp-json\/wp\/v2\/product_tag?post=1348"}],"curies":[{"name":"wp","href":"https:\/\/api.w.org\/{rel}","templated":true}]}}