{"id":1284,"date":"2024-02-23T09:03:11","date_gmt":"2024-02-23T09:03:11","guid":{"rendered":"https:\/\/nbtchemical.com\/?post_type=product&#038;p=1284"},"modified":"2024-02-23T14:00:10","modified_gmt":"2024-02-23T14:00:10","slug":"hoa-chat-phosphate-lau-w-111-25kg-can","status":"publish","type":"product","link":"https:\/\/vinachemistry.com\/vi\/product\/hoa-chat-phosphate-lau-w-111-25kg-can\/","title":{"rendered":"H\u00f3a ch\u1ea5t Phosphate lau W &#8211; 111 (25kg\/can)"},"content":{"rendered":"<p class=\"post-code\"><span class=\"align\">M\u00e3 s\u1ea3n ph\u1ea9m:<\/span><b> W-111<\/b><\/p>\n<p class=\"post-code\"><span class=\"align\">Xu\u1ea5t x\u1ee9:<\/span> <strong>NBT Chemical<\/strong><\/p>\n<p><strong>Ph\u1ed1t ph\u00e1t h\u00f3a b\u1ec1 m\u1eb7t kim lo\u1ea1i d\u1ea1ng lau<\/strong><br \/>\nL\u00e0 qu\u00e1 tr\u00ecnh ph\u1ed1t ph\u00e1t h\u00f3a l\u00e0 qu\u00e1 tr\u00ecnh lau h\u00f3a ch\u1ea5t l\u00ean tr\u00ean b\u1ec1 m\u1eb7t kim lo\u1ea1i, v\u00e0 t\u1ea1o ra l\u1edbp h\u1ed7n h\u1ee3p mu\u1ed1i ph\u1ed1t ph\u00e1t, mu\u1ed1i k\u00e9p (Fe,Zn,Mn)nH2(PO4)4.mH2O m\u00e0u ghi x\u00e1m \u0111\u1ebfn \u0111en.<\/p>\n<p><strong>C\u00f4ng d\u1ee5ng:<\/strong><br \/>\nL\u1edbp ph\u1ed1t ph\u00e1t k\u1ebdm c\u00f3 c\u00f4ng d\u1ee5ng nh\u01b0:<br \/>\n&#8211; B\u1ea3o v\u1ec7 b\u1ec1 m\u1eb7t kim lo\u1ea1i, ch\u1ed1ng g\u1ec9 s\u00e9t, ch\u1ed1ng m\u00e0i m\u00f2n.<br \/>\n&#8211; T\u1ea1o ch\u00e2n b\u00e1m, t\u1ea1o \u0111\u1ed9 \u0111\u00e0n h\u1ed3i gi\u1eefa b\u1ec1 m\u1eb7t kim lo\u1ea1i v\u00e0 l\u1edbp s\u01a1n t\u0129nh \u0111i\u1ec7n<br \/>\n&#8211; L\u1edbp ph\u1ee7 gi\u1ea3m ma s\u00e1t cho gia c\u00f4ng c\u01a1 kh\u00ed, ngu\u1ed9i, \u0111\u1ed9t, d\u1eadp, vu\u1ed1t d\u00e2y.<br \/>\n&#8211; X\u1eed l\u00fd b\u1ec1 m\u1eb7t kim lo\u1ea1i tr\u01b0\u1edbc khi gia c\u00f4ng c\u01a1 kh\u00ed nh\u01b0 l\u00e0 c\u00e1n ngu\u1ed9i, k\u00e9o d\u00e2y&#8230;<br \/>\n&#8211; T\u0103ng kh\u1ea3 n\u0103ng ch\u1ed1ng \u0103n m\u00f2n c\u1ee7a c\u00e1c l\u1edbp d\u1ea7u m\u1ee1, s\u00e1p&#8230;.<\/p>\n<p><strong>C\u00e1ch s\u1eed d\u1ee5ng:<\/strong><\/p>\n<p><em>\u01afu \u0111i\u1ec3m:<\/em><br \/>\n&#8211; D\u1ea3i ho\u1ea1t \u0111\u1ed9ng r\u1ed9ng, hi\u1ec7u qu\u1ea3 kinh t\u1ebf cao.<br \/>\n&#8211; Ph\u01b0\u01a1ng ph\u00e1p th\u1ef1c hi\u1ec7n \u0111\u01a1n gi\u1ea3n, d\u1ec5 l\u00e0m.<br \/>\n&#8211; Th\u00edch \u1ee9ng v\u1edbi nhi\u1ec1u ch\u1ea5t li\u1ec7u kim lo\u1ea1i, h\u1ee3p kim<\/p>\n<p><em>\u0110\u1eb7c t\u00ednh l\u00fd h\u00f3a:<\/em><br \/>\nTr\u1ea1ng th\u00e1i t\u1ed3n t\u1ea1i : Dung d\u1ecbch<br \/>\nM\u00e0u s\u1eafc : M\u00e0u xanh nh\u1ea1t<br \/>\nKh\u1ea3 n\u0103ng tan trong n\u01b0\u1edbc : C\u00f3<br \/>\nT\u00ednh ch\u1ea5t : Mang t\u00ednh acid<\/p>\n<p><em>Pha ch\u1ebf:<\/em><br \/>\nPh\u01b0\u01a1ng ph\u00e1p : Lau<br \/>\nH\u00e0m l\u01b0\u1ee3ng (%) : 100<br \/>\nNhi\u1ec7t \u0111\u1ed9 : th\u01b0\u1eddng<br \/>\nT\u1ea7n su\u1ea5t lau : 3 \u00f7 5<br \/>\nTh\u1eddi gian\/l\u1ea7n (ph\u00fat): 5 \u00f7 10<\/p>\n<p><strong>\u1ee8ng d\u1ee5ng c\u1ee7a h\u00f3a ch\u1ea5t phosphate lau W-111<\/strong><br \/>\n\u1ede c\u00e1c n\u01b0\u1edbc c\u00f4ng nghi\u1ec7p ph\u00e1t tri\u1ec3n vi\u1ec7c x\u1eed l\u00fd b\u1ec1 m\u1eb7t tr\u01b0\u1edbc khi s\u01a1n ph\u1ee7 l\u00e0 vi\u1ec7c l\u00e0m theo ti\u00eau chu\u1ea9n b\u1eaft bu\u1ed9c \u0111\u1ec3 t\u0103ng c\u01b0\u1eddng \u0111\u1ed9 b\u00e1m c\u1ee7a m\u00e0ng s\u01a1n c\u0169ng nh\u01b0 t\u0103ng c\u01b0\u1eddng kh\u1ea3 n\u0103ng b\u1ea3o v\u1ec7 c\u1ee7a m\u00e0ng trong \u0111i\u1ec1u ki\u1ec7n kh\u00ed quy\u1ec3n. Trong c\u00f4ng nghi\u1ec7p \u0111\u01b0\u1ee3c s\u1eed d\u1ee5ng ph\u1ed5 bi\u1ebfn nh\u1ea5t l\u00e0 m\u00e0ng ph\u1ed1tph\u00e1t ho\u00e1 c\u1ee7a c\u00e1c kim lo\u1ea1i n\u1eb7ng nh\u01b0 k\u1ebdm, s\u1eaft, m\u0103ng gan. C\u00e1c ch\u1ebf ph\u1ea9m \u0111\u1ec3 x\u1eed l\u00fd b\u1ec1 m\u1eb7t \u0111\u1ec1u \u1edf d\u1ea1ng th\u01b0\u01a1ng ph\u1ea9m r\u1ea5t thu\u1eadn ti\u1ec7n cho ng\u01b0\u1eddi s\u1eed d\u1ee5ng.<\/p>\n<p><strong>Nh\u1eefng l\u01b0u \u00fd khi s\u1eed d\u1ee5ng:<\/strong><br \/>\n&#8211; H\u00f3a ch\u1ea5t phosphate k\u1ebdm mang t\u00ednh acid v\u00ec v\u1eady mang t\u00ednh \u0103n m\u00f2n v\u00e0 ph\u1ea3n \u1ee9ng m\u1ea1nh v\u1edbi ki\u1ec1m. Trong qu\u00e1 tr\u00ecnh s\u1eed d\u1ee5ng ph\u1ea3i tu\u00e2n th\u1ee7 nghi\u00eam ng\u1eb7t v\u1ec1 an to\u00e0n lao \u0111\u1ed9ng, v\u1ec7 sinh m\u00f4i tr\u01b0\u1eddng c\u01a1 s\u1edf. Nh\u01b0 g\u0103ng tay cao su, k\u00ednh, kh\u1ea9u trang, \u1ee7ng, qu\u1ea1t th\u00f4ng gi\u00f3.<\/p>\n<p>&#8211; X\u1eed l\u00fd c\u00e1c tr\u01b0\u1eddng h\u1ee3p tai n\u1ea1n.<br \/>\nTi\u1ebfp x\u00fac v\u00e0o da, tay, qu\u1ea7n \u00e1o : thay qu\u1ea7n \u00e1o ngay, r\u1eeda s\u1ea1ch d\u01b0\u1edbi v\u00f2i n\u01b0\u1edbc 15 ph\u00fat.<br \/>\nTi\u1ebfp x\u00fac qua m\u1eaft : th\u00e1o k\u00ednh \u00e1p tr\u00f2ng, x\u1ea3 nh\u1eb9 n\u01b0\u1edbc s\u1ea1ch 15 ph\u00fat, ngh\u1ec9 ng\u01a1i, c\u1ea7n s\u1ef1 t\u01b0 v\u1ea5n c\u1ee7a B\u00e1c s\u1ef9.<br \/>\nTi\u1ebfp x\u00fac qua \u0111\u01b0\u1eddng h\u00f4 h\u1ea5p : c\u1ea7n ra ch\u1ed7 th\u00f4ng tho\u00e1ng, n\u1ebfu kh\u00f3 th\u1edf, cho th\u1edf kh\u00ed oxy v\u00e0 g\u1eb7p B\u00e1c s\u1ef9.<br \/>\nTi\u1ebfp x\u00fac qua mi\u1ec7ng : u\u1ed1ng nhi\u1ec1u n\u01b0\u1edbc, kh\u00f4ng \u0111\u01b0\u1ee3c cho b\u1ea5t c\u1ee9 v\u1eadt g\u00ec v\u00e0o h\u1ecdng khi b\u1ec7nh nh\u00e2n ng\u1ea5t s\u1ec9u, g\u1eb7p B\u00e1c s\u1ef9.<\/p>\n<p><strong>B\u1ea3o qu\u1ea3n v\u00e0 t\u1ed3n kho<\/strong>: B\u1ea3o qu\u1ea3n trong kho tho\u00e1ng m\u00e1t, ghi r\u00f5 nh\u00e3n m\u00e1c bao b\u00ec, ng\u00e0y s\u1ea3n xu\u1ea5t, h\u1ea1n s\u1eed d\u1ee5ng. Lu\u00f4n \u0111\u1eady k\u00edn can<\/p>\n","protected":false},"excerpt":{"rendered":"<p>M\u00e3 s\u1ea3n ph\u1ea9m: W-111 Xu\u1ea5t x\u1ee9: NBT Chemical Ph\u1ed1t ph\u00e1t h\u00f3a b\u1ec1 m\u1eb7t kim lo\u1ea1i d\u1ea1ng lau L\u00e0 qu\u00e1 tr\u00ecnh ph\u1ed1t &#8230;<\/p>\n","protected":false},"featured_media":1291,"comment_status":"open","ping_status":"closed","template":"","meta":[],"product_cat":[39],"product_tag":[],"class_list":{"0":"post-1284","1":"product","2":"type-product","3":"status-publish","4":"has-post-thumbnail","6":"product_cat-hoa-chat-xi-ma","8":"first","9":"instock","10":"shipping-taxable","11":"product-type-simple"},"_links":{"self":[{"href":"https:\/\/vinachemistry.com\/vi\/wp-json\/wp\/v2\/product\/1284","targetHints":{"allow":["GET"]}}],"collection":[{"href":"https:\/\/vinachemistry.com\/vi\/wp-json\/wp\/v2\/product"}],"about":[{"href":"https:\/\/vinachemistry.com\/vi\/wp-json\/wp\/v2\/types\/product"}],"replies":[{"embeddable":true,"href":"https:\/\/vinachemistry.com\/vi\/wp-json\/wp\/v2\/comments?post=1284"}],"wp:featuredmedia":[{"embeddable":true,"href":"https:\/\/vinachemistry.com\/vi\/wp-json\/wp\/v2\/media\/1291"}],"wp:attachment":[{"href":"https:\/\/vinachemistry.com\/vi\/wp-json\/wp\/v2\/media?parent=1284"}],"wp:term":[{"taxonomy":"product_cat","embeddable":true,"href":"https:\/\/vinachemistry.com\/vi\/wp-json\/wp\/v2\/product_cat?post=1284"},{"taxonomy":"product_tag","embeddable":true,"href":"https:\/\/vinachemistry.com\/vi\/wp-json\/wp\/v2\/product_tag?post=1284"}],"curies":[{"name":"wp","href":"https:\/\/api.w.org\/{rel}","templated":true}]}}