{"id":1278,"date":"2024-02-23T08:16:07","date_gmt":"2024-02-23T08:16:07","guid":{"rendered":"https:\/\/nbtchemical.com\/?post_type=product&#038;p=1278"},"modified":"2024-02-26T16:47:37","modified_gmt":"2024-02-26T16:47:37","slug":"thiec-sunphat-snso4","status":"publish","type":"product","link":"https:\/\/vinachemistry.com\/vi\/product\/thiec-sunphat-snso4\/","title":{"rendered":"Thi\u1ebfc Sunphat-SnSO4"},"content":{"rendered":"<p>C\u00f4ng th\u1ee9c h\u00f3a h\u1ecdc :\u00a0<b>SnSO4<\/b><\/p>\n<p>T\u00ean h\u00f3a h\u1ecdc :\u00a0<strong>Stannous Sulfate, Tin(II) sulfate;TIN(II) SULPHATE;Tin sulphate<\/strong><\/p>\n<p>Xu\u1ea5t x\u1ee9:\u00a0<strong>Nh\u1eadt B\u1ea3n, Trung Qu\u1ed1c<\/strong><\/p>\n<p>Qui c\u00e1ch :<strong>\u00a025 \u2013 50 kg\/ can<\/strong><\/p>\n<p><strong>T\u00ednh ch\u1ea5t v\u1eadt l\u00fd:<\/strong><\/p>\n<p>Thi\u1ebfc Sunphat-SnSO4 c\u00f3 d\u1ea1ng tinh th\u1ec3 m\u00e0u tr\u1eafng \u2013 v\u00e0ng<\/p>\n<p><strong>T\u00ednh ch\u1ea5t h\u00f3a h\u1ecdc:<\/strong><\/p>\n<p>Thi\u1ebfc (II) sunphat ( Sn SO4 ) l\u00e0 m\u1ed9t h\u1ee3p ch\u1ea5t h\u00f3a h\u1ecdc . N\u00f3 l\u00e0 m\u1ed9t ch\u1ea5t r\u1eafn m\u00e0u tr\u1eafng c\u00f3 th\u1ec3 h\u1ea5p th\u1ee5 \u0111\u1ee7 \u0111\u1ed9 \u1ea9m t\u1eeb kh\u00f4ng kh\u00ed h\u00f2a tan trong n\u00f3, t\u1ea1o th\u00e0nh m\u1ed9t dung d\u1ecbch \u0111\u01b0\u1ee3c g\u1ecdi l\u00e0 dung d\u1ecbch \u201d ch\u1ea3y r\u1eefa\u201d. H\u00f3a ch\u1ea5t n\u00e0y c\u00f3 th\u1ec3 \u0111\u01b0\u1ee3c \u0111i\u1ec1u ch\u1ebf b\u1edfi m\u1ed9t ph\u1ea3n \u1ee9ng chuy\u1ec3n gi\u1eefa kim lo\u1ea1i thi\u1ebfc v\u00e0 \u0111\u1ed3ng sulfate (II) :<\/p>\n<p>SN (S) + CUSO 4 (AQ) \u2192 CU (S) + SNSO 4 (AQ)<br \/>\nThi\u1ebfc Sunphat l\u00e0 m\u1ed9t ngu\u1ed3n cung c\u1ea5p Sn2+ thu\u1eadn ti\u1ec7n do kh\u00f4ng b\u1ecb l\u1eabn b\u1edfi c\u00e1c Sn 4+<\/p>\n","protected":false},"excerpt":{"rendered":"<p>C\u00f4ng th\u1ee9c h\u00f3a h\u1ecdc :\u00a0SnSO4 T\u00ean h\u00f3a h\u1ecdc :\u00a0Stannous Sulfate, Tin(II) sulfate;TIN(II) SULPHATE;Tin sulphate Xu\u1ea5t x\u1ee9:\u00a0Nh\u1eadt B\u1ea3n, Trung Qu\u1ed1c Qui c\u00e1ch &#8230;<\/p>\n","protected":false},"featured_media":1412,"comment_status":"open","ping_status":"closed","template":"","meta":[],"product_cat":[15],"product_tag":[],"class_list":{"0":"post-1278","1":"product","2":"type-product","3":"status-publish","4":"has-post-thumbnail","6":"product_cat-giai-phap-tong-the","8":"first","9":"instock","10":"shipping-taxable","11":"product-type-simple"},"_links":{"self":[{"href":"https:\/\/vinachemistry.com\/vi\/wp-json\/wp\/v2\/product\/1278","targetHints":{"allow":["GET"]}}],"collection":[{"href":"https:\/\/vinachemistry.com\/vi\/wp-json\/wp\/v2\/product"}],"about":[{"href":"https:\/\/vinachemistry.com\/vi\/wp-json\/wp\/v2\/types\/product"}],"replies":[{"embeddable":true,"href":"https:\/\/vinachemistry.com\/vi\/wp-json\/wp\/v2\/comments?post=1278"}],"wp:featuredmedia":[{"embeddable":true,"href":"https:\/\/vinachemistry.com\/vi\/wp-json\/wp\/v2\/media\/1412"}],"wp:attachment":[{"href":"https:\/\/vinachemistry.com\/vi\/wp-json\/wp\/v2\/media?parent=1278"}],"wp:term":[{"taxonomy":"product_cat","embeddable":true,"href":"https:\/\/vinachemistry.com\/vi\/wp-json\/wp\/v2\/product_cat?post=1278"},{"taxonomy":"product_tag","embeddable":true,"href":"https:\/\/vinachemistry.com\/vi\/wp-json\/wp\/v2\/product_tag?post=1278"}],"curies":[{"name":"wp","href":"https:\/\/api.w.org\/{rel}","templated":true}]}}