{"id":1257,"date":"2024-02-23T03:24:56","date_gmt":"2024-02-23T03:24:56","guid":{"rendered":"https:\/\/nbtchemical.com\/?post_type=product&#038;p=1257"},"modified":"2024-02-24T08:49:34","modified_gmt":"2024-02-24T08:49:34","slug":"hoa-chat-uc-che-an-an-mon-acid-nbt-310","status":"publish","type":"product","link":"https:\/\/vinachemistry.com\/vi\/product\/hoa-chat-uc-che-an-an-mon-acid-nbt-310\/","title":{"rendered":"H\u00f3a ch\u1ea5t \u1ee9c ch\u1ebf \u0103n m\u00f2n acid NBT &#8211; 310 (25kg\/can)"},"content":{"rendered":"<p class=\"post-code\"><span class=\"align\">M\u00e3 s\u1ea3n ph\u1ea9m:<\/span><b> NBT-310<\/b><\/p>\n<p class=\"post-code\"><span class=\"align\">Xu\u1ea5t x\u1ee9:<\/span>\u00a0<b>NBT Chemical<\/b><\/p>\n<p>Quy c\u00e1ch: <strong>25kg\/can<\/strong><\/p>\n<p><strong>M\u00f4 t\u1ea3:<\/strong><br \/>\nH\u00f3a ch\u1ea5t \u1ee9c ch\u1ebf bay h\u01a1i \u0103n m\u00f2n acid NBT-310: L\u00e0 ch\u1ebf ph\u1ea9m \u0111\u01b0\u1ee3c \u0111i\u1ec1u ch\u1ebf t\u1eeb h\u1ed7n h\u1ee3p acid nh\u1eb9 v\u00e0 h\u1ee3p ch\u1ea5t h\u1eefu c\u01a1, c\u00f3 kh\u1ea3 n\u0103ng \u1ee9c ch\u1ebf bay h\u01a1i, th\u00edch \u1ee9ng v\u1edbi acid, dung d\u1ecbch m\u1ea1, \u2026t\u1ef7 l\u1ec7 ti\u00eau hao \u00edt, thao t\u00e1c \u0111\u01a1n gi\u1ea3n, hi\u1ec7u qu\u1ea3 kinh t\u1ebf cao.<\/p>\n<p><strong>\u0110\u1eb7c t\u00ednh l\u00fd h\u00f3a:<\/strong><br \/>\nTr\u1ea1ng th\u00e1i t\u1ed3n t\u1ea1i : Dung d\u1ecbch<br \/>\nM\u00e0u s\u1eafc : M\u00e0u trong \u0111\u1ebfn \u0111\u1ee5c nh\u1eb9<br \/>\nKh\u1ea3 n\u0103ng tan trong n\u01b0\u1edbc : C\u00f3<br \/>\nT\u00ednh ch\u1ea5t : Mang t\u00ednh acid nh\u1eb9<\/p>\n<p><strong>Pha ch\u1ebf:<\/strong><br \/>\nPh\u01b0\u01a1ng ph\u00e1p : Ng\u00e2m<br \/>\nH\u00e0m l\u01b0\u1ee3ng (g\/l) : 5<br \/>\nNhi\u1ec7t \u0111\u1ed9 : Th\u01b0\u1eddng<br \/>\nTh\u1eddi gian (gi\u00e2y) : 3<\/p>\n<p><strong>Nh\u1eefng l\u01b0u \u00fd trong qu\u00e1 tr\u00ecnh s\u1eed d\u1ee5ng:<\/strong><br \/>\n&#8211; H\u00f3a ch\u1ea5t \u1ee9c ch\u1ebf \u0103n m\u00f2n acid NBT-310 mang t\u00ednh acid nh\u1eb9 v\u00ec v\u1eady khi s\u1eed d\u1ee5ng v\u1eabn ph\u1ea3i tu\u00e2n th\u1ee7 nghi\u00eam ng\u1eb7t v\u1ec1 an to\u00e0n lao \u0111\u1ed9ng, v\u1ec7 sinh m\u00f4i tr\u01b0\u1eddng c\u01a1 s\u1edf. S\u1eed d\u1ee5ng b\u1ea3o h\u1ed9 an to\u00e0n lao \u0111\u1ed9ng ph\u00f9 h\u1ee3p nh\u01b0: G\u0103ng tay cao su, k\u00ednh, kh\u1ea9u trang, \u1ee7ng, qu\u1ea1t th\u00f4ng gi\u00f3.<\/p>\n<p><strong>X\u1eed l\u00fd c\u00e1c tr\u01b0\u1eddng h\u1ee3p tai n\u1ea1n:<\/strong><br \/>\nTi\u1ebfp x\u00fac v\u00e0o da, tay, qu\u1ea7n \u00e1o : thay qu\u1ea7n \u00e1o ngay, r\u1eeda s\u1ea1ch d\u01b0\u1edbi v\u00f2i n\u01b0\u1edbc 15 ph\u00fat.<br \/>\nTi\u1ebfp x\u00fac qua m\u1eaft : th\u00e1o k\u00ednh \u00e1p tr\u00f2ng, x\u1ea3 nh\u1eb9 n\u01b0\u1edbc s\u1ea1ch 15 ph\u00fat, ngh\u1ec9 ng\u01a1i, c\u1ea7n s\u1ef1 t\u01b0 v\u1ea5n c\u1ee7a B\u00e1c s\u1ef9.<br \/>\nTi\u1ebfp x\u00fac qua \u0111\u01b0\u1eddng h\u00f4 h\u1ea5p : c\u1ea7n ra ch\u1ed7 th\u00f4ng tho\u00e1ng, n\u1ebfu kh\u00f3 th\u1edf, cho th\u1edf kh\u00ed oxy v\u00e0 g\u1eb7p B\u00e1c s\u1ef9.<br \/>\nTi\u1ebfp x\u00fac qua mi\u1ec7ng : u\u1ed1ng nhi\u1ec1u n\u01b0\u1edbc, kh\u00f4ng \u0111\u01b0\u1ee3c cho b\u1ea5t c\u1ee9 v\u1eadt g\u00ec v\u00e0o h\u1ecdng khi b\u1ec7nh nh\u00e2n ng\u1ea5t s\u1ec9u, g\u1eb7p B\u00e1c s\u1ef9.<\/p>\n<p><strong>B\u1ea3o qu\u1ea3n v\u00e0 t\u1ed3n kho:<\/strong> B\u1ea3o qu\u1ea3n trong kho tho\u00e1ng m\u00e1t, ghi r\u00f5 nh\u00e3n m\u00e1c bao b\u00ec, theo TCVN. Lu\u00f4n \u0111\u1ec3 k\u00edn can.<\/p>\n<p>&nbsp;<\/p>\n","protected":false},"excerpt":{"rendered":"<p>M\u00e3 s\u1ea3n ph\u1ea9m: NBT-310 Xu\u1ea5t x\u1ee9:\u00a0NBT Chemical Quy c\u00e1ch: 25kg\/can M\u00f4 t\u1ea3: H\u00f3a ch\u1ea5t \u1ee9c ch\u1ebf bay h\u01a1i \u0103n m\u00f2n acid &#8230;<\/p>\n","protected":false},"featured_media":1321,"comment_status":"open","ping_status":"closed","template":"","meta":[],"product_cat":[39],"product_tag":[],"class_list":{"0":"post-1257","1":"product","2":"type-product","3":"status-publish","4":"has-post-thumbnail","6":"product_cat-hoa-chat-xi-ma","8":"first","9":"instock","10":"shipping-taxable","11":"product-type-simple"},"_links":{"self":[{"href":"https:\/\/vinachemistry.com\/vi\/wp-json\/wp\/v2\/product\/1257","targetHints":{"allow":["GET"]}}],"collection":[{"href":"https:\/\/vinachemistry.com\/vi\/wp-json\/wp\/v2\/product"}],"about":[{"href":"https:\/\/vinachemistry.com\/vi\/wp-json\/wp\/v2\/types\/product"}],"replies":[{"embeddable":true,"href":"https:\/\/vinachemistry.com\/vi\/wp-json\/wp\/v2\/comments?post=1257"}],"wp:featuredmedia":[{"embeddable":true,"href":"https:\/\/vinachemistry.com\/vi\/wp-json\/wp\/v2\/media\/1321"}],"wp:attachment":[{"href":"https:\/\/vinachemistry.com\/vi\/wp-json\/wp\/v2\/media?parent=1257"}],"wp:term":[{"taxonomy":"product_cat","embeddable":true,"href":"https:\/\/vinachemistry.com\/vi\/wp-json\/wp\/v2\/product_cat?post=1257"},{"taxonomy":"product_tag","embeddable":true,"href":"https:\/\/vinachemistry.com\/vi\/wp-json\/wp\/v2\/product_tag?post=1257"}],"curies":[{"name":"wp","href":"https:\/\/api.w.org\/{rel}","templated":true}]}}