{"id":1255,"date":"2024-02-23T03:04:10","date_gmt":"2024-02-23T03:04:10","guid":{"rendered":"https:\/\/nbtchemical.com\/?post_type=product&#038;p=1255"},"modified":"2024-02-26T12:14:47","modified_gmt":"2024-02-26T12:14:47","slug":"che-pham-bien-tinh-ri-set-r-102-25kg-can","status":"publish","type":"product","link":"https:\/\/vinachemistry.com\/vi\/product\/che-pham-bien-tinh-ri-set-r-102-25kg-can\/","title":{"rendered":"Ch\u1ebf ph\u1ea9m bi\u1ebfn t\u00ednh r\u1ec9 s\u00e9t R &#8211; 102 (25kg\/can)"},"content":{"rendered":"<div>\n<p class=\"post-code\"><span class=\"align\">M\u00e3 s\u1ea3n ph\u1ea9m:<\/span><b>\u00a0r588<\/b><\/p>\n<p class=\"post-code\"><span class=\"align\">Xu\u1ea5t x\u1ee9:<\/span>\u00a0<b>NBT Chemical<\/b><\/p>\n<\/div>\n<div><strong>M\u00f4 t\u1ea3: <\/strong>R-588 l\u00e0 ch\u1ebf ph\u1ea9m b\u1ea3o v\u1ec7 b\u1ec1 m\u1eb7t s\u1eaft th\u00e9p v\u1edbi c\u01a1 ch\u1ebf t\u1ea1o l\u1edbp ph\u1ee7 chuy\u1ec3n \u0111\u1ed5i h\u00f3a h\u1ecdc tr\u1ef1c ti\u1ebfp tr\u00ean b\u1ec1 m\u1eb7t s\u1eaft th\u00e9p, bi\u1ebfn t\u00ednh l\u1edbp g\u1ec9 s\u00e9t th\u00e0nh m\u1ed9t l\u1edbp h\u1ee3p ch\u1ea5t kh\u00e1c c\u00f3 kh\u1ea3 n\u0103ng b\u1ea3o v\u1ec7, ch\u1ed1ng \u0103n m\u00f2n cho s\u1eaft th\u00e9p,&#8230;.<\/div>\n<div><\/div>\n<div><strong>\u0110\u1eb7c t\u00ednh l\u00fd h\u00f3a<\/strong><\/div>\n<div>\n<ul>\n<li>Tr\u1ea1ng th\u00e1i: dung d\u1ecbch<\/li>\n<li>M\u00e0u s\u1eafc: m\u00e0u xanh<\/li>\n<li>pH:\u00a0 t\u00ednh axit<\/li>\n<\/ul>\n<p><strong>An to\u00e0n s\u1eed d\u1ee5ng, b\u1ea3o qu\u1ea3n, m\u00f4i tr\u01b0\u1eddng, v\u1eadn chuy\u1ec3n h\u00f3a ch\u1ea5t. (MSDS)<\/strong><br \/>\nKhi s\u1eed d\u1ee5ng ph\u1ea3i tu\u00e2n th\u1ee7 an to\u00e0n lao \u0111\u1ed9ng, nh\u01b0: \u0111eo g\u0103ng tay cao su, k\u00ednh, kh\u1ea9u trang, \u1ee7ng, qu\u1ea1t th\u00f4ng gi\u00f3.<\/p>\n<p><strong>Nh\u1eefng l\u01b0u \u00fd trong qu\u00e1 tr\u00ecnh s\u1eed d\u1ee5ng<\/strong><br \/>\nCh\u1ebf ph\u1ea9m R-588 c\u00f3 t\u00ednh axit, ph\u1ea3n \u1ee9ng m\u1ea1nh v\u1edbi ki\u1ec1m.<\/p>\n<p><strong>X\u1eed l\u00fd c\u00e1c tr\u01b0\u1eddng h\u1ee3p tai n\u1ea1n<\/strong><br \/>\nTi\u1ebfp x\u00fac v\u00e0o da, tay, qu\u1ea7n \u00e1o : thay qu\u1ea7n \u00e1o ngay, r\u1eeda s\u1ea1ch d\u01b0\u1edbi v\u00f2i n\u01b0\u1edbc 15 ph\u00fat.<\/p>\n<p>Ti\u1ebfp x\u00fac qua m\u1eaft:th\u00e1o k\u00ednh \u00e1p tr\u00f2ng, x\u1ea3 nh\u1eb9 n\u01b0\u1edbc s\u1ea1ch 15 ph\u00fat, ngh\u1ec9 ng\u01a1i, c\u1ea7n s\u1ef1 t\u01b0 v\u1ea5n c\u1ee7a B\u00e1c s\u1ef9.<\/p>\n<p>Ti\u1ebfp x\u00fac qua \u0111\u01b0\u1eddng h\u00f4 h\u1ea5p: c\u1ea7n ra ch\u1ed7 th\u00f4ng tho\u00e1ng, n\u1ebfu kh\u00f3 th\u1edf, cho th\u1edf kh\u00ed oxy v\u00e0 g\u1eb7p B\u00e1c s\u1ef9.<\/p>\n<p>Ti\u1ebfp x\u00fac qua mi\u1ec7ng: u\u1ed1ng nhi\u1ec1u n\u01b0\u1edbc, kh\u00f4ng \u0111\u01b0\u1ee3c cho b\u1ea5t c\u1ee9 v\u1eadt g\u00ec v\u00e0o h\u1ecdng khi b\u1ec7nh nh\u00e2n ng\u1ea5t s\u1ec9u, g\u1eb7p B\u00e1c s\u1ef9.<\/p>\n<p><strong>B\u1ea3o qu\u1ea3n v\u00e0 t\u1ed3n kho:<\/strong> B\u1ea3o qu\u1ea3n trong kho tho\u00e1ng m\u00e1t, ghi r\u00f5 nh\u00e3n m\u00e1c bao b\u00ec, ng\u00e0y s\u1ea3n xu\u1ea5t, h\u1ea1n s\u1eed d\u1ee5ng. Lu\u00f4n \u0111\u1eady k\u00edn can.<\/p>\n<\/div>\n","protected":false},"excerpt":{"rendered":"<p>M\u00e3 s\u1ea3n ph\u1ea9m:\u00a0r588 Xu\u1ea5t x\u1ee9:\u00a0NBT Chemical M\u00f4 t\u1ea3: R-588 l\u00e0 ch\u1ebf ph\u1ea9m b\u1ea3o v\u1ec7 b\u1ec1 m\u1eb7t s\u1eaft th\u00e9p v\u1edbi c\u01a1 ch\u1ebf &#8230;<\/p>\n","protected":false},"featured_media":1290,"comment_status":"open","ping_status":"closed","template":"","meta":[],"product_cat":[43],"product_tag":[],"class_list":{"0":"post-1255","1":"product","2":"type-product","3":"status-publish","4":"has-post-thumbnail","6":"product_cat-hoa-chat-ma-chong-an-mon","8":"first","9":"instock","10":"shipping-taxable","11":"product-type-simple"},"_links":{"self":[{"href":"https:\/\/vinachemistry.com\/vi\/wp-json\/wp\/v2\/product\/1255","targetHints":{"allow":["GET"]}}],"collection":[{"href":"https:\/\/vinachemistry.com\/vi\/wp-json\/wp\/v2\/product"}],"about":[{"href":"https:\/\/vinachemistry.com\/vi\/wp-json\/wp\/v2\/types\/product"}],"replies":[{"embeddable":true,"href":"https:\/\/vinachemistry.com\/vi\/wp-json\/wp\/v2\/comments?post=1255"}],"wp:featuredmedia":[{"embeddable":true,"href":"https:\/\/vinachemistry.com\/vi\/wp-json\/wp\/v2\/media\/1290"}],"wp:attachment":[{"href":"https:\/\/vinachemistry.com\/vi\/wp-json\/wp\/v2\/media?parent=1255"}],"wp:term":[{"taxonomy":"product_cat","embeddable":true,"href":"https:\/\/vinachemistry.com\/vi\/wp-json\/wp\/v2\/product_cat?post=1255"},{"taxonomy":"product_tag","embeddable":true,"href":"https:\/\/vinachemistry.com\/vi\/wp-json\/wp\/v2\/product_tag?post=1255"}],"curies":[{"name":"wp","href":"https:\/\/api.w.org\/{rel}","templated":true}]}}