{"id":178,"date":"2017-02-01T11:26:07","date_gmt":"2017-02-01T11:26:07","guid":{"rendered":"https:\/\/industrial.themechampion.com\/?page_id=178"},"modified":"2025-03-22T05:30:42","modified_gmt":"2025-03-22T05:30:42","slug":"contact-us","status":"publish","type":"page","link":"https:\/\/vinachemistry.com\/vi\/contact-us\/","title":{"rendered":"Contact Us"},"content":{"rendered":"<div class=\"wpb-content-wrapper\"><p>[vc_row el_class=&#8221;core-projects touch&#8221;][vc_column el_class=&#8221;touch_bg&#8221; css=&#8221;.vc_custom_1634219844203{padding-top: 0px !important;padding-bottom: 100px !important;}&#8221;][vc_row_inner][vc_column_inner][ind_custom_heading heading=&#8221;GI\u1eee LI\u00caN L\u1ea0C&#8221; colored_line=&#8221;yes&#8221;][vc_column_text]B\u1ea1n c\u00f3 th\u1ec3 trao \u0111\u1ed5i v\u1edbi \u0111\u1ea1i di\u1ec7n tr\u1ef1c tuy\u1ebfn c\u1ee7a ch\u00fang t\u00f4i b\u1ea5t k\u1ef3 l\u00fac n\u00e0o<\/p>\n<h6>CH\u00daNG T\u00d4I S\u1ebc G\u1eccI L\u1ea0I CHO B\u1ea0N.<\/h6>\n<h6>H\u1ed6 TR\u1ee2 24\/7, \u0110I\u1ec6N THO\u1ea0I: 0963086761<\/h6>\n<p>[\/vc_column_text][\/vc_column_inner][\/vc_row_inner][vc_row_inner el_class=&#8221;row touch_middle&#8221;][vc_column_inner el_class=&#8221;open_hours&#8221; width=&#8221;1\/3&#8243;][vc_column_text]<\/p>\n<div class=\"touch_top-con\">\n<ul class=\"nav\">\n<li class=\"item\">\n<div class=\"media\">\n<div class=\"media-left\"><a href=\"#\"> <i class=\"fa fa-map-marker\"><\/i><br \/>\n<\/a><\/div>\n<div class=\"media-body\">S\u1ed1 37, kh\u1ed1i ph\u1ed1 Nguy\u00ean Kh\u00ea, x\u00e3 Nguy\u00ean Kh\u00ea, huy\u1ec7n \u0110\u00f4ng Anh, H\u00e0 N\u1ed9i<\/div>\n<\/div>\n<\/li>\n<li class=\"item\">\n<div class=\"media\">\n<div class=\"media-left\"><a href=\"#\"> <i class=\"fa fa-envelope-o\"><\/i><br \/>\n<\/a><\/div>\n<div class=\"media-body\">jungho.kim@vinachemistry.com<\/div>\n<\/div>\n<\/li>\n<li class=\"item\">\n<div class=\"media\">\n<div class=\"media-left\"><a href=\"#\"> <i class=\"fa fa-phone\"><\/i><br \/>\n<\/a><\/div>\n<div class=\"media-body\">0963086761<\/div>\n<\/div>\n<\/li>\n<\/ul>\n<\/div>\n<p>[\/vc_column_text][\/vc_column_inner][vc_column_inner el_class=&#8221;input_form&#8221; width=&#8221;2\/3&#8243;]\n<div class=\"wpcf7 no-js\" id=\"wpcf7-f111-o1\" lang=\"vi-VN\" dir=\"ltr\">\n<div class=\"screen-reader-response\"><p role=\"status\" aria-live=\"polite\" aria-atomic=\"true\"><\/p> <ul><\/ul><\/div>\n<form action=\"\/vi\/wp-json\/wp\/v2\/pages\/178#wpcf7-f111-o1\" method=\"post\" class=\"wpcf7-form init\" aria-label=\"Contact form\" novalidate=\"novalidate\" data-status=\"init\">\n<div style=\"display: none;\">\n<input type=\"hidden\" name=\"_wpcf7\" value=\"111\" \/>\n<input type=\"hidden\" name=\"_wpcf7_version\" value=\"5.9.3\" \/>\n<input type=\"hidden\" name=\"_wpcf7_locale\" value=\"vi_VN\" \/>\n<input type=\"hidden\" name=\"_wpcf7_unit_tag\" value=\"wpcf7-f111-o1\" \/>\n<input type=\"hidden\" name=\"_wpcf7_container_post\" value=\"0\" \/>\n<input type=\"hidden\" name=\"_wpcf7_posted_data_hash\" value=\"\" \/>\n<\/div>\n<p><span class=\"wpcf7-form-control-wrap\" data-name=\"your-name\"><input size=\"40\" class=\"wpcf7-form-control wpcf7-text wpcf7-validates-as-required form-control\" aria-required=\"true\" aria-invalid=\"false\" placeholder=\"T\u00ean\" value=\"\" type=\"text\" name=\"your-name\" \/><\/span><br \/>\n<span class=\"wpcf7-form-control-wrap\" data-name=\"your-email\"><input size=\"40\" class=\"wpcf7-form-control wpcf7-email wpcf7-validates-as-required wpcf7-text wpcf7-validates-as-email form-control\" aria-required=\"true\" aria-invalid=\"false\" placeholder=\"Email\" value=\"\" type=\"email\" name=\"your-email\" \/><\/span><br \/>\n<span class=\"wpcf7-form-control-wrap\" data-name=\"your-subject\"><input size=\"40\" class=\"wpcf7-form-control wpcf7-text form-control\" aria-invalid=\"false\" placeholder=\"Ti\u00eau \u0111\u1ec1\" value=\"\" type=\"text\" name=\"your-subject\" \/><\/span><br \/>\n<span class=\"wpcf7-form-control-wrap\" data-name=\"your-message\"><textarea cols=\"40\" rows=\"10\" class=\"wpcf7-form-control wpcf7-textarea form-control\" aria-invalid=\"false\" placeholder=\"N\u1ed9i dung\" name=\"your-message\"><\/textarea><\/span>\n<\/p>\n<div class=\"row m0\">\n\t<p><input class=\"wpcf7-form-control wpcf7-submit has-spinner btn btn-default submit\" type=\"submit\" value=\"G\u1eedi\" \/>\n\t<\/p>\n<\/div><p style=\"display: none !important;\" class=\"akismet-fields-container\" data-prefix=\"_wpcf7_ak_\"><label>&#916;<textarea name=\"_wpcf7_ak_hp_textarea\" cols=\"45\" rows=\"8\" maxlength=\"100\"><\/textarea><\/label><input type=\"hidden\" id=\"ak_js_1\" name=\"_wpcf7_ak_js\" value=\"66\"\/><script>document.getElementById( \"ak_js_1\" ).setAttribute( \"value\", ( new Date() ).getTime() );<\/script><\/p><div class=\"wpcf7-response-output\" aria-hidden=\"true\"><\/div>\n<\/form>\n<\/div>\n[\/vc_column_inner][\/vc_row_inner][\/vc_column][\/vc_row][vc_row full_width=&#8221;stretch_row_content_no_spaces&#8221; css=&#8221;.vc_custom_1634219804677{margin-bottom: -100px !important;}&#8221;][vc_column][vc_gmaps link=&#8221;#E-8_JTNDaWZyYW1lJTIwc3JjJTNEJTIyaHR0cHMlM0ElMkYlMkZ3d3cuZ29vZ2xlLmNvbSUyRm1hcHMlMkZlbWJlZCUzRnBiJTNEJTIxMW0xOCUyMTFtMTIlMjExbTMlMjExZDI5NzYzLjI3NDg1NDEyMTg1NyUyMTJkMTA1LjgxNjY3NTIwNTg3ODg3JTIxM2QyMS4xNzU4OTEyNzA3MDkxNiUyMTJtMyUyMTFmMCUyMTJmMCUyMTNmMCUyMTNtMiUyMTFpMTAyNCUyMTJpNzY4JTIxNGYxMy4xJTIxM20zJTIxMW0yJTIxMXMweDMxMzUwMTczY2YwMTgyMDUlMjUzQTB4OWVjM2VkNTFhMzg5N2YyJTIxMnpUbWQxZWNPcWJpQkxhTU9xTENERWtNTzBibWNnUVc1b0xDQklZVzV2YVN3Z1ZtbGxkRzVoYlElMjE1ZTAlMjEzbTIlMjExc2VuJTIxMnMlMjE0djE3MTAzNzg2MTc0NzAlMjE1bTIlMjExc2VuJTIxMnMlMjIlMjB3aWR0aCUzRCUyMjYwMCUyMiUyMGhlaWdodCUzRCUyMjQ1MCUyMiUyMHN0eWxlJTNEJTIyYm9yZGVyJTNBMCUzQiUyMiUyMGFsbG93ZnVsbHNjcmVlbiUzRCUyMiUyMiUyMGxvYWRpbmclM0QlMjJsYXp5JTIyJTIwcmVmZXJyZXJwb2xpY3klM0QlMjJuby1yZWZlcnJlci13aGVuLWRvd25ncmFkZSUyMiUzRSUzQyUyRmlmcmFtZSUzRQ==&#8221;][\/vc_column][\/vc_row]<\/p>\n<\/div>","protected":false},"excerpt":{"rendered":"<p>[vc_row el_class=&#8221;core-projects touch&#8221;][vc_column el_class=&#8221;touch_bg&#8221; css=&#8221;.vc_custom_1634219844203{padding-top: 0px !important;padding-bottom: 100px !important;}&#8221;][vc_row_inner][vc_column_inner][ind_custom_heading heading=&#8221;GI\u1eee LI\u00caN L\u1ea0C&#8221; colored_line=&#8221;yes&#8221;][vc_column_text]B\u1ea1n c\u00f3 th\u1ec3 trao \u0111\u1ed5i v\u1edbi \u0111\u1ea1i di\u1ec7n tr\u1ef1c &#8230;<\/p>\n","protected":false},"author":1,"featured_media":0,"parent":0,"menu_order":0,"comment_status":"closed","ping_status":"closed","template":"","meta":{"footnotes":""},"class_list":["post-178","page","type-page","status-publish","hentry"],"_links":{"self":[{"href":"https:\/\/vinachemistry.com\/vi\/wp-json\/wp\/v2\/pages\/178","targetHints":{"allow":["GET"]}}],"collection":[{"href":"https:\/\/vinachemistry.com\/vi\/wp-json\/wp\/v2\/pages"}],"about":[{"href":"https:\/\/vinachemistry.com\/vi\/wp-json\/wp\/v2\/types\/page"}],"author":[{"embeddable":true,"href":"https:\/\/vinachemistry.com\/vi\/wp-json\/wp\/v2\/users\/1"}],"replies":[{"embeddable":true,"href":"https:\/\/vinachemistry.com\/vi\/wp-json\/wp\/v2\/comments?post=178"}],"version-history":[{"count":14,"href":"https:\/\/vinachemistry.com\/vi\/wp-json\/wp\/v2\/pages\/178\/revisions"}],"predecessor-version":[{"id":1469,"href":"https:\/\/vinachemistry.com\/vi\/wp-json\/wp\/v2\/pages\/178\/revisions\/1469"}],"wp:attachment":[{"href":"https:\/\/vinachemistry.com\/vi\/wp-json\/wp\/v2\/media?parent=178"}],"curies":[{"name":"wp","href":"https:\/\/api.w.org\/{rel}","templated":true}]}}