{"id":168,"date":"2017-02-01T11:19:47","date_gmt":"2017-02-01T11:19:47","guid":{"rendered":"https:\/\/industrial.themechampion.com\/?page_id=168"},"modified":"2025-04-08T10:23:25","modified_gmt":"2025-04-08T10:23:25","slug":"about-us","status":"publish","type":"page","link":"https:\/\/vinachemistry.com\/vi\/about-us\/","title":{"rendered":"About Us"},"content":{"rendered":"<div class=\"wpb-content-wrapper\"><p>[vc_row row_type=&#8221;row_full_center_content&#8221; class=&#8221;max_width&#8221; el_class=&#8221;about-tab-box&#8221; css=&#8221;.vc_custom_1634381787120{margin-bottom: 58px !important;}&#8221;][vc_column][ind_custom_heading heading=&#8221;NH\u00c0 CUNG C\u1ea4P GI\u1ea2I PH\u00c1P T\u1ed4NG TH\u1ec2&#8221; colored_line=&#8221;yes&#8221;][vc_column_text el_class=&#8221;single-tab-content&#8221;]<\/p>\n<p class=\"p1\">Ho\u0301a ch\u00e2\u0301t Vina \u0111\u01b0a ra c\u00e1c gi\u1ea3i ph\u00e1p h\u00f3a h\u1ecdc d\u1ef1a tr\u00ean th\u00f4ng s\u1ed1 k\u1ef9 thu\u1eadt c\u1ee7a kh\u00e1ch h\u00e0ng c\u0169ng nh\u01b0 s\u1ea3n xu\u1ea5t c\u00e1c h\u1ed7n h\u1ee3p ti\u00eau chu\u1ea9n. Ho\u0301a ch\u00e2\u0301t Vina c\u00f3 kinh nghi\u1ec7m trong ng\u00e0nh h\u00f3a ch\u1ea5t v\u00e0 c\u00f3 chuy\u00ean m\u00f4n cao \u0111\u1ec3 \u0111\u00e1p \u1ee9ng c\u00e1c y\u00eau c\u1ea7u v\u1ec1 h\u00f3a ch\u1ea5t c\u1ee7a kh\u00e1ch h\u00e0ng. Ho\u0301a ch\u00e2\u0301t Vina chuy\u00ean cung c\u1ea5p c\u00e1c h\u00f3a ch\u1ea5t \u0111\u1ed9c \u0111\u00e1o, t\u1ed1t, ti\u00ean ti\u1ebfn v\u00e0 chuy\u00ean d\u1ee5ng cho ng\u00e0nh xi m\u1ea1 v\u00e0 x\u1eed l\u00fd b\u1ec1 m\u1eb7t v\u00e0 c\u00e1c ng\u00e0nh li\u00ean quan t\u1eeb c\u00e1c nh\u00e0 s\u1ea3n xu\u1ea5t h\u00f3a ch\u1ea5t uy t\u00edn. C\u00e1c d\u1ecbch v\u1ee5 \u0111\u1ed9c \u0111\u00e1o c\u1ee7a ch\u00fang t\u00f4i bao g\u1ed3m t\u01b0 v\u1ea5n k\u1ef9 thu\u1eadt v\u00e0 th\u1ecb tr\u01b0\u1eddng cho c\u00e1c nh\u00e0 cung c\u1ea5p h\u00f3a ch\u1ea5t c\u0169ng nh\u01b0 kh\u00e1ch h\u00e0ng c\u1ee7a ch\u00fang t\u00f4i.<br \/>\nCh\u00fang t\u00f4i t\u1ef1 h\u00e0o v\u1ec1 vi\u1ec7c cung c\u1ea5p c\u00e1c gi\u1ea3i ph\u00e1p h\u00f3a h\u1ecdc t\u1ed1t nh\u1ea5t mang l\u1ea1i gi\u00e1 tr\u1ecb trong chu\u1ed7i cung \u1ee9ng s\u1ea3n xu\u1ea5t.[\/vc_column_text][vc_single_image image=&#8221;1169&#8243; img_size=&#8221;full&#8221;][\/vc_column][\/vc_row][vc_row row_type=&#8221;row_full_center_content&#8221; class=&#8221;max_width&#8221; el_class=&#8221;about-tab-box&#8221; css=&#8221;.vc_custom_1634381787120{margin-bottom: 58px !important;}&#8221;][vc_column][ind_custom_heading heading=&#8221;T\u00c0I NGUY\u00caN CON NG\u01af\u1edcI&#8221; colored_line=&#8221;yes&#8221;][vc_column_text el_class=&#8221;single-tab-content&#8221;]<\/p>\n<p class=\"p1\">C\u00f4ng ty Ho\u0301a ch\u00e2\u0301t Vina ch\u00fang t\u00f4i t\u1ef1 h\u00e0o c\u00f3 m\u1ed9t \u0111\u1ed9i ng\u0169 nh\u00e2n vi\u00ean nghi\u00ean c\u1ee9u v\u00e0 \u0111\u1ed9i ng\u0169 chuy\u00ean vi\u00ean kinh doanh t\u01b0 v\u1ea5n t\u1eadn t\u00ecnh v\u1edbi nhi\u1ec1u n\u0103m kinh nghi\u1ec7m trong l\u0129nh v\u1ef1c h\u00f3a ch\u1ea5t. Ch\u00fang t\u00f4i c\u0169ng cung c\u1ea5p t\u00e0i li\u1ec7u k\u1ef9 thu\u1eadt c\u0169ng nh\u01b0 h\u1ed7 tr\u1ee3 chuy\u00ean m\u00f4n cho qu\u00fd kh\u00e1ch. \u0110\u1ed9i ng\u0169 nh\u00e2n vi\u00ean c\u1ee7a ch\u00fang t\u00f4i lu\u00f4n s\u1eb5n s\u00e0ng ph\u1ee5c v\u1ee5 v\u1edbi mong mu\u1ed1n mang l\u1ea1i gi\u1ea3i ph\u00e1p to\u00e0n di\u1ec7n v\u00e0<br \/>\nt\u1ed1i \u01b0u nh\u1ea5t cho kh\u00e1ch h\u00e0ng.[\/vc_column_text][vc_single_image image=&#8221;1172&#8243; img_size=&#8221;full&#8221;][\/vc_column][\/vc_row][vc_row row_type=&#8221;row_full_center_content&#8221; css=&#8221;.vc_custom_1634217886901{padding-top: 80px !important;padding-bottom: 0px !important;}&#8221;][vc_column][ind_custom_heading heading=&#8221; KH\u00c1CH H\u00c0NG C\u1ee6A CH\u00daNG T\u00d4I&#8221; colored_line=&#8221;yes&#8221;][ind_client_listing layout=&#8221;carousel&#8221; carousel_autoplay=&#8221;yes&#8221; column=&#8221;6&#8243;][\/vc_column][\/vc_row]<\/p>\n<\/div>","protected":false},"excerpt":{"rendered":"<p>[vc_row row_type=&#8221;row_full_center_content&#8221; class=&#8221;max_width&#8221; el_class=&#8221;about-tab-box&#8221; css=&#8221;.vc_custom_1634381787120{margin-bottom: 58px !important;}&#8221;][vc_column][ind_custom_heading heading=&#8221;NH\u00c0 CUNG C\u1ea4P GI\u1ea2I PH\u00c1P T\u1ed4NG TH\u1ec2&#8221; colored_line=&#8221;yes&#8221;][vc_column_text el_class=&#8221;single-tab-content&#8221;] Ho\u0301a ch\u00e2\u0301t Vina \u0111\u01b0a ra &#8230;<\/p>\n","protected":false},"author":1,"featured_media":0,"parent":0,"menu_order":0,"comment_status":"closed","ping_status":"closed","template":"","meta":{"footnotes":""},"class_list":["post-168","page","type-page","status-publish","hentry"],"_links":{"self":[{"href":"https:\/\/vinachemistry.com\/vi\/wp-json\/wp\/v2\/pages\/168","targetHints":{"allow":["GET"]}}],"collection":[{"href":"https:\/\/vinachemistry.com\/vi\/wp-json\/wp\/v2\/pages"}],"about":[{"href":"https:\/\/vinachemistry.com\/vi\/wp-json\/wp\/v2\/types\/page"}],"author":[{"embeddable":true,"href":"https:\/\/vinachemistry.com\/vi\/wp-json\/wp\/v2\/users\/1"}],"replies":[{"embeddable":true,"href":"https:\/\/vinachemistry.com\/vi\/wp-json\/wp\/v2\/comments?post=168"}],"version-history":[{"count":9,"href":"https:\/\/vinachemistry.com\/vi\/wp-json\/wp\/v2\/pages\/168\/revisions"}],"predecessor-version":[{"id":1929,"href":"https:\/\/vinachemistry.com\/vi\/wp-json\/wp\/v2\/pages\/168\/revisions\/1929"}],"wp:attachment":[{"href":"https:\/\/vinachemistry.com\/vi\/wp-json\/wp\/v2\/media?parent=168"}],"curies":[{"name":"wp","href":"https:\/\/api.w.org\/{rel}","templated":true}]}}