{"id":117,"date":"2017-02-01T10:34:22","date_gmt":"2017-02-01T10:34:22","guid":{"rendered":"https:\/\/industrial.themechampion.com\/?page_id=117"},"modified":"2025-04-08T09:07:23","modified_gmt":"2025-04-08T09:07:23","slug":"home","status":"publish","type":"page","link":"https:\/\/vinachemistry.com\/vi\/","title":{"rendered":"Home"},"content":{"rendered":"<div class=\"wpb-content-wrapper\"><p>[vc_row full_width=&#8221;stretch_row_content_no_spaces&#8221;][vc_column][vc_column_text]\n\t\t\t<!-- START home1 REVOLUTION SLIDER 6.6.20 --><p class=\"rs-p-wp-fix\"><\/p>\n\t\t\t<rs-module-wrap id=\"rev_slider_1_1_wrapper\" data-source=\"gallery\" style=\"visibility:hidden;background:transparent;padding:0;margin:0px auto;margin-top:0;margin-bottom:0;\">\n\t\t\t\t<rs-module id=\"rev_slider_1_1\" style=\"\" data-version=\"6.6.20\">\n\t\t\t\t\t<rs-slides style=\"overflow: hidden; position: absolute;\">\n\t\t\t\t\t\t<rs-slide style=\"position: absolute;\" data-key=\"rs-21\" data-title=\"Slide\" data-in=\"o:0;\" data-out=\"a:false;\">\n\t\t\t\t\t\t\t<img decoding=\"async\" src=\"\/\/vinachemistry.com\/wp-content\/plugins\/revslider\/public\/assets\/assets\/dummy.png\" alt=\"\" title=\"hoa chat nam bac tien00008\" width=\"1276\" height=\"956\" class=\"rev-slidebg tp-rs-img rs-lazyload\" data-lazyload=\"\/\/vinachemistry.com\/wp-content\/uploads\/2024\/03\/hoa-chat-nam-bac-tien00008.jpg\" data-no-retina>\n<!---->\t\t\t\t\t\t<\/rs-slide>\n\t\t\t\t\t\t<rs-slide style=\"position: absolute;\" data-key=\"rs-23\" data-title=\"Slide\" data-in=\"o:0;\" data-out=\"a:false;\">\n\t\t\t\t\t\t\t<img decoding=\"async\" src=\"\/\/vinachemistry.com\/wp-content\/plugins\/revslider\/public\/assets\/assets\/dummy.png\" alt=\"Slide\" title=\"Home\" class=\"rev-slidebg tp-rs-img rs-lazyload\" data-lazyload=\"\/\/vinachemistry.com\/wp-content\/plugins\/revslider\/public\/assets\/assets\/transparent.png\" data-no-retina>\n<!--\n\t\t\t\t\t\t\t--><rs-layer\n\t\t\t\t\t\t\t\tid=\"slider-1-slide-23-layer-0\" \n\t\t\t\t\t\t\t\tdata-type=\"image\"\n\t\t\t\t\t\t\t\tdata-rsp_ch=\"on\"\n\t\t\t\t\t\t\t\tdata-xy=\"xo:-99px,-81px,-61px,-37px;yo:-426px,-351px,-266px,-164px;\"\n\t\t\t\t\t\t\t\tdata-text=\"w:normal;s:20,16,12,7;l:0,20,15,9;\"\n\t\t\t\t\t\t\t\tdata-dim=\"w:1600px,1321px,1003px,618px;h:1186px,979px,743px,458px;\"\n\t\t\t\t\t\t\t\tdata-frame_999=\"o:0;st:w;\"\n\t\t\t\t\t\t\t\tstyle=\"z-index:5;\"\n\t\t\t\t\t\t\t><img decoding=\"async\" src=\"\/\/vinachemistry.com\/wp-content\/plugins\/revslider\/public\/assets\/assets\/dummy.png\" alt=\"\" class=\"tp-rs-img rs-lazyload\" width=\"1600\" height=\"1186\" data-lazyload=\"\/\/vinachemistry.com\/wp-content\/uploads\/2025\/03\/a-KIM-done.jpg\" data-no-retina> \n\t\t\t\t\t\t\t<\/rs-layer><!--\n-->\t\t\t\t\t\t<\/rs-slide>\n\t\t\t\t\t\t<rs-slide style=\"position: absolute;\" data-key=\"rs-22\" data-title=\"Slide\" data-in=\"o:0;\" data-out=\"a:false;\">\n\t\t\t\t\t\t\t<img decoding=\"async\" src=\"\/\/vinachemistry.com\/wp-content\/plugins\/revslider\/public\/assets\/assets\/dummy.png\" alt=\"\" title=\"2151049514\" width=\"1500\" height=\"1000\" class=\"rev-slidebg tp-rs-img rs-lazyload\" data-lazyload=\"\/\/vinachemistry.com\/wp-content\/uploads\/2024\/02\/2151049514.jpg\" data-no-retina>\n<!---->\t\t\t\t\t\t<\/rs-slide>\n\t\t\t\t\t<\/rs-slides>\n\t\t\t\t<\/rs-module>\n\t\t\t\t<script>\n\t\t\t\t\tsetREVStartSize({c: 'rev_slider_1_1',rl:[1240,1024,778,480],el:[642,641.989,500,400],gw:[1240,1024,778,480],gh:[642,642,500,400],type:'standard',justify:'',layout:'fullwidth',mh:\"0\"});if (window.RS_MODULES!==undefined && window.RS_MODULES.modules!==undefined && window.RS_MODULES.modules[\"revslider11\"]!==undefined) {window.RS_MODULES.modules[\"revslider11\"].once = false;window.revapi1 = undefined;if (window.RS_MODULES.checkMinimal!==undefined) window.RS_MODULES.checkMinimal()}\n\t\t\t\t<\/script>\n\t\t\t<\/rs-module-wrap>\n\t\t\t<!-- END REVOLUTION SLIDER -->\n[\/vc_column_text][\/vc_column][\/vc_row][vc_row full_width=&#8221;stretch_row&#8221; el_class=&#8221;diff-offer-wrapper pad-bot-offer&#8221; css=&#8221;.vc_custom_1629088961697{margin-top: 0px !important;margin-bottom: 0px !important;padding-top: 80px !important;padding-bottom: 0px !important;}&#8221;][vc_column width=&#8221;1\/6&#8243;][\/vc_column][vc_column width=&#8221;2\/3&#8243;][vc_custom_heading text=&#8221; CH\u00daNG T\u00d4I CUNG C\u1ea4P \u0110A D\u1ea0NG C\u00c1C S\u1ea2N PH\u1ea8M&#8221; font_container=&#8221;tag:h3|font_size:30|text_align:center|color:%23242424|line_height:1.2&#8243; use_theme_fonts=&#8221;yes&#8221; el_class=&#8221;hm_main_title&#8221; css=&#8221;.vc_custom_1744103244284{margin-top: 15px !important;margin-bottom: 15px !important;padding-top: 0px !important;padding-bottom: 0px !important;}&#8221;][\/vc_column][vc_column width=&#8221;1\/6&#8243;][\/vc_column][\/vc_row][vc_row full_width=&#8221;stretch_row&#8221; el_class=&#8221;diff-offer-wrapper srvice_grid_responsive&#8221; css=&#8221;.vc_custom_1708399221380{margin-bottom: 250px !important;padding-bottom: 0px !important;}&#8221;][vc_column][ind_our_services number=&#8221;6&#8243; column=&#8221;3&#8243; readmore_text=&#8221;T\u00ecm hi\u1ec3u th\u00eam&#8221;][\/vc_column][\/vc_row][vc_row full_width=&#8221;stretch_row_content_no_spaces&#8221;][vc_column][vc_row_inner][vc_column_inner el_class=&#8221;respon-home-slide&#8221; width=&#8221;4\/12&#8243;][vc_single_image image=&#8221;1418&#8243; img_size=&#8221;full&#8221; el_class=&#8221;height-img-home&#8221;][\/vc_column_inner][vc_column_inner el_class=&#8221;dots-test service-promo&#8221; width=&#8221;8\/12&#8243; css=&#8221;.vc_custom_1628929584462{background-image: url(https:\/\/vinachemistry.com\/wp-content\/uploads\/2017\/02\/ser-bg1.jpg?id=273) !important;}&#8221;][vc_custom_heading text=&#8221;H\u1ec6 TH\u1ed0NG S\u1ea2N XU\u1ea4T&#8221; font_container=&#8221;tag:h3|font_size:30|text_align:center|color:%23ffffff|line_height:1.2&#8243; use_theme_fonts=&#8221;yes&#8221; el_class=&#8221;hm_main_title&#8221; css=&#8221;.vc_custom_1708397580765{margin-top: 30px !important;margin-bottom: 0px !important;padding-top: 0px !important;padding-bottom: 0px !important;}&#8221;][vc_column_text css=&#8221;.vc_custom_1708409800965{margin-top: 30px !important;}&#8221;]<\/p>\n<p style=\"color: white; font-size: 18px;\">Quy tr\u00ecnh, thi\u1ebft k\u1ebf thi\u1ebft b\u1ecb v\u00e0 l\u1ef1a ch\u1ecdn v\u1eadt li\u1ec7u s\u1ea3n xu\u1ea5t nh\u1eb1m \u0111\u1ea1t \u0111\u01b0\u1ee3c ti\u00eau chu\u1ea9n c\u00f4ng nghi\u1ec7p v\u00e0 duy tr\u00ec s\u1ea3n ph\u1ea9m ch\u1ea5t l\u01b0\u1ee3ng cao s\u1ed1 l\u01b0\u1ee3ng l\u1edbn m\u1ed9t c\u00e1ch nh\u1ea5t qu\u00e1n, kh\u00f4ng th\u1ec3 ch\u1ec9 d\u1ef1a v\u00e0o h\u00f3a ch\u1ea5t ho\u1eb7c th\u00e0nh ph\u1ea7n \u0111\u01a1n l\u1ebb m\u00e0 ph\u1ea3i \u0111\u1ebfn t\u1eeb s\u1ef1 t\u00edch h\u1ee3p c\u1ee7a c\u00e1c y\u1ebfu t\u1ed1 sau:<\/p>\n<p>&nbsp;<\/p>\n<ul style=\"color: white; font-size: 16px;\">\n<li>Thi\u1ebft k\u1ebf thi\u1ebft b\u1ecb v\u00e0 l\u1ef1a ch\u1ecdn v\u1eadt li\u1ec7u c\u1ee7a h\u1ec7 th\u1ed1ng m\u1ea1<\/li>\n<li>Ch\u1ea5t l\u01b0\u1ee3ng thi\u1ebft b\u1ecb v\u00e0 ph\u1ee5 ki\u1ec7n xi m\u1ea1<\/li>\n<li style=\"color: white;\">\u0110\u1ed9 tin c\u1eady c\u1ee7a h\u1ec7 th\u1ed1ng t\u1ef1 \u0111\u1ed9ng h\u00f3a v\u00e0 \u0111i\u1ec1u khi\u1ec3n<\/li>\n<li>Thi\u1ebft k\u1ebf v\u00e0 ph\u00e2n t\u00edch b\u1ed1 c\u1ee5c \u0111\u01b0\u1eddng d\u00e2y<\/li>\n<li>\u0110\u1ed3 g\u00e1 ho\u1eb7c thi\u1ebft k\u1ebf d\u1ee5ng c\u1ee5<\/li>\n<li>Ki\u1ec3m so\u00e1t v\u00e0 ph\u00e2n t\u00edch qu\u00e1 tr\u00ecnh<\/li>\n<li>H\u1ec7 th\u1ed1ng ki\u1ec3m so\u00e1t \u00f4 nhi\u1ec5m<\/li>\n<\/ul>\n<p>[\/vc_column_text][\/vc_column_inner][\/vc_row_inner][\/vc_column][\/vc_row][vc_row full_width=&#8221;stretch_row&#8221; el_class=&#8221;ind-common-pad2 features_responsive&#8221; css=&#8221;.vc_custom_1708399313241{margin-top: 0px !important;}&#8221;][vc_column css=&#8221;.vc_custom_1630557628299{border-top-width: 1px !important;border-top-color: #eeeeee !important;border-top-style: solid !important;}&#8221;][vc_custom_heading text=&#8221;D\u1ecaCH V\u1ee4 GI\u1ea2I PH\u00c1P T\u1ed4NG TH\u1ec2&#8221; font_container=&#8221;tag:h3|font_size:30|text_align:center|color:%23242424|line_height:1.2&#8243; use_theme_fonts=&#8221;yes&#8221; el_class=&#8221;hm_main_title&#8221; css=&#8221;.vc_custom_1708251720322{margin-top: 15px !important;margin-bottom: 0px !important;padding-top: 0px !important;padding-bottom: 0px !important;}&#8221;][vc_column_text css=&#8221;.vc_custom_1708399499157{margin-bottom: -15px !important;}&#8221;]<\/p>\n<div class=\"quality-wrapper text-center\">\n<div class=\"vision tab-panel fade in\">\n<p class=\"sec-vis-pad\">Ti\u1ebfp c\u1eadn c\u00f3 h\u1ec7 th\u1ed1ng \u0111\u1ec3 t\u00edch h\u1ee3p thi\u1ebft k\u1ebf, l\u1eafp \u0111\u1eb7t, t\u1ed1i \u01b0u h\u00f3a v\u00e0 b\u1ea3o tr\u00ec c\u00e1c quy tr\u00ecnh ho\u00e0n thi\u1ec7n b\u1ec1 m\u1eb7t nh\u1eb1m \u0111\u1ea3m b\u1ea3o ch\u1ea5t l\u01b0\u1ee3ng v\u00e0 n\u0103ng su\u1ea5t cao nh\u1ea5t v\u1edbi chi ph\u00ed s\u1edf h\u1eefu v\u00e0 th\u1eddi gian th\u1ea5p nh\u1ea5t.<\/p>\n<\/div>\n<\/div>\n<p>[\/vc_column_text][vc_column_text css=&#8221;.vc_custom_1708399482759{margin-bottom: 15px !important;}&#8221;]<\/p>\n<p style=\"text-align: center;\"><img loading=\"lazy\" decoding=\"async\" class=\"alignnone size-medium wp-image-1154\" src=\"https:\/\/vinachemistry.com\/wp-content\/uploads\/2024\/02\/giai-phap-tong-the-2-e1708251105864-300x163.png\" alt=\"\" width=\"300\" height=\"163\" srcset=\"https:\/\/vinachemistry.com\/wp-content\/uploads\/2024\/02\/giai-phap-tong-the-2-e1708251105864-300x163.png 300w, https:\/\/vinachemistry.com\/wp-content\/uploads\/2024\/02\/giai-phap-tong-the-2-e1708251105864-768x417.png 768w, https:\/\/vinachemistry.com\/wp-content\/uploads\/2024\/02\/giai-phap-tong-the-2-e1708251105864-600x326.png 600w, https:\/\/vinachemistry.com\/wp-content\/uploads\/2024\/02\/giai-phap-tong-the-2-e1708251105864.png 864w\" sizes=\"auto, (max-width: 300px) 100vw, 300px\" \/><img loading=\"lazy\" decoding=\"async\" class=\"alignnone size-medium wp-image-1153\" src=\"https:\/\/vinachemistry.com\/wp-content\/uploads\/2024\/02\/giai-phap-tong-the-1-300x167.png\" alt=\"\" width=\"300\" height=\"167\" srcset=\"https:\/\/vinachemistry.com\/wp-content\/uploads\/2024\/02\/giai-phap-tong-the-1-300x167.png 300w, https:\/\/vinachemistry.com\/wp-content\/uploads\/2024\/02\/giai-phap-tong-the-1-360x202.png 360w, https:\/\/vinachemistry.com\/wp-content\/uploads\/2024\/02\/giai-phap-tong-the-1-600x334.png 600w, https:\/\/vinachemistry.com\/wp-content\/uploads\/2024\/02\/giai-phap-tong-the-1.png 602w\" sizes=\"auto, (max-width: 300px) 100vw, 300px\" \/><\/p>\n<p>[\/vc_column_text][vc_row_inner][vc_column_inner width=&#8221;1\/6&#8243;][\/vc_column_inner][vc_column_inner width=&#8221;2\/6&#8243;][vc_custom_heading text=&#8221;D\u1ecbch v\u1ee5 ban \u0111\u1ea7u&#8221; font_container=&#8221;tag:h3|font_size:26|text_align:center|color:%23242424|line_height:1.2&#8243; use_theme_fonts=&#8221;yes&#8221; el_class=&#8221;hm_main_title&#8221; css=&#8221;.vc_custom_1708251813548{margin-top: 15px !important;margin-bottom: 15px !important;padding-top: 0px !important;padding-bottom: 0px !important;}&#8221;][vc_column_text]<\/p>\n<ul>\n<li class=\"p1\">Ph\u00e2n t\u00edch y\u00eau c\u1ea7u v\u00e0 \u0111\u1eb7c \u0111i\u1ec3m k\u1ef9 thu\u1eadt<\/li>\n<li class=\"p1\">Thi\u1ebft k\u1ebf quy tr\u00ecnh v\u00e0 \u0111\u00e1nh gi\u00e1 quy tr\u00ecnh t\u1ea1i \u0111\u1ecba \u0111i\u1ec3m Alpha (M\u1ea1 m\u1eabu)<\/li>\n<li class=\"p1\">B\u00e1o c\u00e1o k\u1ebf ho\u1ea1ch c\u1ea3i ti\u1ebfn v\u00e0 ki\u1ec3m tra d\u00e2y chuy\u1ec1n s\u1ea3n xu\u1ea5t<\/li>\n<li class=\"p1\">Cung c\u1ea5p t\u01b0 v\u1ea5n v\u1ec1 Thi\u1ebft k\u1ebf &amp; Thi\u1ebft b\u1ecb D\u00e2y chuy\u1ec1n S\u1ea3n xu\u1ea5t<\/li>\n<li class=\"p1\">Thi\u1ebft l\u1eadp ph\u00f2ng th\u00ed nghi\u1ec7m v\u00e0 ph\u00e2n t\u00edch gi\u1ea3i ph\u00e1p.<\/li>\n<\/ul>\n<p>[\/vc_column_text][\/vc_column_inner][vc_column_inner width=&#8221;2\/6&#8243;][vc_custom_heading text=&#8221;D\u1ecbch v\u1ee5 sau b\u00e1n h\u00e0ng&#8221; font_container=&#8221;tag:h3|font_size:26|text_align:center|color:%23242424|line_height:1.2&#8243; use_theme_fonts=&#8221;yes&#8221; el_class=&#8221;hm_main_title&#8221; css=&#8221;.vc_custom_1708251839470{margin-top: 15px !important;margin-bottom: 15px !important;padding-top: 0px !important;padding-bottom: 0px !important;}&#8221;][vc_column_text]<\/p>\n<ul>\n<li class=\"p1\">Ph\u00e2n t\u00edch v\u00e0 ki\u1ec3m so\u00e1t h\u00f3a h\u1ecdc \u0111\u1ec3 duy tr\u00ec hi\u1ec7u su\u1ea5t t\u1ed1i \u01b0u<\/li>\n<li class=\"p1\">H\u1ed7 tr\u1ee3 kh\u1eafc ph\u1ee5c s\u1ef1 c\u1ed1 &amp; Ph\u00e2n t\u00edch nguy\u00ean nh\u00e2n g\u1ed1c r\u1ec5<\/li>\n<li class=\"p1\">Ch\u01b0\u01a1ng tr\u00ecnh b\u1ea3o tr\u00ec ph\u00f2ng ng\u1eeba v\u00e0 ki\u1ec3m tra \u0111\u1ecbnh k\u1ef3<\/li>\n<li class=\"p1\">Ra m\u1eaft c\u00f4ng ngh\u1ec7 m\u1edbi v\u00e0 c\u1ea3i ti\u1ebfn quy tr\u00ecnh<\/li>\n<li class=\"p1\">\u0110\u00e0o t\u1ea1o h\u01b0\u1edbng d\u1eabn c\u00f4ng ngh\u1ec7<\/li>\n<\/ul>\n<p>[\/vc_column_text][\/vc_column_inner][vc_column_inner width=&#8221;1\/6&#8243;][\/vc_column_inner][\/vc_row_inner][\/vc_column][\/vc_row][vc_section css=&#8221;.vc_custom_1708399422928{margin-top: 0px !important;padding-top: 0px !important;padding-bottom: 0px !important;}&#8221;][vc_row full_width=&#8221;stretch_row&#8221; el_class=&#8221;latest-news1&#8243; css=&#8221;.vc_custom_1708399542817{padding-top: 30px !important;padding-bottom: 60px !important;}&#8221;][vc_column width=&#8221;1\/2&#8243; el_class=&#8221;home-res-about&#8221;][vc_custom_heading text=&#8221;V\u1ec0 CH\u00daNG T\u00d4I&#8221; font_container=&#8221;tag:h3|font_size:30|text_align:left|color:%23242424|line_height:1.2&#8243; use_theme_fonts=&#8221;yes&#8221; el_class=&#8221;hm_main_title&#8221; css=&#8221;.vc_custom_1708399527114{margin-bottom: 30px !important;padding-top: 0px !important;padding-bottom: 0px !important;}&#8221;][vc_column_text]Ho\u0301a ch\u00e2\u0301t Vina \u0111\u01b0a ra c\u00e1c gi\u1ea3i ph\u00e1p h\u00f3a h\u1ecdc d\u1ef1a tr\u00ean th\u00f4ng s\u1ed1 k\u1ef9 thu\u1eadt c\u1ee7a kh\u00e1ch h\u00e0ng c\u0169ng nh\u01b0 s\u1ea3n xu\u1ea5t c\u00e1c h\u1ed7n h\u1ee3p ti\u00eau chu\u1ea9n. Ho\u0301a ch\u00e2\u0301t Vina c\u00f3 kinh nghi\u1ec7m trong ng\u00e0nh h\u00f3a ch\u1ea5t v\u00e0 c\u00f3 chuy\u00ean m\u00f4n cao \u0111\u1ec3 \u0111\u00e1p \u1ee9ng c\u00e1c y\u00eau c\u1ea7u v\u1ec1 h\u00f3a ch\u1ea5t c\u1ee7a kh\u00e1ch h\u00e0ng. Ho\u0301a ch\u00e2\u0301t Vina chuy\u00ean cung c\u1ea5p c\u00e1c h\u00f3a ch\u1ea5t \u0111\u1ed9c \u0111\u00e1o, t\u1ed1t, ti\u00ean ti\u1ebfn v\u00e0 chuy\u00ean d\u1ee5ng cho ng\u00e0nh xi m\u1ea1 v\u00e0 x\u1eed l\u00fd b\u1ec1 m\u1eb7t v\u00e0 c\u00e1c ng\u00e0nh li\u00ean quan t\u1eeb c\u00e1c nh\u00e0 s\u1ea3n xu\u1ea5t h\u00f3a ch\u1ea5t uy t\u00edn. C\u00e1c d\u1ecbch v\u1ee5 \u0111\u1ed9c \u0111\u00e1o c\u1ee7a ch\u00fang t\u00f4i bao g\u1ed3m t\u01b0 v\u1ea5n k\u1ef9 thu\u1eadt v\u00e0 th\u1ecb tr\u01b0\u1eddng cho c\u00e1c nh\u00e0 cung c\u1ea5p h\u00f3a ch\u1ea5t c\u0169ng nh\u01b0 kh\u00e1ch h\u00e0ng c\u1ee7a ch\u00fang t\u00f4i.<br \/>\nCh\u00fang t\u00f4i t\u1ef1 h\u00e0o v\u1ec1 vi\u1ec7c cung c\u1ea5p c\u00e1c gi\u1ea3i ph\u00e1p h\u00f3a h\u1ecdc t\u1ed1t nh\u1ea5t mang l\u1ea1i gi\u00e1 tr\u1ecb trong chu\u1ed7i cung \u1ee9ng s\u1ea3n xu\u1ea5t.[\/vc_column_text][\/vc_column][vc_column width=&#8221;1\/2&#8243; css=&#8221;.vc_custom_1630993054684{margin-bottom: 0px !important;}&#8221;][vc_single_image image=&#8221;1417&#8243; img_size=&#8221;full&#8221;][\/vc_column][\/vc_row][\/vc_section][vc_row css=&#8221;.vc_custom_1708398880935{margin-top: 60px !important;margin-bottom: 30px !important;}&#8221;][vc_column width=&#8221;1\/2&#8243;][vc_single_image image=&#8221;1209&#8243; img_size=&#8221;full&#8221;][\/vc_column][vc_column width=&#8221;1\/2&#8243;][vc_column_text el_class=&#8221;orange_sub_title&#8221; css=&#8221;.vc_custom_1708398314391{margin-top: 0px !important;margin-bottom: 0px !important;padding-top: 0px !important;padding-bottom: 0px !important;}&#8221;]<\/p>\n<div class=\"sub_left_line\"><\/div>\n<div class=\"sub_center_text\">Tr\u00e1ch nhi\u1ec7m c\u1ee7a ch\u00fang t\u00f4i<\/div>\n<div class=\"sub_right_line\"><\/div>\n<p>[\/vc_column_text][vc_custom_heading text=&#8221;B\u1ea2O V\u1ec6 M\u00d4I TR\u01af\u1edcNG&#8221; font_container=&#8221;tag:h3|font_size:30|text_align:center|color:%23000000|line_height:1.2&#8243; use_theme_fonts=&#8221;yes&#8221; el_class=&#8221;hm_main_title&#8221; css=&#8221;.vc_custom_1708398968473{margin-top: 15px !important;margin-bottom: 20px !important;padding-top: 0px !important;padding-bottom: 0px !important;}&#8221;][vc_column_text css=&#8221;.vc_custom_1724872629282{margin-right: 25px !important;margin-left: 25px !important;}&#8221;]Ho\u0301a ch\u00e2\u0301t Vina \u0111\u01b0a ra c\u00e1c gi\u1ea3i ph\u00e1p h\u00f3a h\u1ecdc d\u1ef1a tr\u00ean th\u00f4ng s\u1ed1 k\u1ef9 thu\u1eadt c\u1ee7a kh\u00e1ch h\u00e0ng c\u0169ng nh\u01b0 s\u1ea3n xu\u1ea5t c\u00e1c h\u1ed7n h\u1ee3p ti\u00eau chu\u1ea9n. Ho\u0301a ch\u00e2\u0301t Vina c\u00f3 kinh nghi\u1ec7m trong ng\u00e0nh h\u00f3a ch\u1ea5t v\u00e0 c\u00f3 chuy\u00ean m\u00f4n cao \u0111\u1ec3 \u0111\u00e1p \u1ee9ng c\u00e1c y\u00eau c\u1ea7u v\u1ec1 h\u00f3a ch\u1ea5t c\u1ee7a kh\u00e1ch h\u00e0ng. Ho\u0301a ch\u00e2\u0301t Vina chuy\u00ean cung c\u1ea5p c\u00e1c h\u00f3a ch\u1ea5t \u0111\u1ed9c \u0111\u00e1o, t\u1ed1t, ti\u00ean ti\u1ebfn v\u00e0 chuy\u00ean d\u1ee5ng cho ng\u00e0nh xi m\u1ea1 v\u00e0 x\u1eed l\u00fd b\u1ec1 m\u1eb7t v\u00e0 c\u00e1c ng\u00e0nh li\u00ean quan t\u1eeb c\u00e1c nh\u00e0 s\u1ea3n xu\u1ea5t h\u00f3a ch\u1ea5t uy t\u00edn. C\u00e1c d\u1ecbch v\u1ee5 \u0111\u1ed9c \u0111\u00e1o c\u1ee7a ch\u00fang t\u00f4i bao g\u1ed3m t\u01b0 v\u1ea5n k\u1ef9 thu\u1eadt v\u00e0 th\u1ecb tr\u01b0\u1eddng cho c\u00e1c nh\u00e0 cung c\u1ea5p h\u00f3a ch\u1ea5t c\u0169ng nh\u01b0 kh\u00e1ch h\u00e0ng c\u1ee7a ch\u00fang t\u00f4i.<br \/>\nCh\u00fang t\u00f4i t\u1ef1 h\u00e0o v\u1ec1 vi\u1ec7c cung c\u1ea5p c\u00e1c gi\u1ea3i ph\u00e1p h\u00f3a h\u1ecdc t\u1ed1t nh\u1ea5t mang l\u1ea1i gi\u00e1 tr\u1ecb trong chu\u1ed7i cung \u1ee9ng s\u1ea3n xu\u1ea5t.[\/vc_column_text][\/vc_column][\/vc_row][vc_row full_width=&#8221;stretch_row_content_no_spaces&#8221;][vc_column][vc_column_text]<\/p>\n<section class=\"our-sol-wrapper clearfix\">\n<div class=\"container clearfix\">\n<p class=\"none\">CH\u00daNG T\u00d4I CUNG C\u1ea4P C\u00c1C GI\u1ea2I PH\u00c1P V\u1ec0 NG\u00c0NH HO\u00c1 CH\u1ea4T<\/p>\n<\/div>\n<\/section>\n<p>[\/vc_column_text][\/vc_column][\/vc_row][vc_row full_width=&#8221;stretch_row&#8221; el_class=&#8221;clearfix ind-common-pad&#8221;][vc_column][vc_row_inner][vc_column_inner el_class=&#8221;our-t-client&#8221; width=&#8221;1\/2&#8243;][vc_custom_heading text=&#8221;Kh\u00e1ch h\u00e0ng c\u1ee7a ch\u00fang t\u00f4i&#8221; font_container=&#8221;tag:h1|font_size:32|text_align:left|color:%23242424|line_height:1.2&#8243; use_theme_fonts=&#8221;yes&#8221; el_class=&#8221;hm_main_title&#8221; css=&#8221;.vc_custom_1708876422297{margin-top: 15px !important;margin-bottom: 30px !important;padding-top: 0px !important;padding-bottom: 0px !important;}&#8221;][ind_client_listing number=&#8221;6&#8243; column=&#8221;3&#8243;][\/vc_column_inner][vc_column_inner el_class=&#8221;resp-home&#8221; width=&#8221;1\/2&#8243;][vc_custom_heading text=&#8221;G\u1eedi th\u00f4ng tin&#8221; font_container=&#8221;tag:h1|font_size:32|text_align:left|color:%23242424|line_height:1.2&#8243; use_theme_fonts=&#8221;yes&#8221; el_class=&#8221;hm_main_title&#8221; css=&#8221;.vc_custom_1708876427480{margin-top: 15px !important;margin-bottom: 30px !important;padding-top: 0px !important;padding-bottom: 0px !important;}&#8221;]\n<div class=\"wpcf7 no-js\" id=\"wpcf7-f113-o1\" lang=\"vi-VN\" dir=\"ltr\">\n<div class=\"screen-reader-response\"><p role=\"status\" aria-live=\"polite\" aria-atomic=\"true\"><\/p> <ul><\/ul><\/div>\n<form action=\"\/vi\/wp-json\/wp\/v2\/pages\/117#wpcf7-f113-o1\" method=\"post\" class=\"wpcf7-form init\" aria-label=\"Contact form\" novalidate=\"novalidate\" data-status=\"init\">\n<div style=\"display: none;\">\n<input type=\"hidden\" name=\"_wpcf7\" value=\"113\" \/>\n<input type=\"hidden\" name=\"_wpcf7_version\" value=\"5.9.3\" \/>\n<input type=\"hidden\" name=\"_wpcf7_locale\" value=\"vi_VN\" \/>\n<input type=\"hidden\" name=\"_wpcf7_unit_tag\" value=\"wpcf7-f113-o1\" \/>\n<input type=\"hidden\" name=\"_wpcf7_container_post\" value=\"0\" \/>\n<input type=\"hidden\" name=\"_wpcf7_posted_data_hash\" value=\"\" \/>\n<\/div>\n<div class=\"get-t-touch\">\n\t<div class=\"get-t-touch-inner input_form service-request-form\">\n\t\t<div class=\"service_request\">\n\t\t\t<div class=\"col-lg-12 col-md-12 col-sm-12 col-xs-12\">\n\t\t\t\t<p><span class=\"wpcf7-form-control-wrap\" data-name=\"your-name\"><input size=\"40\" class=\"wpcf7-form-control wpcf7-text wpcf7-validates-as-required form-control\" aria-required=\"true\" aria-invalid=\"false\" placeholder=\"T\u00ean:\" value=\"\" type=\"text\" name=\"your-name\" \/><\/span>\n\t\t\t\t<\/p>\n\t\t\t<\/div>\n\t\t\t<div class=\"col-lg-12 col-md-12 col-sm-12 col-xs-12\">\n\t\t\t\t<p><span class=\"wpcf7-form-control-wrap\" data-name=\"your-email\"><input size=\"40\" class=\"wpcf7-form-control wpcf7-email wpcf7-validates-as-required wpcf7-text wpcf7-validates-as-email form-control\" aria-required=\"true\" aria-invalid=\"false\" placeholder=\"Email:\" value=\"\" type=\"email\" name=\"your-email\" \/><\/span>\n\t\t\t\t<\/p>\n\t\t\t<\/div>\n\t\t\t<div class=\"col-lg-12 col-md-12 col-sm-12 col-xs-12\">\n\t\t\t\t<p><span class=\"wpcf7-form-control-wrap\" data-name=\"your-phone\"><input size=\"40\" class=\"wpcf7-form-control wpcf7-text form-control\" aria-invalid=\"false\" placeholder=\"S\u1ed1 \u0111i\u1ec7n tho\u1ea1i:\" value=\"\" type=\"text\" name=\"your-phone\" \/><\/span>\n\t\t\t\t<\/p>\n\t\t\t<\/div>\n\t\t\t<div class=\"col-lg-12 col-md-12 col-sm-12 col-xs-12 submit-n-now\">\n\t\t\t\t<p><input class=\"wpcf7-form-control wpcf7-submit has-spinner submit\" type=\"submit\" value=\"G\u1eedi\" \/>\n\t\t\t\t<\/p>\n\t\t\t<\/div>\n\t\t<\/div>\n\t<\/div>\n<\/div><p style=\"display: none !important;\" class=\"akismet-fields-container\" data-prefix=\"_wpcf7_ak_\"><label>&#916;<textarea name=\"_wpcf7_ak_hp_textarea\" cols=\"45\" rows=\"8\" maxlength=\"100\"><\/textarea><\/label><input type=\"hidden\" id=\"ak_js_1\" name=\"_wpcf7_ak_js\" value=\"58\"\/><script>document.getElementById( \"ak_js_1\" ).setAttribute( \"value\", ( new Date() ).getTime() );<\/script><\/p><div class=\"wpcf7-response-output\" aria-hidden=\"true\"><\/div>\n<\/form>\n<\/div>\n[\/vc_column_inner][\/vc_row_inner][\/vc_column][\/vc_row]<\/p>\n<\/div>","protected":false},"excerpt":{"rendered":"<p>[vc_row full_width=&#8221;stretch_row_content_no_spaces&#8221;][vc_column][vc_column_text][\/vc_column_text][\/vc_column][\/vc_row][vc_row full_width=&#8221;stretch_row&#8221; el_class=&#8221;diff-offer-wrapper pad-bot-offer&#8221; css=&#8221;.vc_custom_1629088961697{margin-top: 0px !important;margin-bottom: 0px !important;padding-top: 80px !important;padding-bottom: 0px !important;}&#8221;][vc_column width=&#8221;1\/6&#8243;][\/vc_column][vc_column width=&#8221;2\/3&#8243;][vc_custom_heading text=&#8221; CH\u00daNG T\u00d4I CUNG C\u1ea4P &#8230;<\/p>\n","protected":false},"author":1,"featured_media":0,"parent":0,"menu_order":0,"comment_status":"closed","ping_status":"closed","template":"","meta":{"footnotes":""},"class_list":["post-117","page","type-page","status-publish","hentry"],"_links":{"self":[{"href":"https:\/\/vinachemistry.com\/vi\/wp-json\/wp\/v2\/pages\/117","targetHints":{"allow":["GET"]}}],"collection":[{"href":"https:\/\/vinachemistry.com\/vi\/wp-json\/wp\/v2\/pages"}],"about":[{"href":"https:\/\/vinachemistry.com\/vi\/wp-json\/wp\/v2\/types\/page"}],"author":[{"embeddable":true,"href":"https:\/\/vinachemistry.com\/vi\/wp-json\/wp\/v2\/users\/1"}],"replies":[{"embeddable":true,"href":"https:\/\/vinachemistry.com\/vi\/wp-json\/wp\/v2\/comments?post=117"}],"version-history":[{"count":67,"href":"https:\/\/vinachemistry.com\/vi\/wp-json\/wp\/v2\/pages\/117\/revisions"}],"predecessor-version":[{"id":1930,"href":"https:\/\/vinachemistry.com\/vi\/wp-json\/wp\/v2\/pages\/117\/revisions\/1930"}],"wp:attachment":[{"href":"https:\/\/vinachemistry.com\/vi\/wp-json\/wp\/v2\/media?parent=117"}],"curies":[{"name":"wp","href":"https:\/\/api.w.org\/{rel}","templated":true}]}}